{"id":2515,"date":"2023-08-18T16:26:33","date_gmt":"2023-08-18T23:26:33","guid":{"rendered":"https:\/\/patriotfcu2.wpengine.com\/personal\/checking-savings\/"},"modified":"2024-02-08T08:36:34","modified_gmt":"2024-02-08T13:36:34","slug":"consultando-su-ahorro","status":"publish","type":"page","link":"https:\/\/www.patriotfcu.org\/es\/personal\/consultando-su-ahorro\/","title":{"rendered":"Cuentas personales de cheques y de ahorro"},"content":{"rendered":"<div class=\"co-flex_row co-flex_row__light co-flex_row__page-hero\" >\n\t<div class=\"co-flex_row--row co-row\">\n\t\t\t<header class=\"co-page_hero light co-page_hero__no_image\" aria-label=\"Encabezado: Cuentas de cheques y ahorros personales\">\n\t\t<div class=\"co-page_hero--inner\">\n\t\t\t<div class=\"prow gap:5 items-center\">\n\t\t\t\t\t\t\t\t<div class=\"co-page_hero--text pcol-lg:5\">\n\t\t\t\t\t\t\t\t\t\t<h1 class=\"co-page_hero--title only-title\">\n\t\t\t\t\t\tCuentas de cheques y ahorros personales\t\t\t\t\t<\/h1>\n\t\t\t\t\t\t\t\t\t<\/div>\n\t\t\t<\/div>\n\t\t<\/div>\n\t<\/header>\n\n\t<\/div>\n<\/div>\n\n\n<div class=\"co-flex_row co-flex_row__white co-flex_row__page-intro\" >\n\t<div class=\"co-flex_row--row co-row\">\n\t\t\n\t<\/div>\n<\/div>\n\n\n<div class=\"co-flex_row co-flex_row__white co-flex_row__columns\" >\n\t<div class=\"co-flex_row--row co-row\">\n\t\t\t<div class=\"co-columns\">\n\t\t\t\t\t<div class=\"co-columns--row prow prow-md:2 prow-lg:5 justify-center\">\n\t\t\t\t\t\t\t\t\t<div class=\"co-columns--box co-columns--box_nomedia\">\n\t\t\t\t\t\t<h2 class=\"co-columns--box_headline\" >Cuentas de Cheques<\/h2><div class=\"co-columns--box_desc\"><p>Explore nuestra amplia gama de cuentas de cheques personales dise\u00f1adas para satisfacer sus necesidades financieras y su estilo de vida.<\/p>\n<\/div><div class=\"co-columns--box_button\"><a class=\"co-columns--button co-button\" href=\"https:\/\/www.patriotfcu.org\/es\/personal\/revisando-cuentas\/\"  >Saber m\u00e1s<\/a><\/div>\t\t\t\t\t<\/div>\n\t\t\t\t\t\t\t\t\t<div class=\"co-columns--box co-columns--box_nomedia\">\n\t\t\t\t\t\t<h2 class=\"co-columns--box_headline\" >Cuentas de Ahorro &amp; Mercado Monetario<\/h2><div class=\"co-columns--box_desc\"><p>Descubra el poder del ahorro con nuestras cuentas de ahorro y de mercado monetario, dise\u00f1adas para ayudarle a alcanzar sus objetivos financieros.<\/p>\n<\/div><div class=\"co-columns--box_button\"><a class=\"co-columns--button co-button\" href=\"https:\/\/www.patriotfcu.org\/es\/personal\/cuentas-de-ahorro-del-mercado-monetario\/\"  >M\u00e1s informaci\u00f3n<\/a><\/div>\t\t\t\t\t<\/div>\n\t\t\t\t\t\t\t\t\t<div class=\"co-columns--box co-columns--box_nomedia\">\n\t\t\t\t\t\t<h2 class=\"co-columns--box_headline\" >Cuentas Juveniles<\/h2><div class=\"co-columns--box_desc\"><p>Ense\u00f1e a sus hijos el valor del dinero con nuestras cuentas para j\u00f3venes, dise\u00f1adas para proporcionar una base financiera s\u00f3lida.<\/p>\n<\/div><div class=\"co-columns--box_button\"><a class=\"co-columns--button co-button\" href=\"https:\/\/www.patriotfcu.org\/es\/personal\/cuentas-juveniles\/\"  >\u00c9chale un vistazo<\/a><\/div>\t\t\t\t\t<\/div>\n\t\t\t\t\t\t\t\t\t<div class=\"co-columns--box co-columns--box_nomedia\">\n\t\t\t\t\t\t<h2 class=\"co-columns--box_headline\" >Certificados<\/h2><div class=\"co-columns--box_desc\"><p>Asegure su futuro con tarifas fijas competitivas y t\u00e9rminos flexibles.<\/p>\n<\/div><div class=\"co-columns--box_button\"><a class=\"co-columns--button co-button\" href=\"https:\/\/www.patriotfcu.org\/es\/personal\/cuentas-de-certificado\/\"  >M\u00e1s detalles<\/a><\/div>\t\t\t\t\t<\/div>\n\t\t\t\t\t\t\t\t\t<div class=\"co-columns--box co-columns--box_nomedia\">\n\t\t\t\t\t\t<h2 class=\"co-columns--box_headline\" >Cuentas de Jubilaci\u00f3n Individuales (IRA)<\/h2><div class=\"co-columns--box_desc\"><p>Ahorre para su jubilaci\u00f3n con confianza con nuestras cuentas de jubilaci\u00f3n individuales, dise\u00f1adas para ayudarle a disfrutar de una jubilaci\u00f3n sin preocupaciones.<\/p>\n<\/div><div class=\"co-columns--box_button\"><a class=\"co-columns--button co-button\" href=\"https:\/\/www.patriotfcu.org\/es\/personal\/cuentas-de-retiro-individuales-iras\/\"  >Aprende m\u00e1s<\/a><\/div>\t\t\t\t\t<\/div>\n\t\t\t\t\t\t\t<\/div>\n\t\t\t\t<\/div>\n\n\t<\/div>\n<\/div>\n\n\n<div class=\"co-flex_row co-flex_row__white co-flex_row__last co-flex_row__disclosures\" >\n\t<div class=\"co-flex_row--row co-row\">\n\t\t\t<div class=\"co-disclosures\">\n\t\t<h2 class=\"co-disclosures--title\">Divulgaciones<\/h2>\n\t\t<div class=\"co-disclosures--content\">\n\t\t\t\t\t\t\t<ul>\n\t\t\t\t\t\t\t\t\t\t\t<li>\n\t\t\t\t\t\t\t\t\t\t\t\t\t\t<p>Esta cooperativa de cr\u00e9dito est\u00e1 asegurada a nivel federal por la Administraci\u00f3n Nacional de Cooperativas de Cr\u00e9dito.<\/p>\n<p>&nbsp;<\/p>\n\t\t\t\t\t\t<\/li>\n\t\t\t\t\t\t\t\t\t\t\t<li>\n\t\t\t\t\t\t\t\t\t\t\t\t\t\t<p>Prestamista de vivienda equitativa<\/p>\n\t\t\t\t\t\t<\/li>\n\t\t\t\t\t\t\t\t\t<\/ul>\n\t\t\t\t\t<\/div>\n\t<\/div>\n\n\t<\/div>\n<\/div>","protected":false},"excerpt":{"rendered":"","protected":false},"author":9,"featured_media":0,"parent":2514,"menu_order":0,"comment_status":"closed","ping_status":"closed","template":"","meta":{"_acf_changed":false,"_searchwp_excluded":"","footnotes":""},"class_list":["post-2515","page","type-page","status-publish","hentry"],"acf":[],"yoast_head":"<!-- This site is optimized with the Yoast SEO plugin v27.2 - https:\/\/yoast.com\/product\/yoast-seo-wordpress\/ -->\n<title>Personal Checking &amp; Savings Accounts - Patriot Federal Credit Union<\/title>\n<meta name=\"description\" content=\"We have a wide range of checking and savings options designed to fit your financial needs and lifestyle. Click to see our accounts.\" \/>\n<meta name=\"robots\" content=\"index, follow, max-snippet:-1, max-image-preview:large, max-video-preview:-1\" \/>\n<link rel=\"canonical\" href=\"https:\/\/www.patriotfcu.org\/es\/personal\/consultando-su-ahorro\/\" \/>\n<meta property=\"og:locale\" content=\"es_ES\" \/>\n<meta property=\"og:type\" content=\"article\" \/>\n<meta property=\"og:title\" content=\"Personal Checking &amp; Savings Accounts - Patriot Federal Credit Union\" \/>\n<meta property=\"og:description\" content=\"We have a wide range of checking and savings options designed to fit your financial needs and lifestyle. Click to see our accounts.\" \/>\n<meta property=\"og:url\" content=\"https:\/\/www.patriotfcu.org\/es\/personal\/consultando-su-ahorro\/\" \/>\n<meta property=\"og:site_name\" content=\"Patriot Federal Credit Union\" \/>\n<meta property=\"article:modified_time\" content=\"2024-02-08T13:36:34+00:00\" \/>\n<meta name=\"twitter:card\" content=\"summary_large_image\" \/>\n<script type=\"application\/ld+json\" class=\"yoast-schema-graph\">{\"@context\":\"https:\/\/schema.org\",\"@graph\":[{\"@type\":\"WebPage\",\"@id\":\"https:\/\/www.patriotfcu.org\/personal\/checking-savings\/\",\"url\":\"https:\/\/www.patriotfcu.org\/personal\/checking-savings\/\",\"name\":\"Personal Checking & Savings Accounts - Patriot Federal Credit Union\",\"isPartOf\":{\"@id\":\"https:\/\/www.patriotfcu.org\/#website\"},\"datePublished\":\"2023-08-18T23:26:33+00:00\",\"dateModified\":\"2024-02-08T13:36:34+00:00\",\"description\":\"We have a wide range of checking and savings options designed to fit your financial needs and lifestyle. Click to see our accounts.\",\"breadcrumb\":{\"@id\":\"https:\/\/www.patriotfcu.org\/personal\/checking-savings\/#breadcrumb\"},\"inLanguage\":\"es-ES\",\"potentialAction\":[{\"@type\":\"ReadAction\",\"target\":[\"https:\/\/www.patriotfcu.org\/personal\/checking-savings\/\"]}]},{\"@type\":\"BreadcrumbList\",\"@id\":\"https:\/\/www.patriotfcu.org\/personal\/checking-savings\/#breadcrumb\",\"itemListElement\":[{\"@type\":\"ListItem\",\"position\":1,\"name\":\"Home\",\"item\":\"https:\/\/www.patriotfcu.org\/\"},{\"@type\":\"ListItem\",\"position\":2,\"name\":\"Personal\",\"item\":\"https:\/\/www.patriotfcu.org\/personal\/\"},{\"@type\":\"ListItem\",\"position\":3,\"name\":\"Personal Checking &#038; Savings Accounts\"}]},{\"@type\":\"WebSite\",\"@id\":\"https:\/\/www.patriotfcu.org\/#website\",\"url\":\"https:\/\/www.patriotfcu.org\/\",\"name\":\"Patriot Federal Credit Union\",\"description\":\"Financial Services That Meet Your Need\",\"potentialAction\":[{\"@type\":\"SearchAction\",\"target\":{\"@type\":\"EntryPoint\",\"urlTemplate\":\"https:\/\/www.patriotfcu.org\/?s={search_term_string}\"},\"query-input\":{\"@type\":\"PropertyValueSpecification\",\"valueRequired\":true,\"valueName\":\"search_term_string\"}}],\"inLanguage\":\"es-ES\"}]}<\/script>\n<!-- \/ Yoast SEO plugin. -->","yoast_head_json":{"title":"Cuentas personales de cheques y de ahorro - Patriot Federal Credit Union","description":"Contamos con una amplia gama de opciones de cuentas corrientes y de ahorro dise\u00f1adas para satisfacer sus necesidades financieras y su estilo de vida. Haga clic para ver nuestras cuentas.","robots":{"index":"index","follow":"follow","max-snippet":"max-snippet:-1","max-image-preview":"max-image-preview:large","max-video-preview":"max-video-preview:-1"},"canonical":"https:\/\/www.patriotfcu.org\/es\/personal\/consultando-su-ahorro\/","og_locale":"es_ES","og_type":"article","og_title":"Personal Checking & Savings Accounts - Patriot Federal Credit Union","og_description":"We have a wide range of checking and savings options designed to fit your financial needs and lifestyle. Click to see our accounts.","og_url":"https:\/\/www.patriotfcu.org\/es\/personal\/consultando-su-ahorro\/","og_site_name":"Patriot Federal Credit Union","article_modified_time":"2024-02-08T13:36:34+00:00","twitter_card":"summary_large_image","schema":{"@context":"https:\/\/schema.org","@graph":[{"@type":"WebPage","@id":"https:\/\/www.patriotfcu.org\/personal\/checking-savings\/","url":"https:\/\/www.patriotfcu.org\/personal\/checking-savings\/","name":"Cuentas personales de cheques y de ahorro - Patriot Federal Credit Union","isPartOf":{"@id":"https:\/\/www.patriotfcu.org\/#website"},"datePublished":"2023-08-18T23:26:33+00:00","dateModified":"2024-02-08T13:36:34+00:00","description":"Contamos con una amplia gama de opciones de cuentas corrientes y de ahorro dise\u00f1adas para satisfacer sus necesidades financieras y su estilo de vida. Haga clic para ver nuestras cuentas.","breadcrumb":{"@id":"https:\/\/www.patriotfcu.org\/personal\/checking-savings\/#breadcrumb"},"inLanguage":"es-ES","potentialAction":[{"@type":"ReadAction","target":["https:\/\/www.patriotfcu.org\/personal\/checking-savings\/"]}]},{"@type":"BreadcrumbList","@id":"https:\/\/www.patriotfcu.org\/personal\/checking-savings\/#breadcrumb","itemListElement":[{"@type":"ListItem","position":1,"name":"Home","item":"https:\/\/www.patriotfcu.org\/"},{"@type":"ListItem","position":2,"name":"Personal","item":"https:\/\/www.patriotfcu.org\/personal\/"},{"@type":"ListItem","position":3,"name":"Personal Checking &#038; Savings Accounts"}]},{"@type":"WebSite","@id":"https:\/\/www.patriotfcu.org\/#website","url":"https:\/\/www.patriotfcu.org\/","name":"Patriot Federal Credit Union","description":"Servicios financieros que satisfacen sus necesidades","potentialAction":[{"@type":"SearchAction","target":{"@type":"EntryPoint","urlTemplate":"https:\/\/www.patriotfcu.org\/?s={search_term_string}"},"query-input":{"@type":"PropertyValueSpecification","valueRequired":true,"valueName":"search_term_string"}}],"inLanguage":"es-ES"}]}},"_links":{"self":[{"href":"https:\/\/www.patriotfcu.org\/es\/wp-json\/wp\/v2\/pages\/2515","targetHints":{"allow":["GET"]}}],"collection":[{"href":"https:\/\/www.patriotfcu.org\/es\/wp-json\/wp\/v2\/pages"}],"about":[{"href":"https:\/\/www.patriotfcu.org\/es\/wp-json\/wp\/v2\/types\/page"}],"author":[{"embeddable":true,"href":"https:\/\/www.patriotfcu.org\/es\/wp-json\/wp\/v2\/users\/9"}],"replies":[{"embeddable":true,"href":"https:\/\/www.patriotfcu.org\/es\/wp-json\/wp\/v2\/comments?post=2515"}],"version-history":[{"count":0,"href":"https:\/\/www.patriotfcu.org\/es\/wp-json\/wp\/v2\/pages\/2515\/revisions"}],"up":[{"embeddable":true,"href":"https:\/\/www.patriotfcu.org\/es\/wp-json\/wp\/v2\/pages\/2514"}],"wp:attachment":[{"href":"https:\/\/www.patriotfcu.org\/es\/wp-json\/wp\/v2\/media?parent=2515"}],"curies":[{"name":"Gracias","href":"https:\/\/api.w.org\/{rel}","templated":true}]}}