{"id":2518,"date":"2023-08-18T16:26:33","date_gmt":"2023-08-18T23:26:33","guid":{"rendered":"https:\/\/patriotfcu2.wpengine.com\/personal\/checking-accounts\/direct-deposit\/"},"modified":"2024-10-07T14:55:29","modified_gmt":"2024-10-07T18:55:29","slug":"deposito-directo","status":"publish","type":"page","link":"https:\/\/www.patriotfcu.org\/es\/personal\/checking-accounts\/direct-deposit\/","title":{"rendered":"Reg\u00edstrese para dep\u00f3sito directo"},"content":{"rendered":"<div class=\"co-flex_row co-flex_row__light co-flex_row__page-hero\" >\n\t<div class=\"co-flex_row--row co-row\">\n\t\t\t<header class=\"co-page_hero light co-page_hero__has_image\" aria-label=\"Encabezado: Reg\u00edstrese para dep\u00f3sito directo\">\n\t\t<div class=\"co-page_hero--inner\">\n\t\t\t<div class=\"prow gap:5 items-center\">\n\t\t\t\t\t\t\t\t\t<div class=\"co-page_hero--img_wrap pcol-lg:5\">\n\t\t\t\t\t\t<div class=\"co-page_hero--wrapper\"><svg class=\"co-mask_image\" width=\"100%\" height=\"100%\" viewbox=\"0 0 800 800\" baseprofile=\"full\" version=\"1.2\"><defs><mask id=\"mask_69fc6a910a283\" maskunits=\"userSpaceOnUse\" maskcontentunits=\"userSpaceOnUse\" transform=\"scale(1)\"><image width=\"100%\" height=\"800\" xlink:href=\"https:\/\/www.patriotfcu.org\/wp-content\/themes\/patriotfcu-theme\/images\/hero_shape.svg\" alt=\"Image Mask Top Left\" \/><\/mask><\/defs><image class=\"image\" id=\"image_69fc6a910a29f\" mask=\"url(#mask_69fc6a910a283)\" width=\"100%\" height=\"800\" y=\"0\" x=\"0\" xlink:href=\"https:\/\/www.patriotfcu.org\/wp-content\/uploads\/Hero-Recovered-6.jpg\" alt=\"woman looking at tablet and laptop\" \/><\/svg><\/div>\t\t\t\t\t<\/div>\n\t\t\t\t\t\t\t\t<div class=\"co-page_hero--text pcol-lg:7\">\n\t\t\t\t\t\t\t\t\t\t<h1 class=\"co-page_hero--title\">\n\t\t\t\t\t\tReg\u00edstrese para dep\u00f3sito directo\t\t\t\t\t<\/h1>\n\t\t\t\t\t<p class=\"co-page_hero--tagline\">Env\u00ede su cheque de pago directamente a su cuenta. <\/p>\t\t\t\t\t\t<div class=\"co-page_hero--buttons\">\n\t\t\t\t\t\t\t<a class=\"co-page_hero--button\" href=\"https:\/\/www.patriotfcu.org\/wp-content\/uploads\/Direct-Deposit-Change-Notice.pdf\"  >Reg\u00edstrese para dep\u00f3sito directo<\/a><a class=\"co-page_hero--link\" href=\"https:\/\/www.patriotfcu.org\/es\/abrir-una-cuenta\/\"  >\u00bfNo eres miembro todav\u00eda? \u00a1Empiece!<\/a>\t\t\t\t\t\t<\/div>\n\t\t\t\t\t\t\t\t\t\t<\/div>\n\t\t\t<\/div>\n\t\t<\/div>\n\t<\/header>\n\n\t<\/div>\n<\/div>\n\n\n<div class=\"co-flex_row co-flex_row__white co-flex_row__page-intro\" >\n\t<div class=\"co-flex_row--row co-row\">\n\t\t\t<div class=\"co-page_intro\">\n\t\t<h2 class=\"co-page_intro--title\">La forma r\u00e1pida y sencilla de recibir pagos\n\t\t\t\t<svg class=\"heading_shape\" xmlns=\"http:\/\/www.w3.org\/2000\/svg\" width=\"238.55799865722656\" height=\"14.876999855041504\" viewbox=\"0 0 238.558 14.877\">\n\t\t\t\t\t<path id=\"Path_16614\" data-name=\"Path 16614\" d=\"M5118.863,2995.027c15.19-6.542,69.982-8.38,118.5-2.822s90.372,10.077,113.638,2.822\" transform=\"translate(-5115.578 -2986.393)\" fill=\"none\" stroke=\"#ce1126\" stroke-linecap=\"round\" stroke-width=\"5\" class=\"title-shape\"><\/path>\n\t\t\t\t<\/svg><\/h2><div class=\"co-page_intro--desc\"><p>Reg\u00edstrese para el dep\u00f3sito directo y su cheque de n\u00f3mina, cheque del Seguro Social o cheque de jubilaci\u00f3n se depositar\u00e1 de forma autom\u00e1tica y segura en su cuenta corriente o de ahorros Patriot.<\/p>\n<\/div>\t<\/div>\n\n\t<\/div>\n<\/div>\n\n\n<div class=\"co-flex_row co-flex_row__white co-flex_row__long-form-text\" >\n\t<div class=\"co-flex_row--row co-row\">\n\t\t\t<div class=\"co-long_form\">\n\t\t\t<header class=\"co-intro_text\">\n\t\t<h2 class=\"co-intro_text--title\">\u00bfQu\u00e9 es el dep\u00f3sito directo y c\u00f3mo empezar?\n\t\t\t\t<svg class=\"heading_shape\" xmlns=\"http:\/\/www.w3.org\/2000\/svg\" width=\"238.55799865722656\" height=\"14.876999855041504\" viewbox=\"0 0 238.558 14.877\">\n\t\t\t\t\t<path id=\"Path_16614\" data-name=\"Path 16614\" d=\"M5118.863,2995.027c15.19-6.542,69.982-8.38,118.5-2.822s90.372,10.077,113.638,2.822\" transform=\"translate(-5115.578 -2986.393)\" fill=\"none\" stroke=\"#ce1126\" stroke-linecap=\"round\" stroke-width=\"5\" class=\"title-shape\"><\/path>\n\t\t\t\t<\/svg>\n\t\t\t<\/h2><div class=\"co-intro_text--intro\"><p>Para registrarse para el dep\u00f3sito directo, necesitar\u00e1 nuestro n\u00famero de ruta, su n\u00famero de miembro y su n\u00famero de cuenta de cheques. <\/p>\n<\/div>\t<\/header>\n\t\t\t<div class=\"co-long_form--block prow items-start justify-center\">\n\t\t\t\t<div class=\"co-long_form--text pcol-md:7\">\n\t\t\t\t\t<h3 class=\"co-long_form--headline\" >El n\u00famero de ruta para Patriot es 231379979<\/h3><div class=\"co-long_form--content\"><p>Puedes encontrar tu <strong>n\u00famero de miembro\/cuenta<\/strong> en su tarjeta de membres\u00eda. Este n\u00famero de miembro est\u00e1 vinculado a su cuenta de ahorros para dep\u00f3sito directo\/ACH (C\u00e1mara de compensaci\u00f3n automatizada). Tambi\u00e9n puede encontrar este n\u00famero si inicia sesi\u00f3n en Online Banking\/Patriot Mobile.<\/p>\n<ul>\n<li>Haga clic en la cuenta Prime Share S:00 para expandirla.<\/li>\n<li>Luego haga clic en el bot\u00f3n de detalles. Debe hacer clic en el \u00edcono del ojo para desenmascarar este n\u00famero.<\/li>\n<\/ul>\n<p>Puedes encontrar tu <strong>n\u00famero de cuenta de cheques<\/strong> tambi\u00e9n conocido como N\u00famero MICR en la parte inferior de sus cheques (n\u00famero de 12 d\u00edgitos). Este n\u00famero MICR se puede utilizar para dep\u00f3sito directo\/ACH en su cuenta corriente. Tambi\u00e9n puede encontrar este n\u00famero si inicia sesi\u00f3n en Online Banking\/Patriot Mobile.<\/p>\n<ul>\n<li>Haga clic en la cuenta de cheques para expandir.<\/li>\n<li>Luego haga clic en el bot\u00f3n de detalles.<\/li>\n<\/ul>\n<\/div>\t\t\t\t<\/div>\n\t\t\t\t\t\t\t\t\t<div class=\"co-long_form--media pcol-md:5\">\n\t\t\t\t\t\t<div class=\"co-long_form--media_container\"><img loading=\"lazy\" decoding=\"async\" width=\"600\" height=\"440\" src=\"https:\/\/www.patriotfcu.org\/wp-content\/uploads\/Long-Form-1-19.jpg\" class=\"co-long_form--image\" alt=\"mujer haciendo clic en su tel\u00e9fono\" srcset=\"https:\/\/www.patriotfcu.org\/wp-content\/uploads\/Long-Form-1-19.jpg 600w, https:\/\/www.patriotfcu.org\/wp-content\/uploads\/Long-Form-1-19-540x396.jpg 540w, https:\/\/www.patriotfcu.org\/wp-content\/uploads\/Long-Form-1-19-16x12.jpg 16w, https:\/\/www.patriotfcu.org\/wp-content\/uploads\/Long-Form-1-19-396x290.jpg 396w, https:\/\/www.patriotfcu.org\/wp-content\/uploads\/Long-Form-1-19-75x55.jpg 75w\" sizes=\"auto, (max-width: 600px) 100vw, 600px\" \/><\/div>\t\t\t\t\t<\/div>\n\t\t\t\t\t\t\t<\/div>\n\t\t\t\t<\/div>\n\n\t<\/div>\n<\/div>\n\n\n<div class=\"co-flex_row co-flex_row__white co-flex_row__related-products\" >\n\t<div class=\"co-flex_row--row co-row\">\n\t\t\t<div class=\"co-rel_prods center-narrow\">\n\t\t\t<header class=\"co-intro_text\">\n\t\t<h2 class=\"co-intro_text--title\">Quiz\u00e1s tambi\u00e9n te interese\u2026\n\t\t\t\t<svg class=\"heading_shape\" xmlns=\"http:\/\/www.w3.org\/2000\/svg\" width=\"238.55799865722656\" height=\"14.876999855041504\" viewbox=\"0 0 238.558 14.877\">\n\t\t\t\t\t<path id=\"Path_16614\" data-name=\"Path 16614\" d=\"M5118.863,2995.027c15.19-6.542,69.982-8.38,118.5-2.822s90.372,10.077,113.638,2.822\" transform=\"translate(-5115.578 -2986.393)\" fill=\"none\" stroke=\"#ce1126\" stroke-linecap=\"round\" stroke-width=\"5\" class=\"title-shape\"><\/path>\n\t\t\t\t<\/svg>\n\t\t\t<\/h2>\t<\/header>\n\t\t\t<div class=\"co-rel_prods--cols prow prow-md:2  justify-center\">\n\t\t\t\t\t\t\t\t\t<div class=\"co-rel_prods--col\">\n\t\t\t\t\t\t<h3 class=\"co-rel_prods--col_title\">Cuentas de Cheques<\/h3><div class=\"co-rel_prods--col_desc text-component\">Nuestras cuentas de cheques est\u00e1n dise\u00f1adas para hacer que su tiempo y dinero rindan m\u00e1s y ayudarle a aprovechar al m\u00e1ximo su experiencia bancaria.<\/div><a class=\"co-rel_prods--col_cta\" href=\"https:\/\/www.patriotfcu.org\/es\/personal\/checking-accounts\/\" target=\"_blank\" aria-label=\"Leer m\u00e1s sobre Cuentas Corrientes\">Aprende m\u00e1s<\/a>\t\t\t\t\t<\/div>\n\t\t\t\t\t\t\t\t\t\t<div class=\"co-rel_prods--col\">\n\t\t\t\t\t\t<h3 class=\"co-rel_prods--col_title\">Banco en l\u00ednea y m\u00f3vil<\/h3><div class=\"co-rel_prods--col_desc text-component\">Administre su dinero cuando sea m\u00e1s conveniente para usted. Inicia sesi\u00f3n en <a href=\"https:\/\/ebranch.patriotfcu.org\/Login\">Banco en L\u00ednea<\/a> o el <a href=\"https:\/\/www.patriotfcu.org\/es\/personal\/banca-movil-en-linea\/#download\">Aplicaci\u00f3n M\u00f3vil Patriot<\/a> en cualquier momento y en cualquier lugar donde tenga acceso a Internet.<\/div><a class=\"co-rel_prods--col_cta\" href=\"https:\/\/www.patriotfcu.org\/es\/personal\/online-mobile-banking\/\" target=\"_blank\" aria-label=\"Lea m\u00e1s sobre Banca M\u00f3vil y en L\u00ednea\">Aprende m\u00e1s<\/a>\t\t\t\t\t<\/div>\n\t\t\t\t\t\t\t\t<\/div>\n\t\t\t<\/div>\n\n\t<\/div>\n<\/div>\n\n\n<div class=\"co-flex_row co-flex_row__back-to-top\" >\n\t<div class=\"co-flex_row--row co-row\">\n\t\t<div class=\"co-back-to-top\">\t\n  <a class=\"co-back-to-top--link js-scroll_link\" href=\"#\" aria-label=\"\">\n\t\t<img\n\t\t\tclass=\"co-back-to-top--arrow\"\n\t\t\tsrc=\"https:\/\/www.patriotfcu.org\/wp-content\/themes\/patriotfcu-theme\/images\/circled-bordered-arrow.svg\"\n\t\t\talt=\"Bot\u00f3n Volver al principio\"\n\t\t\twidth=\"46\"\n\t\t\theight=\"46\"\n\t\t\tloading=\"lazy\"\n\t\t>\n\t  Volver arriba  <\/a>\n<\/div>\n\n\t<\/div>\n<\/div>\n\n\n<div class=\"co-flex_row co-flex_row__white co-flex_row__multi-path-cta\" id=\"sign\">\n\t<div class=\"co-flex_row--row co-row\">\n\t\t\t<div class=\"co-mp_ctas\">\n\t\t\t<header class=\"co-intro_text\">\n\t\t<h2 class=\"co-intro_text--title\">Reg\u00edstrese para dep\u00f3sito directo hoy\n\t\t\t\t<svg class=\"heading_shape\" xmlns=\"http:\/\/www.w3.org\/2000\/svg\" width=\"238.55799865722656\" height=\"14.876999855041504\" viewbox=\"0 0 238.558 14.877\">\n\t\t\t\t\t<path id=\"Path_16614\" data-name=\"Path 16614\" d=\"M5118.863,2995.027c15.19-6.542,69.982-8.38,118.5-2.822s90.372,10.077,113.638,2.822\" transform=\"translate(-5115.578 -2986.393)\" fill=\"none\" stroke=\"#ce1126\" stroke-linecap=\"round\" stroke-width=\"5\" class=\"title-shape\"><\/path>\n\t\t\t\t<\/svg>\n\t\t\t<\/h2>\t<\/header>\n\t\t<div class=\"co-mp_ctas--list prow justify-center\">\n\t\t\t\t\t\t\t\t\t\t\t<div class=\"co-mp_cta pcol-lg:4\">\n\t\t\t\t\t<div class=\"co-mp_cta--title\">\n\t\t\t\t\t\tPonerse en contacto\t\t\t\t\t<\/div>\n\t\t\t\t\t<a class=\"co-mp_cta--link\" href=\"https:\/\/www.patriotfcu.org\/es\/contacto\/\"  >Cont\u00e1ctenos<\/a>\t\t\t\t<\/div>\n\t\t\t\t\t\t\t\t\t\t\t<div class=\"co-mp_cta pcol-lg:4\">\n\t\t\t\t\t<div class=\"co-mp_cta--title\">\n\t\t\t\t\t\tComience en l\u00ednea\t\t\t\t\t<\/div>\n\t\t\t\t\t<a class=\"co-mp_cta--link\" href=\"https:\/\/apply.patriotfcu.org\/apply.aspx?lenderref=patriotfcu062122&#038;list=XASAST\"  >Abrir una cuenta<\/a>\t\t\t\t<\/div>\n\t\t\t\t\t\t\t\t\t\t\t<div class=\"co-mp_cta pcol-lg:4\">\n\t\t\t\t\t<div class=\"co-mp_cta--title\">\n\t\t\t\t\t\tComplete el formulario de dep\u00f3sito directo\t\t\t\t\t<\/div>\n\t\t\t\t\t<a class=\"co-mp_cta--link\" href=\"https:\/\/www.patriotfcu.org\/wp-content\/uploads\/Direct-Deposit-Change-Notice.pdf\"  >Empezar<\/a>\t\t\t\t<\/div>\n\t\t\t\t\t<\/div>\n\t<\/div>\n\n\t<\/div>\n<\/div>\n\n\n<div class=\"co-flex_row co-flex_row__white co-flex_row__last co-flex_row__disclosures\" >\n\t<div class=\"co-flex_row--row co-row\">\n\t\t\t<div class=\"co-disclosures\">\n\t\t<h2 class=\"co-disclosures--title\">Divulgaciones<\/h2>\n\t\t<div class=\"co-disclosures--content\">\n\t\t\t\t\t\t\t<ul>\n\t\t\t\t\t\t\t\t\t\t\t<li>\n\t\t\t\t\t\t\t\t\t\t\t\t\t\t<p>Esta cooperativa de cr\u00e9dito est\u00e1 asegurada a nivel federal por la Administraci\u00f3n Nacional de Cooperativas de Cr\u00e9dito.<\/p>\n\t\t\t\t\t\t<\/li>\n\t\t\t\t\t\t\t\t\t<\/ul>\n\t\t\t\t\t<\/div>\n\t<\/div>\n\n\t<\/div>\n<\/div>","protected":false},"excerpt":{"rendered":"","protected":false},"author":12,"featured_media":0,"parent":2516,"menu_order":0,"comment_status":"closed","ping_status":"closed","template":"","meta":{"_acf_changed":true,"_searchwp_excluded":"","footnotes":""},"class_list":["post-2518","page","type-page","status-publish","hentry"],"acf":[],"yoast_head":"<!-- This site is optimized with the Yoast SEO plugin v27.5 - https:\/\/yoast.com\/product\/yoast-seo-wordpress\/ -->\n<title>Sign up for Direct Deposit - Patriot Federal Credit Union<\/title>\n<meta name=\"description\" content=\"Sign up for Direct Deposit and your paycheck, Social Security, or retirement check will be automatically deposited into your Patriot savings or checking account.\" \/>\n<meta name=\"robots\" content=\"index, follow, max-snippet:-1, max-image-preview:large, max-video-preview:-1\" \/>\n<link rel=\"canonical\" href=\"https:\/\/www.patriotfcu.org\/es\/personal\/revisando-cuentas\/deposito-directo\/\" \/>\n<meta property=\"og:locale\" content=\"es_ES\" \/>\n<meta property=\"og:type\" content=\"article\" \/>\n<meta property=\"og:title\" content=\"Sign up for Direct Deposit - Patriot Federal Credit Union\" \/>\n<meta property=\"og:description\" content=\"Sign up for Direct Deposit and your paycheck, Social Security, or retirement check will be automatically deposited into your Patriot savings or checking account.\" \/>\n<meta property=\"og:url\" content=\"https:\/\/www.patriotfcu.org\/es\/personal\/revisando-cuentas\/deposito-directo\/\" \/>\n<meta property=\"og:site_name\" content=\"Patriot Federal Credit Union\" \/>\n<meta property=\"article:modified_time\" content=\"2024-10-07T18:55:29+00:00\" \/>\n<meta name=\"twitter:card\" content=\"summary_large_image\" \/>\n<script type=\"application\/ld+json\" class=\"yoast-schema-graph\">{\"@context\":\"https:\\\/\\\/schema.org\",\"@graph\":[{\"@type\":\"WebPage\",\"@id\":\"https:\\\/\\\/www.patriotfcu.org\\\/personal\\\/checking-accounts\\\/direct-deposit\\\/\",\"url\":\"https:\\\/\\\/www.patriotfcu.org\\\/personal\\\/checking-accounts\\\/direct-deposit\\\/\",\"name\":\"Sign up for Direct Deposit - Patriot Federal Credit Union\",\"isPartOf\":{\"@id\":\"https:\\\/\\\/www.patriotfcu.org\\\/#website\"},\"datePublished\":\"2023-08-18T23:26:33+00:00\",\"dateModified\":\"2024-10-07T18:55:29+00:00\",\"description\":\"Sign up for Direct Deposit and your paycheck, Social Security, or retirement check will be automatically deposited into your Patriot savings or checking account.\",\"breadcrumb\":{\"@id\":\"https:\\\/\\\/www.patriotfcu.org\\\/personal\\\/checking-accounts\\\/direct-deposit\\\/#breadcrumb\"},\"inLanguage\":\"es-ES\",\"potentialAction\":[{\"@type\":\"ReadAction\",\"target\":[\"https:\\\/\\\/www.patriotfcu.org\\\/personal\\\/checking-accounts\\\/direct-deposit\\\/\"]}]},{\"@type\":\"BreadcrumbList\",\"@id\":\"https:\\\/\\\/www.patriotfcu.org\\\/personal\\\/checking-accounts\\\/direct-deposit\\\/#breadcrumb\",\"itemListElement\":[{\"@type\":\"ListItem\",\"position\":1,\"name\":\"Home\",\"item\":\"https:\\\/\\\/www.patriotfcu.org\\\/\"},{\"@type\":\"ListItem\",\"position\":2,\"name\":\"Personal\",\"item\":\"https:\\\/\\\/www.patriotfcu.org\\\/personal\\\/\"},{\"@type\":\"ListItem\",\"position\":3,\"name\":\"Checking Accounts\",\"item\":\"https:\\\/\\\/www.patriotfcu.org\\\/personal\\\/checking-accounts\\\/\"},{\"@type\":\"ListItem\",\"position\":4,\"name\":\"Sign up for Direct Deposit\"}]},{\"@type\":\"WebSite\",\"@id\":\"https:\\\/\\\/www.patriotfcu.org\\\/#website\",\"url\":\"https:\\\/\\\/www.patriotfcu.org\\\/\",\"name\":\"Patriot Federal Credit Union\",\"description\":\"Financial Services That Meet Your Need\",\"potentialAction\":[{\"@type\":\"SearchAction\",\"target\":{\"@type\":\"EntryPoint\",\"urlTemplate\":\"https:\\\/\\\/www.patriotfcu.org\\\/?s={search_term_string}\"},\"query-input\":{\"@type\":\"PropertyValueSpecification\",\"valueRequired\":true,\"valueName\":\"search_term_string\"}}],\"inLanguage\":\"es-ES\"}]}<\/script>\n<!-- \/ Yoast SEO plugin. -->","yoast_head_json":{"title":"Reg\u00edstrese para dep\u00f3sito directo - Patriot Federal Credit Union","description":"Reg\u00edstrese para el Dep\u00f3sito Directo y su cheque de n\u00f3mina, Seguro Social o cheque de jubilaci\u00f3n se depositar\u00e1 autom\u00e1ticamente en su cuenta corriente o de ahorros Patriot.","robots":{"index":"index","follow":"follow","max-snippet":"max-snippet:-1","max-image-preview":"max-image-preview:large","max-video-preview":"max-video-preview:-1"},"canonical":"https:\/\/www.patriotfcu.org\/es\/personal\/revisando-cuentas\/deposito-directo\/","og_locale":"es_ES","og_type":"article","og_title":"Sign up for Direct Deposit - Patriot Federal Credit Union","og_description":"Sign up for Direct Deposit and your paycheck, Social Security, or retirement check will be automatically deposited into your Patriot savings or checking account.","og_url":"https:\/\/www.patriotfcu.org\/es\/personal\/revisando-cuentas\/deposito-directo\/","og_site_name":"Patriot Federal Credit Union","article_modified_time":"2024-10-07T18:55:29+00:00","twitter_card":"summary_large_image","schema":{"@context":"https:\/\/schema.org","@graph":[{"@type":"WebPage","@id":"https:\/\/www.patriotfcu.org\/personal\/checking-accounts\/direct-deposit\/","url":"https:\/\/www.patriotfcu.org\/personal\/checking-accounts\/direct-deposit\/","name":"Reg\u00edstrese para dep\u00f3sito directo - Patriot Federal Credit Union","isPartOf":{"@id":"https:\/\/www.patriotfcu.org\/#website"},"datePublished":"2023-08-18T23:26:33+00:00","dateModified":"2024-10-07T18:55:29+00:00","description":"Reg\u00edstrese para el Dep\u00f3sito Directo y su cheque de n\u00f3mina, Seguro Social o cheque de jubilaci\u00f3n se depositar\u00e1 autom\u00e1ticamente en su cuenta corriente o de ahorros Patriot.","breadcrumb":{"@id":"https:\/\/www.patriotfcu.org\/personal\/checking-accounts\/direct-deposit\/#breadcrumb"},"inLanguage":"es-ES","potentialAction":[{"@type":"ReadAction","target":["https:\/\/www.patriotfcu.org\/personal\/checking-accounts\/direct-deposit\/"]}]},{"@type":"BreadcrumbList","@id":"https:\/\/www.patriotfcu.org\/personal\/checking-accounts\/direct-deposit\/#breadcrumb","itemListElement":[{"@type":"ListItem","position":1,"name":"Home","item":"https:\/\/www.patriotfcu.org\/"},{"@type":"ListItem","position":2,"name":"Personal","item":"https:\/\/www.patriotfcu.org\/personal\/"},{"@type":"ListItem","position":3,"name":"Checking Accounts","item":"https:\/\/www.patriotfcu.org\/personal\/checking-accounts\/"},{"@type":"ListItem","position":4,"name":"Sign up for Direct Deposit"}]},{"@type":"WebSite","@id":"https:\/\/www.patriotfcu.org\/#website","url":"https:\/\/www.patriotfcu.org\/","name":"Patriot Federal Credit Union","description":"Servicios financieros que satisfacen sus necesidades","potentialAction":[{"@type":"SearchAction","target":{"@type":"EntryPoint","urlTemplate":"https:\/\/www.patriotfcu.org\/?s={search_term_string}"},"query-input":{"@type":"PropertyValueSpecification","valueRequired":true,"valueName":"search_term_string"}}],"inLanguage":"es-ES"}]}},"_links":{"self":[{"href":"https:\/\/www.patriotfcu.org\/es\/wp-json\/wp\/v2\/pages\/2518","targetHints":{"allow":["GET"]}}],"collection":[{"href":"https:\/\/www.patriotfcu.org\/es\/wp-json\/wp\/v2\/pages"}],"about":[{"href":"https:\/\/www.patriotfcu.org\/es\/wp-json\/wp\/v2\/types\/page"}],"author":[{"embeddable":true,"href":"https:\/\/www.patriotfcu.org\/es\/wp-json\/wp\/v2\/users\/12"}],"replies":[{"embeddable":true,"href":"https:\/\/www.patriotfcu.org\/es\/wp-json\/wp\/v2\/comments?post=2518"}],"version-history":[{"count":0,"href":"https:\/\/www.patriotfcu.org\/es\/wp-json\/wp\/v2\/pages\/2518\/revisions"}],"up":[{"embeddable":true,"href":"https:\/\/www.patriotfcu.org\/es\/wp-json\/wp\/v2\/pages\/2516"}],"wp:attachment":[{"href":"https:\/\/www.patriotfcu.org\/es\/wp-json\/wp\/v2\/media?parent=2518"}],"curies":[{"name":"Gracias","href":"https:\/\/api.w.org\/{rel}","templated":true}]}}