{"id":2523,"date":"2023-08-18T16:26:33","date_gmt":"2023-08-18T23:26:33","guid":{"rendered":"https:\/\/patriotfcu2.wpengine.com\/personal\/loans-credit-cards\/"},"modified":"2024-02-08T07:58:38","modified_gmt":"2024-02-08T12:58:38","slug":"prestamos-tarjetas-de-credito","status":"publish","type":"page","link":"https:\/\/www.patriotfcu.org\/es\/personal\/prestamos-tarjetas-de-credito\/","title":{"rendered":"Pr\u00e9stamos personales y tarjetas de cr\u00e9dito"},"content":{"rendered":"<div class=\"co-flex_row co-flex_row__light co-flex_row__page-hero\" >\n\t<div class=\"co-flex_row--row co-row\">\n\t\t\t<header class=\"co-page_hero light co-page_hero__no_image\" aria-label=\"Encabezado: Pr\u00e9stamos personales y tarjetas de cr\u00e9dito\">\n\t\t<div class=\"co-page_hero--inner\">\n\t\t\t<div class=\"prow gap:5 items-center\">\n\t\t\t\t\t\t\t\t<div class=\"co-page_hero--text pcol-lg:5\">\n\t\t\t\t\t\t\t\t\t\t<h1 class=\"co-page_hero--title only-title\">\n\t\t\t\t\t\tPr\u00e9stamos personales y tarjetas de cr\u00e9dito\t\t\t\t\t<\/h1>\n\t\t\t\t\t\t\t\t\t<\/div>\n\t\t\t<\/div>\n\t\t<\/div>\n\t<\/header>\n\n\t<\/div>\n<\/div>\n\n\n<div class=\"co-flex_row co-flex_row__white co-flex_row__page-intro\" >\n\t<div class=\"co-flex_row--row co-row\">\n\t\t\n\t<\/div>\n<\/div>\n\n\n<div class=\"co-flex_row co-flex_row__white co-flex_row__columns\" >\n\t<div class=\"co-flex_row--row co-row\">\n\t\t\t<div class=\"co-columns\">\n\t\t\t\t\t<div class=\"co-columns--row prow prow-md:2 prow-lg:3 justify-center\">\n\t\t\t\t\t\t\t\t\t<div class=\"co-columns--box co-columns--box_nomedia\">\n\t\t\t\t\t\t<h2 class=\"co-columns--box_headline\" >Tarjetas de Cr\u00e9dito<\/h2><div class=\"co-columns--box_desc\"><p>Descubra los beneficios de la flexibilidad financiera con nuestra gama de tarjetas de cr\u00e9dito, adaptadas a sus necesidades de gasto.<\/p>\n<\/div><div class=\"co-columns--box_button\"><a class=\"co-columns--button co-button\" href=\"https:\/\/www.patriotfcu.org\/es\/personal\/tarjetas-de-credito\/\"  >Aprende m\u00e1s<\/a><\/div>\t\t\t\t\t<\/div>\n\t\t\t\t\t\t\t\t\t<div class=\"co-columns--box co-columns--box_nomedia\">\n\t\t\t\t\t\t<h2 class=\"co-columns--box_headline\" >Pr\u00e9stamos para Veh\u00edculos<\/h2><div class=\"co-columns--box_desc\"><p>Salga a la carretera con facilidad a trav\u00e9s de nuestros pr\u00e9stamos para veh\u00edculos y opciones de compra de autom\u00f3viles, que ofrecen tasas competitivas y financiaci\u00f3n sin complicaciones.<\/p>\n<\/div><div class=\"co-columns--box_button\"><a class=\"co-columns--button co-button\" href=\"https:\/\/www.patriotfcu.org\/es\/personal\/prestamos-para-vehiculos-compra-de-automoviles\/\"  >Comprar un cami\u00f3n o un coche<\/a><\/div>\t\t\t\t\t<\/div>\n\t\t\t\t\t\t\t\t\t<div class=\"co-columns--box co-columns--box_nomedia\">\n\t\t\t\t\t\t<h2 class=\"co-columns--box_headline\" >Pr\u00e9stamos Hipotecarios<\/h2><div class=\"co-columns--box_desc\"><p>Convierta la casa de sus sue\u00f1os en realidad con nuestros pr\u00e9stamos hipotecarios, que le brindan orientaci\u00f3n experta en cada paso del proceso de compra de una vivienda.<\/p>\n<\/div><div class=\"co-columns--box_button\"><a class=\"co-columns--button co-button\" href=\"https:\/\/www.patriotfcu.org\/es\/personal\/prestamos-hipotecarios\/\"  >comprar una casa<\/a><\/div>\t\t\t\t\t<\/div>\n\t\t\t\t\t\t\t\t\t<div class=\"co-columns--box co-columns--box_nomedia\">\n\t\t\t\t\t\t<h2 class=\"co-columns--box_headline\" >Pr\u00e9stamos Personales y L\u00edneas de Cr\u00e9dito<\/h2><div class=\"co-columns--box_desc\"><p>Ya sea que necesite fondos para un gasto importante o un evento inesperado, nuestros pr\u00e9stamos personales y l\u00edneas de cr\u00e9dito lo tienen cubierto.<\/p>\n<\/div><div class=\"co-columns--box_button\"><a class=\"co-columns--button co-button\" href=\"https:\/\/www.patriotfcu.org\/es\/personal\/lineas-de-credito-de-prestamos\/\"  >Leer m\u00e1s<\/a><\/div>\t\t\t\t\t<\/div>\n\t\t\t\t\t\t\t\t\t<div class=\"co-columns--box co-columns--box_nomedia\">\n\t\t\t\t\t\t<h2 class=\"co-columns--box_headline\" >Pr\u00e9stamos Garantizados<\/h2><div class=\"co-columns--box_desc\"><p>Obtenga el apoyo financiero que necesita mientras mantiene sus activos seguros con nuestra gama de pr\u00e9stamos garantizados.<\/p>\n<\/div><div class=\"co-columns--box_button\"><a class=\"co-columns--button co-button\" href=\"https:\/\/www.patriotfcu.org\/es\/personal\/prestamos-garantizados\/\"  >Ver pr\u00e9stamos garantizados<\/a><\/div>\t\t\t\t\t<\/div>\n\t\t\t\t\t\t\t\t\t<div class=\"co-columns--box co-columns--box_nomedia\">\n\t\t\t\t\t\t<h2 class=\"co-columns--box_headline\" >Pr\u00e9stamos Estudiantiles<\/h2><div class=\"co-columns--box_desc\"><p>Invierta en su futuro con nuestros pr\u00e9stamos para estudiantes, dise\u00f1ados para hacer que la educaci\u00f3n sea m\u00e1s accesible y asequible.<\/p>\n<\/div><div class=\"co-columns--box_button\"><a class=\"co-columns--button co-button\" href=\"https:\/\/www.patriotfcu.org\/es\/personal\/prestamos-estudiantiles\/\"  >\u00c9chale un vistazo<\/a><\/div>\t\t\t\t\t<\/div>\n\t\t\t\t\t\t\t<\/div>\n\t\t\t\t<\/div>\n\n\t<\/div>\n<\/div>\n\n\n<div class=\"co-flex_row co-flex_row__white co-flex_row__last co-flex_row__disclosures\" >\n\t<div class=\"co-flex_row--row co-row\">\n\t\t\t<div class=\"co-disclosures\">\n\t\t<h2 class=\"co-disclosures--title\">Divulgaciones<\/h2>\n\t\t<div class=\"co-disclosures--content\">\n\t\t\t\t\t\t\t<ul>\n\t\t\t\t\t\t\t\t\t\t\t<li>\n\t\t\t\t\t\t\t\t\t\t\t\t\t\t<p>Prestamista de vivienda equitativa<\/p>\n\t\t\t\t\t\t<\/li>\n\t\t\t\t\t\t\t\t\t<\/ul>\n\t\t\t\t\t<\/div>\n\t<\/div>\n\n\t<\/div>\n<\/div>","protected":false},"excerpt":{"rendered":"","protected":false},"author":9,"featured_media":0,"parent":2514,"menu_order":0,"comment_status":"closed","ping_status":"closed","template":"","meta":{"_acf_changed":false,"_searchwp_excluded":"","footnotes":""},"class_list":["post-2523","page","type-page","status-publish","hentry"],"acf":[],"yoast_head":"<!-- This site is optimized with the Yoast SEO plugin v27.2 - https:\/\/yoast.com\/product\/yoast-seo-wordpress\/ -->\n<title>Personal Loans &amp; Credit Cards - Patriot Federal Credit Union<\/title>\n<meta name=\"description\" content=\"Unlock flexible terms and low rates with our personal loans and credit cards, designed to maximize savings and keep more money in your pocket.\" \/>\n<meta name=\"robots\" content=\"index, follow, max-snippet:-1, max-image-preview:large, max-video-preview:-1\" \/>\n<link rel=\"canonical\" href=\"https:\/\/www.patriotfcu.org\/es\/personal\/prestamos-tarjetas-de-credito\/\" \/>\n<meta property=\"og:locale\" content=\"es_ES\" \/>\n<meta property=\"og:type\" content=\"article\" \/>\n<meta property=\"og:title\" content=\"Personal Loans &amp; Credit Cards - Patriot Federal Credit Union\" \/>\n<meta property=\"og:description\" content=\"Unlock flexible terms and low rates with our personal loans and credit cards, designed to maximize savings and keep more money in your pocket.\" \/>\n<meta property=\"og:url\" content=\"https:\/\/www.patriotfcu.org\/es\/personal\/prestamos-tarjetas-de-credito\/\" \/>\n<meta property=\"og:site_name\" content=\"Patriot Federal Credit Union\" \/>\n<meta property=\"article:modified_time\" content=\"2024-02-08T12:58:38+00:00\" \/>\n<meta name=\"twitter:card\" content=\"summary_large_image\" \/>\n<script type=\"application\/ld+json\" class=\"yoast-schema-graph\">{\"@context\":\"https:\/\/schema.org\",\"@graph\":[{\"@type\":\"WebPage\",\"@id\":\"https:\/\/www.patriotfcu.org\/personal\/loans-credit-cards\/\",\"url\":\"https:\/\/www.patriotfcu.org\/personal\/loans-credit-cards\/\",\"name\":\"Personal Loans & Credit Cards - Patriot Federal Credit Union\",\"isPartOf\":{\"@id\":\"https:\/\/www.patriotfcu.org\/#website\"},\"datePublished\":\"2023-08-18T23:26:33+00:00\",\"dateModified\":\"2024-02-08T12:58:38+00:00\",\"description\":\"Unlock flexible terms and low rates with our personal loans and credit cards, designed to maximize savings and keep more money in your pocket.\",\"breadcrumb\":{\"@id\":\"https:\/\/www.patriotfcu.org\/personal\/loans-credit-cards\/#breadcrumb\"},\"inLanguage\":\"es-ES\",\"potentialAction\":[{\"@type\":\"ReadAction\",\"target\":[\"https:\/\/www.patriotfcu.org\/personal\/loans-credit-cards\/\"]}]},{\"@type\":\"BreadcrumbList\",\"@id\":\"https:\/\/www.patriotfcu.org\/personal\/loans-credit-cards\/#breadcrumb\",\"itemListElement\":[{\"@type\":\"ListItem\",\"position\":1,\"name\":\"Home\",\"item\":\"https:\/\/www.patriotfcu.org\/\"},{\"@type\":\"ListItem\",\"position\":2,\"name\":\"Personal\",\"item\":\"https:\/\/www.patriotfcu.org\/personal\/\"},{\"@type\":\"ListItem\",\"position\":3,\"name\":\"Personal Loans &#038; Credit Cards\"}]},{\"@type\":\"WebSite\",\"@id\":\"https:\/\/www.patriotfcu.org\/#website\",\"url\":\"https:\/\/www.patriotfcu.org\/\",\"name\":\"Patriot Federal Credit Union\",\"description\":\"Financial Services That Meet Your Need\",\"potentialAction\":[{\"@type\":\"SearchAction\",\"target\":{\"@type\":\"EntryPoint\",\"urlTemplate\":\"https:\/\/www.patriotfcu.org\/?s={search_term_string}\"},\"query-input\":{\"@type\":\"PropertyValueSpecification\",\"valueRequired\":true,\"valueName\":\"search_term_string\"}}],\"inLanguage\":\"es-ES\"}]}<\/script>\n<!-- \/ Yoast SEO plugin. -->","yoast_head_json":{"title":"Pr\u00e9stamos personales y tarjetas de cr\u00e9dito - Patriot Federal Credit Union","description":"Desbloquee t\u00e9rminos flexibles y tasas bajas con nuestros pr\u00e9stamos personales y tarjetas de cr\u00e9dito, dise\u00f1ados para maximizar los ahorros y mantener m\u00e1s dinero en su bolsillo.","robots":{"index":"index","follow":"follow","max-snippet":"max-snippet:-1","max-image-preview":"max-image-preview:large","max-video-preview":"max-video-preview:-1"},"canonical":"https:\/\/www.patriotfcu.org\/es\/personal\/prestamos-tarjetas-de-credito\/","og_locale":"es_ES","og_type":"article","og_title":"Personal Loans & Credit Cards - Patriot Federal Credit Union","og_description":"Unlock flexible terms and low rates with our personal loans and credit cards, designed to maximize savings and keep more money in your pocket.","og_url":"https:\/\/www.patriotfcu.org\/es\/personal\/prestamos-tarjetas-de-credito\/","og_site_name":"Patriot Federal Credit Union","article_modified_time":"2024-02-08T12:58:38+00:00","twitter_card":"summary_large_image","schema":{"@context":"https:\/\/schema.org","@graph":[{"@type":"WebPage","@id":"https:\/\/www.patriotfcu.org\/personal\/loans-credit-cards\/","url":"https:\/\/www.patriotfcu.org\/personal\/loans-credit-cards\/","name":"Pr\u00e9stamos personales y tarjetas de cr\u00e9dito - Patriot Federal Credit Union","isPartOf":{"@id":"https:\/\/www.patriotfcu.org\/#website"},"datePublished":"2023-08-18T23:26:33+00:00","dateModified":"2024-02-08T12:58:38+00:00","description":"Desbloquee t\u00e9rminos flexibles y tasas bajas con nuestros pr\u00e9stamos personales y tarjetas de cr\u00e9dito, dise\u00f1ados para maximizar los ahorros y mantener m\u00e1s dinero en su bolsillo.","breadcrumb":{"@id":"https:\/\/www.patriotfcu.org\/personal\/loans-credit-cards\/#breadcrumb"},"inLanguage":"es-ES","potentialAction":[{"@type":"ReadAction","target":["https:\/\/www.patriotfcu.org\/personal\/loans-credit-cards\/"]}]},{"@type":"BreadcrumbList","@id":"https:\/\/www.patriotfcu.org\/personal\/loans-credit-cards\/#breadcrumb","itemListElement":[{"@type":"ListItem","position":1,"name":"Home","item":"https:\/\/www.patriotfcu.org\/"},{"@type":"ListItem","position":2,"name":"Personal","item":"https:\/\/www.patriotfcu.org\/personal\/"},{"@type":"ListItem","position":3,"name":"Personal Loans &#038; Credit Cards"}]},{"@type":"WebSite","@id":"https:\/\/www.patriotfcu.org\/#website","url":"https:\/\/www.patriotfcu.org\/","name":"Patriot Federal Credit Union","description":"Servicios financieros que satisfacen sus necesidades","potentialAction":[{"@type":"SearchAction","target":{"@type":"EntryPoint","urlTemplate":"https:\/\/www.patriotfcu.org\/?s={search_term_string}"},"query-input":{"@type":"PropertyValueSpecification","valueRequired":true,"valueName":"search_term_string"}}],"inLanguage":"es-ES"}]}},"_links":{"self":[{"href":"https:\/\/www.patriotfcu.org\/es\/wp-json\/wp\/v2\/pages\/2523","targetHints":{"allow":["GET"]}}],"collection":[{"href":"https:\/\/www.patriotfcu.org\/es\/wp-json\/wp\/v2\/pages"}],"about":[{"href":"https:\/\/www.patriotfcu.org\/es\/wp-json\/wp\/v2\/types\/page"}],"author":[{"embeddable":true,"href":"https:\/\/www.patriotfcu.org\/es\/wp-json\/wp\/v2\/users\/9"}],"replies":[{"embeddable":true,"href":"https:\/\/www.patriotfcu.org\/es\/wp-json\/wp\/v2\/comments?post=2523"}],"version-history":[{"count":0,"href":"https:\/\/www.patriotfcu.org\/es\/wp-json\/wp\/v2\/pages\/2523\/revisions"}],"up":[{"embeddable":true,"href":"https:\/\/www.patriotfcu.org\/es\/wp-json\/wp\/v2\/pages\/2514"}],"wp:attachment":[{"href":"https:\/\/www.patriotfcu.org\/es\/wp-json\/wp\/v2\/media?parent=2523"}],"curies":[{"name":"Gracias","href":"https:\/\/api.w.org\/{rel}","templated":true}]}}