{"id":2547,"date":"2023-08-18T16:26:34","date_gmt":"2023-08-18T23:26:34","guid":{"rendered":"https:\/\/patriotfcu2.wpengine.com\/personal\/safe-deposit-boxes\/"},"modified":"2024-02-08T16:28:32","modified_gmt":"2024-02-08T21:28:32","slug":"cajas-de-seguridad","status":"publish","type":"page","link":"https:\/\/www.patriotfcu.org\/es\/personal\/safe-deposit-boxes\/","title":{"rendered":"Cajas de Seguridad"},"content":{"rendered":"<div class=\"co-flex_row co-flex_row__light co-flex_row__page-hero\" >\n\t<div class=\"co-flex_row--row co-row\">\n\t\t\t<header class=\"co-page_hero light co-page_hero__has_image\" aria-label=\"Encabezado: Cajas de seguridad\">\n\t\t<div class=\"co-page_hero--inner\">\n\t\t\t<div class=\"prow gap:5 items-center\">\n\t\t\t\t\t\t\t\t\t<div class=\"co-page_hero--img_wrap pcol-lg:5\">\n\t\t\t\t\t\t<div class=\"co-page_hero--wrapper\"><svg class=\"co-mask_image\" width=\"100%\" height=\"100%\" viewbox=\"0 0 800 800\" baseprofile=\"full\" version=\"1.2\"><defs><mask id=\"mask_6a04c05227adb\" maskunits=\"userSpaceOnUse\" maskcontentunits=\"userSpaceOnUse\" transform=\"scale(1)\"><image width=\"100%\" height=\"800\" xlink:href=\"https:\/\/www.patriotfcu.org\/wp-content\/themes\/patriotfcu-theme\/images\/hero_shape.svg\" alt=\"Image Mask Top Left\" \/><\/mask><\/defs><image class=\"image\" id=\"image_6a04c05227b0e\" mask=\"url(#mask_6a04c05227adb)\" width=\"100%\" height=\"800\" y=\"0\" x=\"0\" xlink:href=\"https:\/\/www.patriotfcu.org\/wp-content\/uploads\/Hero-Recovered-48.jpg\" alt=\"woman pulling out a safe deposit box\" \/><\/svg><\/div>\t\t\t\t\t<\/div>\n\t\t\t\t\t\t\t\t<div class=\"co-page_hero--text pcol-lg:7\">\n\t\t\t\t\t\t\t\t\t\t<h1 class=\"co-page_hero--title\">\n\t\t\t\t\t\tCajas de Seguridad\t\t\t\t\t<\/h1>\n\t\t\t\t\t<p class=\"co-page_hero--tagline\">Preserve su legado con confianza. <\/p>\t\t\t\t\t\t<div class=\"co-page_hero--buttons\">\n\t\t\t\t\t\t\t<a class=\"co-page_hero--button\" href=\"#rent\"  >Encuentra una sucursal<\/a><a class=\"co-page_hero--link\" href=\"https:\/\/www.patriotfcu.org\/es\/abrir-una-cuenta\/\"  >\u00bfNo eres miembro todav\u00eda? \u00a1Empiece!<\/a>\t\t\t\t\t\t<\/div>\n\t\t\t\t\t\t\t\t\t\t<\/div>\n\t\t\t<\/div>\n\t\t<\/div>\n\t<\/header>\n\n\t<\/div>\n<\/div>\n\n\n<div class=\"co-flex_row co-flex_row__white co-flex_row__page-intro\" >\n\t<div class=\"co-flex_row--row co-row\">\n\t\t\t<div class=\"co-page_intro\">\n\t\t<h2 class=\"co-page_intro--title\">Mantenga sus reliquias familiares, tesoros sentimentales y documentos legales seguros\n\t\t\t\t<svg class=\"heading_shape\" xmlns=\"http:\/\/www.w3.org\/2000\/svg\" width=\"238.55799865722656\" height=\"14.876999855041504\" viewbox=\"0 0 238.558 14.877\">\n\t\t\t\t\t<path id=\"Path_16614\" data-name=\"Path 16614\" d=\"M5118.863,2995.027c15.19-6.542,69.982-8.38,118.5-2.822s90.372,10.077,113.638,2.822\" transform=\"translate(-5115.578 -2986.393)\" fill=\"none\" stroke=\"#ce1126\" stroke-linecap=\"round\" stroke-width=\"5\" class=\"title-shape\"><\/path>\n\t\t\t\t<\/svg><\/h2><div class=\"co-page_intro--desc\"><p>La seguridad y conveniencia de una caja de seguridad le brinda la tranquilidad de saber que sus documentos y posesiones importantes no solo est\u00e1n protegidos, sino que tambi\u00e9n est\u00e1n disponibles cuando los desee.<\/p>\n<\/div>\t<\/div>\n\n\t<\/div>\n<\/div>\n\n\n<div class=\"co-flex_row co-flex_row__white co-flex_row__columns\" id=\"safe\">\n\t<div class=\"co-flex_row--row co-row\">\n\t\t\t<div class=\"co-columns\">\n\t\t\t<header class=\"co-intro_text\">\n\t\t<h2 class=\"co-intro_text--title\">Qu\u00e9 guardar y qu\u00e9 no guardar en su caja de seguridad\n\t\t\t\t<svg class=\"heading_shape\" xmlns=\"http:\/\/www.w3.org\/2000\/svg\" width=\"238.55799865722656\" height=\"14.876999855041504\" viewbox=\"0 0 238.558 14.877\">\n\t\t\t\t\t<path id=\"Path_16614\" data-name=\"Path 16614\" d=\"M5118.863,2995.027c15.19-6.542,69.982-8.38,118.5-2.822s90.372,10.077,113.638,2.822\" transform=\"translate(-5115.578 -2986.393)\" fill=\"none\" stroke=\"#ce1126\" stroke-linecap=\"round\" stroke-width=\"5\" class=\"title-shape\"><\/path>\n\t\t\t\t<\/svg>\n\t\t\t<\/h2>\t<\/header>\n\t\t\t<div class=\"co-columns--row prow prow-md:2 prow-lg:2 co-columns--row__icons justify-center\">\n\t\t\t\t\t\t\t\t\t<div class=\"co-columns--box co-columns--box_icon\">\n\t\t\t\t\t\t\t<svg\n\t\tclass=\"co-columns--box_icon IconCheckmarkicon\"\n\t\tviewbox=\"0 0 46 46\"\n\t\twidth=\"46\"\n\t\theight=\"46\"\n\t>\n\t\t<title>icono de marca de verificaci\u00f3n<\/title>\n\t\t\n\t\t<path data-name=\"Path 17465\" d=\"M23.007 0h-.014a23 23 0 1 0 .014 0M8.879 25.621a3 3 0 0 1 4.242-4.242L19 27.257l13.879-13.878a3 3 0 0 1 4.242 4.242L19 35.743Z\" fill=\"#ce1126\" class=\"accent\"\/>\n\t\t<path data-name=\"Path 17466\" d=\"M8.879 25.621 19 35.743l18.121-18.122a3 3 0 0 0-4.242-4.242L19 27.257l-5.879-5.878a3 3 0 0 0-4.242 4.242\" fill=\"#fff\" class=\"white\"\/>\n\t<\/svg>\n<h3 class=\"co-columns--box_headline\" >Mantener<\/h3><div class=\"co-columns--box_desc\"><p>Documentos como certificados de nacimiento, t\u00edtulos de veh\u00edculos, registros de servicios, p\u00f3lizas de seguro, pasaportes, escrituras, certificados de matrimonio, joyas, objetos de colecci\u00f3n, contratos, arrendamientos, acciones y bonos, y testamentos.<\/p>\n<\/div>\t\t\t\t\t<\/div>\n\t\t\t\t\t\t\t\t\t<div class=\"co-columns--box co-columns--box_icon\">\n\t\t\t\t\t\t\t<svg\n\t\tclass=\"co-columns--box_icon Iconrewards\"\n\t\tviewbox=\"0 0 58 61\"\n\t\twidth=\"58\"\n\t\theight=\"61\"\n\t>\n\t\t<title>Recompensas<\/title>\n\t\t\n\t\t<path data-name=\"Path 17228\" d=\"M51.609 6.581H6.576V51.61h45.033ZM50.238 50.24H7.95V7.948h42.288Z\" fill=\"#ce1126\" class=\"accent\"\/>\n    <path data-name=\"Path 17229\" d=\"M51.996 0h-45.8A6.191 6.191 0 0 0 .004 6.191v45.8a6.2 6.2 0 0 0 6.193 6.191h2.307v1.863a.687.687 0 0 0 1.374 0v-1.859h38.993v1.863a.687.687 0 1 0 1.374 0v-1.863H52a6.2 6.2 0 0 0 6.191-6.137V6.137A6.2 6.2 0 0 0 52 0m-.387 51.61H6.576V6.581h45.033Z\" fill=\"#102164\"\/>\n    <path data-name=\"Path 17230\" d=\"M33.336 27.007c-.011-.032-.018-.063-.029-.093l.108.015Zm-1.619 4.983.023-.02.007.036Z\" fill=\"#ce1126\" class=\"accent\"\/>\n    <path data-name=\"Path 17242\" d=\"M30.105 25.868c-2.008-.693-2.822-1.148-2.822-1.746 0-.527.431-1.028 1.843-1.028a8.669 8.669 0 0 1 3.61.813l.765-3.181a9.267 9.267 0 0 0-3.636-.765v-2.033h-2.7v2.224c-2.729.55-4.234 2.272-4.234 4.448 0 2.416 1.84 3.636 4.448 4.472 1.77.55 2.486 1 2.486 1.746 0 .765-.86 1.1-2.079 1.1a9.713 9.713 0 0 1-4.21-1.052l-.766 3.3a11.431 11.431 0 0 0 4.234 1.028v2.225h2.726v-2.438c2.87-.526 4.45-2.344 4.45-4.568 0-2.176-1.1-3.54-4.115-4.544\" fill=\"#fff\" class=\"white\"\/>\n    <path data-name=\"Path 17243\" d=\"M7.95 50.236h42.288V7.948H7.95Zm6.38-3.734h-1.365a.687.687 0 1 1 0-1.374h1.365a.687.687 0 0 1 0 1.374m15.44-11.521v2.44h-2.726v-2.226a11.411 11.411 0 0 1-4.234-1.028l.765-3.3a9.721 9.721 0 0 0 4.211 1.053c1.219 0 2.079-.335 2.079-1.1 0-.741-.716-1.2-2.486-1.746-2.608-.837-4.448-2.057-4.448-4.472 0-2.177 1.505-3.9 4.233-4.449v-2.225h2.7v2.033a9.3 9.3 0 0 1 3.636.765l-.765 3.181a8.67 8.67 0 0 0-3.611-.813c-1.411 0-1.842.5-1.842 1.029 0 .6.814 1.052 2.822 1.745 3.014 1 4.115 2.368 4.115 4.544 0 2.224-1.58 4.042-4.45 4.568\" fill=\"#234795\"\/>\n    <path data-name=\"Path 17244\" d=\"M14.331 45.128h-1.366a.687.687 0 1 0 0 1.374h1.366a.687.687 0 0 0 0-1.374\" fill=\"#fff\" class=\"white\"\/>\n\t<\/svg>\n<h3 class=\"co-columns--box_headline\" >No mantener<\/h3><div class=\"co-columns--box_desc\"><p>No recomendamos grandes cantidades de dinero en efectivo, escrituras de lotes de cementerio ni instrucciones para arreglos funerarios.<\/p>\n<\/div>\t\t\t\t\t<\/div>\n\t\t\t\t\t\t\t<\/div>\n\t\t\t\t<\/div>\n\n\t<\/div>\n<\/div>\n\n\n<div class=\"co-flex_row co-flex_row__white co-flex_row__faqs\" id=\"faqs\">\n\t<div class=\"co-flex_row--row co-row\">\n\t\t\t<section class=\"co-accords_section\" aria-label=\"Preguntas Frecuentes\">\n\t\t\t<header class=\"co-intro_text\">\n\t\t<h2 class=\"co-intro_text--title\">Preguntas Frecuentes\n\t\t\t\t<svg class=\"heading_shape\" xmlns=\"http:\/\/www.w3.org\/2000\/svg\" width=\"238.55799865722656\" height=\"14.876999855041504\" viewbox=\"0 0 238.558 14.877\">\n\t\t\t\t\t<path id=\"Path_16614\" data-name=\"Path 16614\" d=\"M5118.863,2995.027c15.19-6.542,69.982-8.38,118.5-2.822s90.372,10.077,113.638,2.822\" transform=\"translate(-5115.578 -2986.393)\" fill=\"none\" stroke=\"#ce1126\" stroke-linecap=\"round\" stroke-width=\"5\" class=\"title-shape\"><\/path>\n\t\t\t\t<\/svg>\n\t\t\t<\/h2>\t<\/header>\n\t\t<div class=\"co-accordion\" data-animation=\"on\" data-multi-items=\"on\">\n\t\t\t\t\t\t\t<div class=\"co-accordion--item\">\n\t\t\t\t\t<button\n\t\t\t\t\t\t\t\t\t\t\t\t\tdata-accordid=\"3173\"\n\t\t\t\t\t\t\t\t\t\t\t\tclass=\"co-accordion--header\t\t\t\t\t\t\tjs-accord_toggle\t\t\t\t\t\t\tclosed\"\n\t\t\t\t\t>\n\t\t\t\t\t\t<span class=\"text-md\">\u00bfQu\u00e9 es una caja de seguridad?<\/span>\n\t\t\t\t\t\t<img\n\t\t\t\t\t\t\tsrc=\"https:\/\/www.patriotfcu.org\/wp-content\/themes\/patriotfcu-theme\/images\/dropdown-arrow.svg\"\n\t\t\t\t\t\t\talt=\"Icono de flecha de acorde\u00f3n\"\n\t\t\t\t\t\t\tclass=\"co-accordion--icon no-js:is-hidden\"\n\t\t\t\t\t\t\twidth=\"36\"\n\t\t\t\t\t\t\theight=\"36\"\n\t\t\t\t\t\t>\n\t\t\t\t\t\t<\/button>\n\t\t\t\t\t<div class=\"co-accordion--panel\t\t\t\t\t\tjs-accord_content\">\n\t\t\t\t\t\t<p>Una caja de seguridad es un contenedor de metal resistente que los miembros pueden alquilar para guardar objetos de valor. Estas cajas se guardan en peque\u00f1os compartimentos, cada uno con una cerradura independiente. Las cajas de seguridad est\u00e1n disponibles en diferentes tama\u00f1os para satisfacer las necesidades de los miembros.<\/p>\n\t\t\t\t\t<\/div>\n\t\t\t\t<\/div>\n\t\t\t\t\t\t\t<div class=\"co-accordion--item\">\n\t\t\t\t\t<button\n\t\t\t\t\t\t\t\t\t\t\t\t\tdata-accordid=\"3174\"\n\t\t\t\t\t\t\t\t\t\t\t\tclass=\"co-accordion--header\t\t\t\t\t\t\tjs-accord_toggle\t\t\t\t\t\t\tclosed\"\n\t\t\t\t\t>\n\t\t\t\t\t\t<span class=\"text-md\">\u00bfQui\u00e9n puede alquilar una caja de seguridad?<\/span>\n\t\t\t\t\t\t<img\n\t\t\t\t\t\t\tsrc=\"https:\/\/www.patriotfcu.org\/wp-content\/themes\/patriotfcu-theme\/images\/dropdown-arrow.svg\"\n\t\t\t\t\t\t\talt=\"Icono de flecha de acorde\u00f3n\"\n\t\t\t\t\t\t\tclass=\"co-accordion--icon no-js:is-hidden\"\n\t\t\t\t\t\t\twidth=\"36\"\n\t\t\t\t\t\t\theight=\"36\"\n\t\t\t\t\t\t>\n\t\t\t\t\t\t<\/button>\n\t\t\t\t\t<div class=\"co-accordion--panel\t\t\t\t\t\tjs-accord_content\">\n\t\t\t\t\t\t<p>Las cajas de seguridad est\u00e1n disponibles para todos los miembros de Patriot.<\/p>\n\t\t\t\t\t<\/div>\n\t\t\t\t<\/div>\n\t\t\t\t\t\t\t<div class=\"co-accordion--item\">\n\t\t\t\t\t<button\n\t\t\t\t\t\t\t\t\t\t\t\t\tdata-accordid=\"3177\"\n\t\t\t\t\t\t\t\t\t\t\t\tclass=\"co-accordion--header\t\t\t\t\t\t\tjs-accord_toggle\t\t\t\t\t\t\tclosed\"\n\t\t\t\t\t>\n\t\t\t\t\t\t<span class=\"text-md\">\u00bfEs caro?<\/span>\n\t\t\t\t\t\t<img\n\t\t\t\t\t\t\tsrc=\"https:\/\/www.patriotfcu.org\/wp-content\/themes\/patriotfcu-theme\/images\/dropdown-arrow.svg\"\n\t\t\t\t\t\t\talt=\"Icono de flecha de acorde\u00f3n\"\n\t\t\t\t\t\t\tclass=\"co-accordion--icon no-js:is-hidden\"\n\t\t\t\t\t\t\twidth=\"36\"\n\t\t\t\t\t\t\theight=\"36\"\n\t\t\t\t\t\t>\n\t\t\t\t\t\t<\/button>\n\t\t\t\t\t<div class=\"co-accordion--panel\t\t\t\t\t\tjs-accord_content\">\n\t\t\t\t\t\t<p>No. Es posible alquilar una caja de seguridad por unos centavos al d\u00eda. Hay muchos tama\u00f1os disponibles para su comodidad.<\/p>\n\t\t\t\t\t<\/div>\n\t\t\t\t<\/div>\n\t\t\t\t\t\t\t<div class=\"co-accordion--item\">\n\t\t\t\t\t<button\n\t\t\t\t\t\t\t\t\t\t\t\t\tdata-accordid=\"3178\"\n\t\t\t\t\t\t\t\t\t\t\t\tclass=\"co-accordion--header\t\t\t\t\t\t\tjs-accord_toggle\t\t\t\t\t\t\tclosed\"\n\t\t\t\t\t>\n\t\t\t\t\t\t<span class=\"text-md\">\u00bfPuedo tener acceso a mi caja de seguridad con la libertad que desee?<\/span>\n\t\t\t\t\t\t<img\n\t\t\t\t\t\t\tsrc=\"https:\/\/www.patriotfcu.org\/wp-content\/themes\/patriotfcu-theme\/images\/dropdown-arrow.svg\"\n\t\t\t\t\t\t\talt=\"Icono de flecha de acorde\u00f3n\"\n\t\t\t\t\t\t\tclass=\"co-accordion--icon no-js:is-hidden\"\n\t\t\t\t\t\t\twidth=\"36\"\n\t\t\t\t\t\t\theight=\"36\"\n\t\t\t\t\t\t>\n\t\t\t\t\t\t<\/button>\n\t\t\t\t\t<div class=\"co-accordion--panel\t\t\t\t\t\tjs-accord_content\">\n\t\t\t\t\t\t<p>S\u00ed. Puede acceder a su caja de seguridad en cualquier momento durante el horario comercial habitual.<\/p>\n\t\t\t\t\t<\/div>\n\t\t\t\t<\/div>\n\t\t\t\t\t\t\t<div class=\"co-accordion--item\">\n\t\t\t\t\t<button\n\t\t\t\t\t\t\t\t\t\t\t\t\tdata-accordid=\"3179\"\n\t\t\t\t\t\t\t\t\t\t\t\tclass=\"co-accordion--header\t\t\t\t\t\t\tjs-accord_toggle\t\t\t\t\t\t\tclosed\"\n\t\t\t\t\t>\n\t\t\t\t\t\t<span class=\"text-md\">\u00bfTengo total privacidad?<\/span>\n\t\t\t\t\t\t<img\n\t\t\t\t\t\t\tsrc=\"https:\/\/www.patriotfcu.org\/wp-content\/themes\/patriotfcu-theme\/images\/dropdown-arrow.svg\"\n\t\t\t\t\t\t\talt=\"Icono de flecha de acorde\u00f3n\"\n\t\t\t\t\t\t\tclass=\"co-accordion--icon no-js:is-hidden\"\n\t\t\t\t\t\t\twidth=\"36\"\n\t\t\t\t\t\t\theight=\"36\"\n\t\t\t\t\t\t>\n\t\t\t\t\t\t<\/button>\n\t\t\t\t\t<div class=\"co-accordion--panel\t\t\t\t\t\tjs-accord_content\">\n\t\t\t\t\t\t<p>S\u00ed, llevas tu caja de dep\u00f3sito a una habitaci\u00f3n privada.<\/p>\n\t\t\t\t\t<\/div>\n\t\t\t\t<\/div>\n\t\t\t\t\t\t\t<div class=\"co-accordion--item\">\n\t\t\t\t\t<button\n\t\t\t\t\t\t\t\t\t\t\t\t\tdata-accordid=\"3180\"\n\t\t\t\t\t\t\t\t\t\t\t\tclass=\"co-accordion--header\t\t\t\t\t\t\tjs-accord_toggle\t\t\t\t\t\t\tclosed\"\n\t\t\t\t\t>\n\t\t\t\t\t\t<span class=\"text-md\">\u00bfAlguien m\u00e1s puede tener acceso a mi caja de seguridad?<\/span>\n\t\t\t\t\t\t<img\n\t\t\t\t\t\t\tsrc=\"https:\/\/www.patriotfcu.org\/wp-content\/themes\/patriotfcu-theme\/images\/dropdown-arrow.svg\"\n\t\t\t\t\t\t\talt=\"Icono de flecha de acorde\u00f3n\"\n\t\t\t\t\t\t\tclass=\"co-accordion--icon no-js:is-hidden\"\n\t\t\t\t\t\t\twidth=\"36\"\n\t\t\t\t\t\t\theight=\"36\"\n\t\t\t\t\t\t>\n\t\t\t\t\t\t<\/button>\n\t\t\t\t\t<div class=\"co-accordion--panel\t\t\t\t\t\tjs-accord_content\">\n\t\t\t\t\t\t<p>Nadie a menos que usted proporcione autorizaci\u00f3n.<\/p>\n\t\t\t\t\t<\/div>\n\t\t\t\t<\/div>\n\t\t\t\t\t<\/div>\n\t\t\t<\/section>\n\n\t<\/div>\n<\/div>\n\n\n<div class=\"co-flex_row co-flex_row__white co-flex_row__multi-path-cta\" id=\"rent\">\n\t<div class=\"co-flex_row--row co-row\">\n\t\t\t<div class=\"co-mp_ctas\">\n\t\t\t<header class=\"co-intro_text\">\n\t\t<h2 class=\"co-intro_text--title\">Alquile una caja de seguridad hoy\n\t\t\t\t<svg class=\"heading_shape\" xmlns=\"http:\/\/www.w3.org\/2000\/svg\" width=\"238.55799865722656\" height=\"14.876999855041504\" viewbox=\"0 0 238.558 14.877\">\n\t\t\t\t\t<path id=\"Path_16614\" data-name=\"Path 16614\" d=\"M5118.863,2995.027c15.19-6.542,69.982-8.38,118.5-2.822s90.372,10.077,113.638,2.822\" transform=\"translate(-5115.578 -2986.393)\" fill=\"none\" stroke=\"#ce1126\" stroke-linecap=\"round\" stroke-width=\"5\" class=\"title-shape\"><\/path>\n\t\t\t\t<\/svg>\n\t\t\t<\/h2><div class=\"co-intro_text--intro\"><p>Las cajas de seguridad est\u00e1n disponibles en la oficina de Wayne Avenue, el Centro de Servicios Financieros de Waynesboro (WFSC), la oficina de Gateway Avenue y la oficina de Robinwood.<\/p>\n<\/div>\t<\/header>\n\t\t<div class=\"co-mp_ctas--list prow justify-center\">\n\t\t\t\t\t\t\t\t\t\t\t<div class=\"co-mp_cta pcol-lg:4\">\n\t\t\t\t\t<div class=\"co-mp_cta--title\">\n\t\t\t\t\t\tPonerse en contacto\t\t\t\t\t<\/div>\n\t\t\t\t\t<a class=\"co-mp_cta--link\" href=\"https:\/\/www.patriotfcu.org\/es\/contacto\/\"  >Cont\u00e1ctenos<\/a>\t\t\t\t<\/div>\n\t\t\t\t\t\t\t\t\t\t\t<div class=\"co-mp_cta pcol-lg:4\">\n\t\t\t\t\t<div class=\"co-mp_cta--title\">\n\t\t\t\t\t\tComience en l\u00ednea\t\t\t\t\t<\/div>\n\t\t\t\t\t<a class=\"co-mp_cta--link\" href=\"https:\/\/apply.patriotfcu.org\/apply.aspx?lenderref=patriotfcu062122&#038;list=XASAST\"  >Abrir una cuenta<\/a>\t\t\t\t<\/div>\n\t\t\t\t\t\t\t\t\t\t\t<div class=\"co-mp_cta pcol-lg:4\">\n\t\t\t\t\t<div class=\"co-mp_cta--title\">\n\t\t\t\t\t\tVisita una sucursal\t\t\t\t\t<\/div>\n\t\t\t\t\t<a class=\"co-mp_cta--link\" href=\"https:\/\/www.patriotfcu.org\/es\/ubicaciones-cajeros-automaticos\/\"  >Encu\u00e9ntranos cerca<\/a>\t\t\t\t<\/div>\n\t\t\t\t\t<\/div>\n\t<\/div>\n\n\t<\/div>\n<\/div>\n\n\n<div class=\"co-flex_row co-flex_row__back-to-top\" >\n\t<div class=\"co-flex_row--row co-row\">\n\t\t<div class=\"co-back-to-top\">\t\n  <a class=\"co-back-to-top--link js-scroll_link\" href=\"#\" aria-label=\"\">\n\t\t<img\n\t\t\tclass=\"co-back-to-top--arrow\"\n\t\t\tsrc=\"https:\/\/www.patriotfcu.org\/wp-content\/themes\/patriotfcu-theme\/images\/circled-bordered-arrow.svg\"\n\t\t\talt=\"Bot\u00f3n Volver al principio\"\n\t\t\twidth=\"46\"\n\t\t\theight=\"46\"\n\t\t\tloading=\"lazy\"\n\t\t>\n\t  Volver arriba  <\/a>\n<\/div>\n\n\t<\/div>\n<\/div>\n\n\n<div class=\"co-flex_row co-flex_row__white co-flex_row__last co-flex_row__disclosures\" >\n\t<div class=\"co-flex_row--row co-row\">\n\t\t\n\t<\/div>\n<\/div>","protected":false},"excerpt":{"rendered":"","protected":false},"author":12,"featured_media":0,"parent":2514,"menu_order":0,"comment_status":"closed","ping_status":"closed","template":"","meta":{"_acf_changed":false,"_searchwp_excluded":"","footnotes":""},"class_list":["post-2547","page","type-page","status-publish","hentry"],"acf":[],"yoast_head":"<!-- This site is optimized with the Yoast SEO plugin v27.5 - https:\/\/yoast.com\/product\/yoast-seo-wordpress\/ -->\n<title>Safe Deposit Boxes - Patriot Federal Credit Union<\/title>\n<meta name=\"description\" content=\"Keep your valuables secure with our safe deposit boxes. The perfect storage for your family heirlooms, sentimental treasures, and other legal papers.\" \/>\n<meta name=\"robots\" content=\"index, follow, max-snippet:-1, max-image-preview:large, max-video-preview:-1\" \/>\n<link rel=\"canonical\" href=\"https:\/\/www.patriotfcu.org\/es\/personal\/cajas-de-seguridad\/\" \/>\n<meta property=\"og:locale\" content=\"es_ES\" \/>\n<meta property=\"og:type\" content=\"article\" \/>\n<meta property=\"og:title\" content=\"Safe Deposit Boxes - Patriot Federal Credit Union\" \/>\n<meta property=\"og:description\" content=\"Keep your valuables secure with our safe deposit boxes. The perfect storage for your family heirlooms, sentimental treasures, and other legal papers.\" \/>\n<meta property=\"og:url\" content=\"https:\/\/www.patriotfcu.org\/es\/personal\/cajas-de-seguridad\/\" \/>\n<meta property=\"og:site_name\" content=\"Patriot Federal Credit Union\" \/>\n<meta property=\"article:modified_time\" content=\"2024-02-08T21:28:32+00:00\" \/>\n<meta name=\"twitter:card\" content=\"summary_large_image\" \/>\n<script type=\"application\/ld+json\" class=\"yoast-schema-graph\">{\"@context\":\"https:\\\/\\\/schema.org\",\"@graph\":[{\"@type\":\"WebPage\",\"@id\":\"https:\\\/\\\/www.patriotfcu.org\\\/personal\\\/safe-deposit-boxes\\\/\",\"url\":\"https:\\\/\\\/www.patriotfcu.org\\\/personal\\\/safe-deposit-boxes\\\/\",\"name\":\"Safe Deposit Boxes - Patriot Federal Credit Union\",\"isPartOf\":{\"@id\":\"https:\\\/\\\/www.patriotfcu.org\\\/#website\"},\"datePublished\":\"2023-08-18T23:26:34+00:00\",\"dateModified\":\"2024-02-08T21:28:32+00:00\",\"description\":\"Keep your valuables secure with our safe deposit boxes. The perfect storage for your family heirlooms, sentimental treasures, and other legal papers.\",\"breadcrumb\":{\"@id\":\"https:\\\/\\\/www.patriotfcu.org\\\/personal\\\/safe-deposit-boxes\\\/#breadcrumb\"},\"inLanguage\":\"es-ES\",\"potentialAction\":[{\"@type\":\"ReadAction\",\"target\":[\"https:\\\/\\\/www.patriotfcu.org\\\/personal\\\/safe-deposit-boxes\\\/\"]}]},{\"@type\":\"BreadcrumbList\",\"@id\":\"https:\\\/\\\/www.patriotfcu.org\\\/personal\\\/safe-deposit-boxes\\\/#breadcrumb\",\"itemListElement\":[{\"@type\":\"ListItem\",\"position\":1,\"name\":\"Home\",\"item\":\"https:\\\/\\\/www.patriotfcu.org\\\/\"},{\"@type\":\"ListItem\",\"position\":2,\"name\":\"Personal\",\"item\":\"https:\\\/\\\/www.patriotfcu.org\\\/personal\\\/\"},{\"@type\":\"ListItem\",\"position\":3,\"name\":\"Safe Deposit Boxes\"}]},{\"@type\":\"WebSite\",\"@id\":\"https:\\\/\\\/www.patriotfcu.org\\\/#website\",\"url\":\"https:\\\/\\\/www.patriotfcu.org\\\/\",\"name\":\"Patriot Federal Credit Union\",\"description\":\"Financial Services That Meet Your Need\",\"potentialAction\":[{\"@type\":\"SearchAction\",\"target\":{\"@type\":\"EntryPoint\",\"urlTemplate\":\"https:\\\/\\\/www.patriotfcu.org\\\/?s={search_term_string}\"},\"query-input\":{\"@type\":\"PropertyValueSpecification\",\"valueRequired\":true,\"valueName\":\"search_term_string\"}}],\"inLanguage\":\"es-ES\"}]}<\/script>\n<!-- \/ Yoast SEO plugin. -->","yoast_head_json":{"title":"Cajas de seguridad - Patriot Federal Credit Union","description":"Mantenga sus objetos de valor seguros con nuestras cajas de seguridad. El almacenamiento perfecto para sus reliquias familiares, tesoros sentimentales y otros documentos legales.","robots":{"index":"index","follow":"follow","max-snippet":"max-snippet:-1","max-image-preview":"max-image-preview:large","max-video-preview":"max-video-preview:-1"},"canonical":"https:\/\/www.patriotfcu.org\/es\/personal\/cajas-de-seguridad\/","og_locale":"es_ES","og_type":"article","og_title":"Safe Deposit Boxes - Patriot Federal Credit Union","og_description":"Keep your valuables secure with our safe deposit boxes. The perfect storage for your family heirlooms, sentimental treasures, and other legal papers.","og_url":"https:\/\/www.patriotfcu.org\/es\/personal\/cajas-de-seguridad\/","og_site_name":"Patriot Federal Credit Union","article_modified_time":"2024-02-08T21:28:32+00:00","twitter_card":"summary_large_image","schema":{"@context":"https:\/\/schema.org","@graph":[{"@type":"WebPage","@id":"https:\/\/www.patriotfcu.org\/personal\/safe-deposit-boxes\/","url":"https:\/\/www.patriotfcu.org\/personal\/safe-deposit-boxes\/","name":"Cajas de seguridad - Patriot Federal Credit Union","isPartOf":{"@id":"https:\/\/www.patriotfcu.org\/#website"},"datePublished":"2023-08-18T23:26:34+00:00","dateModified":"2024-02-08T21:28:32+00:00","description":"Mantenga sus objetos de valor seguros con nuestras cajas de seguridad. El almacenamiento perfecto para sus reliquias familiares, tesoros sentimentales y otros documentos legales.","breadcrumb":{"@id":"https:\/\/www.patriotfcu.org\/personal\/safe-deposit-boxes\/#breadcrumb"},"inLanguage":"es-ES","potentialAction":[{"@type":"ReadAction","target":["https:\/\/www.patriotfcu.org\/personal\/safe-deposit-boxes\/"]}]},{"@type":"BreadcrumbList","@id":"https:\/\/www.patriotfcu.org\/personal\/safe-deposit-boxes\/#breadcrumb","itemListElement":[{"@type":"ListItem","position":1,"name":"Home","item":"https:\/\/www.patriotfcu.org\/"},{"@type":"ListItem","position":2,"name":"Personal","item":"https:\/\/www.patriotfcu.org\/personal\/"},{"@type":"ListItem","position":3,"name":"Safe Deposit Boxes"}]},{"@type":"WebSite","@id":"https:\/\/www.patriotfcu.org\/#website","url":"https:\/\/www.patriotfcu.org\/","name":"Patriot Federal Credit Union","description":"Servicios financieros que satisfacen sus necesidades","potentialAction":[{"@type":"SearchAction","target":{"@type":"EntryPoint","urlTemplate":"https:\/\/www.patriotfcu.org\/?s={search_term_string}"},"query-input":{"@type":"PropertyValueSpecification","valueRequired":true,"valueName":"search_term_string"}}],"inLanguage":"es-ES"}]}},"_links":{"self":[{"href":"https:\/\/www.patriotfcu.org\/es\/wp-json\/wp\/v2\/pages\/2547","targetHints":{"allow":["GET"]}}],"collection":[{"href":"https:\/\/www.patriotfcu.org\/es\/wp-json\/wp\/v2\/pages"}],"about":[{"href":"https:\/\/www.patriotfcu.org\/es\/wp-json\/wp\/v2\/types\/page"}],"author":[{"embeddable":true,"href":"https:\/\/www.patriotfcu.org\/es\/wp-json\/wp\/v2\/users\/12"}],"replies":[{"embeddable":true,"href":"https:\/\/www.patriotfcu.org\/es\/wp-json\/wp\/v2\/comments?post=2547"}],"version-history":[{"count":0,"href":"https:\/\/www.patriotfcu.org\/es\/wp-json\/wp\/v2\/pages\/2547\/revisions"}],"up":[{"embeddable":true,"href":"https:\/\/www.patriotfcu.org\/es\/wp-json\/wp\/v2\/pages\/2514"}],"wp:attachment":[{"href":"https:\/\/www.patriotfcu.org\/es\/wp-json\/wp\/v2\/media?parent=2547"}],"curies":[{"name":"Gracias","href":"https:\/\/api.w.org\/{rel}","templated":true}]}}