{"id":2549,"date":"2023-08-18T16:26:34","date_gmt":"2023-08-18T23:26:34","guid":{"rendered":"https:\/\/patriotfcu2.wpengine.com\/business\/checking-savings\/"},"modified":"2024-02-08T08:00:39","modified_gmt":"2024-02-08T13:00:39","slug":"consultando-su-ahorro","status":"publish","type":"page","link":"https:\/\/www.patriotfcu.org\/es\/negocio\/consultando-su-ahorro\/","title":{"rendered":"Cuentas de cheques y de ahorros para empresas"},"content":{"rendered":"<div class=\"co-flex_row co-flex_row__light co-flex_row__page-hero\" >\n\t<div class=\"co-flex_row--row co-row\">\n\t\t\t<header class=\"co-page_hero light co-page_hero__no_image\" aria-label=\"Encabezado: Cuentas corrientes y de ahorro para empresas\">\n\t\t<div class=\"co-page_hero--inner\">\n\t\t\t<div class=\"prow gap:5 items-center\">\n\t\t\t\t\t\t\t\t<div class=\"co-page_hero--text pcol-lg:5\">\n\t\t\t\t\t\t\t\t\t\t<h1 class=\"co-page_hero--title only-title\">\n\t\t\t\t\t\tCuentas de cheques y de ahorros para empresas\t\t\t\t\t<\/h1>\n\t\t\t\t\t\t\t\t\t<\/div>\n\t\t\t<\/div>\n\t\t<\/div>\n\t<\/header>\n\n\t<\/div>\n<\/div>\n\n\n<div class=\"co-flex_row co-flex_row__white co-flex_row__page-intro\" >\n\t<div class=\"co-flex_row--row co-row\">\n\t\t\n\t<\/div>\n<\/div>\n\n\n<div class=\"co-flex_row co-flex_row__white co-flex_row__columns\" >\n\t<div class=\"co-flex_row--row co-row\">\n\t\t\t<div class=\"co-columns\">\n\t\t\t\t\t<div class=\"co-columns--row prow prow-md:2 prow-lg:3 justify-center\">\n\t\t\t\t\t\t\t\t\t<div class=\"co-columns--box co-columns--box_nomedia\">\n\t\t\t\t\t\t<h2 class=\"co-columns--box_headline\" >Cuentas de Cheques Comerciales y Sin Fines de Lucro<\/h2><div class=\"co-columns--box_desc\"><p>Descubra el socio financiero perfecto para su organizaci\u00f3n con nuestras cuentas corrientes comerciales y sin fines de lucro, dise\u00f1adas para agilizar sus transacciones y respaldar su misi\u00f3n.<\/p>\n<\/div><div class=\"co-columns--box_button\"><a class=\"co-columns--button co-button\" href=\"https:\/\/www.patriotfcu.org\/es\/negocio\/cheques-sin-fines-de-lucro\/\"  >Aprende m\u00e1s<\/a><\/div>\t\t\t\t\t<\/div>\n\t\t\t\t\t\t\t\t\t<div class=\"co-columns--box co-columns--box_nomedia\">\n\t\t\t\t\t\t<h2 class=\"co-columns--box_headline\" >Cuentas de Ahorro Comerciales<\/h2><div class=\"co-columns--box_desc\"><p>Maximice el potencial financiero de su empresa con nuestras Cuentas de Ahorros Empresariales, que ofrecen tasas de dividendos competitivas y acceso conveniente a sus fondos.<\/p>\n<\/div><div class=\"co-columns--box_button\"><a class=\"co-columns--button co-button\" href=\"https:\/\/www.patriotfcu.org\/es\/negocio\/guardando-cuentas\/\"  >Aprende m\u00e1s<\/a><\/div>\t\t\t\t\t<\/div>\n\t\t\t\t\t\t\t\t\t<div class=\"co-columns--box co-columns--box_nomedia\">\n\t\t\t\t\t\t<h2 class=\"co-columns--box_headline\" >Certificados Comerciales<\/h2><div class=\"co-columns--box_desc\"><p>Haga crecer su negocio de manera inteligente con nuestros Certificados comerciales, que brindan una opci\u00f3n de inversi\u00f3n segura y de alto rendimiento para ayudar a que sus ahorros florezcan.<\/p>\n<\/div><div class=\"co-columns--box_button\"><a class=\"co-columns--button co-button\" href=\"https:\/\/www.patriotfcu.org\/es\/negocio\/certificados\/\"  >Aprende m\u00e1s<\/a><\/div>\t\t\t\t\t<\/div>\n\t\t\t\t\t\t\t<\/div>\n\t\t\t\t<\/div>\n\n\t<\/div>\n<\/div>\n\n\n<div class=\"co-flex_row co-flex_row__white co-flex_row__last co-flex_row__disclosures\" >\n\t<div class=\"co-flex_row--row co-row\">\n\t\t\t<div class=\"co-disclosures\">\n\t\t<h2 class=\"co-disclosures--title\">Divulgaciones<\/h2>\n\t\t<div class=\"co-disclosures--content\">\n\t\t\t\t\t\t\t<ul>\n\t\t\t\t\t\t\t\t\t\t\t<li>\n\t\t\t\t\t\t\t\t\t\t\t\t\t\t<p>Esta cooperativa de cr\u00e9dito est\u00e1 asegurada a nivel federal por la Administraci\u00f3n Nacional de Cooperativas de Cr\u00e9dito.<\/p>\n\t\t\t\t\t\t<\/li>\n\t\t\t\t\t\t\t\t\t<\/ul>\n\t\t\t\t\t<\/div>\n\t<\/div>\n\n\t<\/div>\n<\/div>","protected":false},"excerpt":{"rendered":"","protected":false},"author":9,"featured_media":0,"parent":2548,"menu_order":0,"comment_status":"closed","ping_status":"closed","template":"","meta":{"_acf_changed":false,"_searchwp_excluded":"","footnotes":""},"class_list":["post-2549","page","type-page","status-publish","hentry"],"acf":[],"yoast_head":"<!-- This site is optimized with the Yoast SEO plugin v27.2 - https:\/\/yoast.com\/product\/yoast-seo-wordpress\/ -->\n<title>Business Checking &amp; Savings - Patriot Federal Credit Union<\/title>\n<meta name=\"description\" content=\"Simplify your business financing with our comprehensive checking and savings solutions. Click to see our options and convenient benefits.\" \/>\n<meta name=\"robots\" content=\"index, follow, max-snippet:-1, max-image-preview:large, max-video-preview:-1\" \/>\n<link rel=\"canonical\" href=\"https:\/\/www.patriotfcu.org\/es\/negocio\/consultando-su-ahorro\/\" \/>\n<meta property=\"og:locale\" content=\"es_ES\" \/>\n<meta property=\"og:type\" content=\"article\" \/>\n<meta property=\"og:title\" content=\"Business Checking &amp; Savings - Patriot Federal Credit Union\" \/>\n<meta property=\"og:description\" content=\"Simplify your business financing with our comprehensive checking and savings solutions. Click to see our options and convenient benefits.\" \/>\n<meta property=\"og:url\" content=\"https:\/\/www.patriotfcu.org\/es\/negocio\/consultando-su-ahorro\/\" \/>\n<meta property=\"og:site_name\" content=\"Patriot Federal Credit Union\" \/>\n<meta property=\"article:modified_time\" content=\"2024-02-08T13:00:39+00:00\" \/>\n<meta name=\"twitter:card\" content=\"summary_large_image\" \/>\n<script type=\"application\/ld+json\" class=\"yoast-schema-graph\">{\"@context\":\"https:\/\/schema.org\",\"@graph\":[{\"@type\":\"WebPage\",\"@id\":\"https:\/\/www.patriotfcu.org\/business\/checking-savings\/\",\"url\":\"https:\/\/www.patriotfcu.org\/business\/checking-savings\/\",\"name\":\"Business Checking & Savings - Patriot Federal Credit Union\",\"isPartOf\":{\"@id\":\"https:\/\/www.patriotfcu.org\/#website\"},\"datePublished\":\"2023-08-18T23:26:34+00:00\",\"dateModified\":\"2024-02-08T13:00:39+00:00\",\"description\":\"Simplify your business financing with our comprehensive checking and savings solutions. Click to see our options and convenient benefits.\",\"breadcrumb\":{\"@id\":\"https:\/\/www.patriotfcu.org\/business\/checking-savings\/#breadcrumb\"},\"inLanguage\":\"es-ES\",\"potentialAction\":[{\"@type\":\"ReadAction\",\"target\":[\"https:\/\/www.patriotfcu.org\/business\/checking-savings\/\"]}]},{\"@type\":\"BreadcrumbList\",\"@id\":\"https:\/\/www.patriotfcu.org\/business\/checking-savings\/#breadcrumb\",\"itemListElement\":[{\"@type\":\"ListItem\",\"position\":1,\"name\":\"Home\",\"item\":\"https:\/\/www.patriotfcu.org\/\"},{\"@type\":\"ListItem\",\"position\":2,\"name\":\"Business\",\"item\":\"https:\/\/www.patriotfcu.org\/business\/\"},{\"@type\":\"ListItem\",\"position\":3,\"name\":\"Business Checking &#038; Savings\"}]},{\"@type\":\"WebSite\",\"@id\":\"https:\/\/www.patriotfcu.org\/#website\",\"url\":\"https:\/\/www.patriotfcu.org\/\",\"name\":\"Patriot Federal Credit Union\",\"description\":\"Financial Services That Meet Your Need\",\"potentialAction\":[{\"@type\":\"SearchAction\",\"target\":{\"@type\":\"EntryPoint\",\"urlTemplate\":\"https:\/\/www.patriotfcu.org\/?s={search_term_string}\"},\"query-input\":{\"@type\":\"PropertyValueSpecification\",\"valueRequired\":true,\"valueName\":\"search_term_string\"}}],\"inLanguage\":\"es-ES\"}]}<\/script>\n<!-- \/ Yoast SEO plugin. -->","yoast_head_json":{"title":"Cuentas corrientes y de ahorros para empresas - Patriot Federal Credit Union","description":"Simplifique la financiaci\u00f3n de su negocio con nuestras soluciones integrales de cuentas corrientes y de ahorro. Haga clic para ver nuestras opciones y beneficios convenientes.","robots":{"index":"index","follow":"follow","max-snippet":"max-snippet:-1","max-image-preview":"max-image-preview:large","max-video-preview":"max-video-preview:-1"},"canonical":"https:\/\/www.patriotfcu.org\/es\/negocio\/consultando-su-ahorro\/","og_locale":"es_ES","og_type":"article","og_title":"Business Checking & Savings - Patriot Federal Credit Union","og_description":"Simplify your business financing with our comprehensive checking and savings solutions. Click to see our options and convenient benefits.","og_url":"https:\/\/www.patriotfcu.org\/es\/negocio\/consultando-su-ahorro\/","og_site_name":"Patriot Federal Credit Union","article_modified_time":"2024-02-08T13:00:39+00:00","twitter_card":"summary_large_image","schema":{"@context":"https:\/\/schema.org","@graph":[{"@type":"WebPage","@id":"https:\/\/www.patriotfcu.org\/business\/checking-savings\/","url":"https:\/\/www.patriotfcu.org\/business\/checking-savings\/","name":"Cuentas corrientes y de ahorros para empresas - Patriot Federal Credit Union","isPartOf":{"@id":"https:\/\/www.patriotfcu.org\/#website"},"datePublished":"2023-08-18T23:26:34+00:00","dateModified":"2024-02-08T13:00:39+00:00","description":"Simplifique la financiaci\u00f3n de su negocio con nuestras soluciones integrales de cuentas corrientes y de ahorro. Haga clic para ver nuestras opciones y beneficios convenientes.","breadcrumb":{"@id":"https:\/\/www.patriotfcu.org\/business\/checking-savings\/#breadcrumb"},"inLanguage":"es-ES","potentialAction":[{"@type":"ReadAction","target":["https:\/\/www.patriotfcu.org\/business\/checking-savings\/"]}]},{"@type":"BreadcrumbList","@id":"https:\/\/www.patriotfcu.org\/business\/checking-savings\/#breadcrumb","itemListElement":[{"@type":"ListItem","position":1,"name":"Home","item":"https:\/\/www.patriotfcu.org\/"},{"@type":"ListItem","position":2,"name":"Business","item":"https:\/\/www.patriotfcu.org\/business\/"},{"@type":"ListItem","position":3,"name":"Business Checking &#038; Savings"}]},{"@type":"WebSite","@id":"https:\/\/www.patriotfcu.org\/#website","url":"https:\/\/www.patriotfcu.org\/","name":"Patriot Federal Credit Union","description":"Servicios financieros que satisfacen sus necesidades","potentialAction":[{"@type":"SearchAction","target":{"@type":"EntryPoint","urlTemplate":"https:\/\/www.patriotfcu.org\/?s={search_term_string}"},"query-input":{"@type":"PropertyValueSpecification","valueRequired":true,"valueName":"search_term_string"}}],"inLanguage":"es-ES"}]}},"_links":{"self":[{"href":"https:\/\/www.patriotfcu.org\/es\/wp-json\/wp\/v2\/pages\/2549","targetHints":{"allow":["GET"]}}],"collection":[{"href":"https:\/\/www.patriotfcu.org\/es\/wp-json\/wp\/v2\/pages"}],"about":[{"href":"https:\/\/www.patriotfcu.org\/es\/wp-json\/wp\/v2\/types\/page"}],"author":[{"embeddable":true,"href":"https:\/\/www.patriotfcu.org\/es\/wp-json\/wp\/v2\/users\/9"}],"replies":[{"embeddable":true,"href":"https:\/\/www.patriotfcu.org\/es\/wp-json\/wp\/v2\/comments?post=2549"}],"version-history":[{"count":0,"href":"https:\/\/www.patriotfcu.org\/es\/wp-json\/wp\/v2\/pages\/2549\/revisions"}],"up":[{"embeddable":true,"href":"https:\/\/www.patriotfcu.org\/es\/wp-json\/wp\/v2\/pages\/2548"}],"wp:attachment":[{"href":"https:\/\/www.patriotfcu.org\/es\/wp-json\/wp\/v2\/media?parent=2549"}],"curies":[{"name":"Gracias","href":"https:\/\/api.w.org\/{rel}","templated":true}]}}