{"id":2553,"date":"2023-08-18T16:26:34","date_gmt":"2023-08-18T23:26:34","guid":{"rendered":"https:\/\/patriotfcu2.wpengine.com\/business\/loans-credit-cards\/"},"modified":"2024-02-08T08:00:09","modified_gmt":"2024-02-08T13:00:09","slug":"prestamos-tarjetas-de-credito","status":"publish","type":"page","link":"https:\/\/www.patriotfcu.org\/es\/business\/loans-credit-cards\/","title":{"rendered":"Pr\u00e9stamos comerciales y tarjetas de cr\u00e9dito"},"content":{"rendered":"<div class=\"co-flex_row co-flex_row__light co-flex_row__page-hero\" >\n\t<div class=\"co-flex_row--row co-row\">\n\t\t\t<header class=\"co-page_hero light co-page_hero__no_image\" aria-label=\"Encabezado: Pr\u00e9stamos comerciales y tarjetas de cr\u00e9dito\">\n\t\t<div class=\"co-page_hero--inner\">\n\t\t\t<div class=\"prow gap:5 items-center\">\n\t\t\t\t\t\t\t\t<div class=\"co-page_hero--text pcol-lg:5\">\n\t\t\t\t\t\t\t\t\t\t<h1 class=\"co-page_hero--title only-title\">\n\t\t\t\t\t\tPr\u00e9stamos comerciales y tarjetas de cr\u00e9dito\t\t\t\t\t<\/h1>\n\t\t\t\t\t\t\t\t\t<\/div>\n\t\t\t<\/div>\n\t\t<\/div>\n\t<\/header>\n\n\t<\/div>\n<\/div>\n\n\n<div class=\"co-flex_row co-flex_row__white co-flex_row__page-intro\" >\n\t<div class=\"co-flex_row--row co-row\">\n\t\t\n\t<\/div>\n<\/div>\n\n\n<div class=\"co-flex_row co-flex_row__white co-flex_row__columns\" >\n\t<div class=\"co-flex_row--row co-row\">\n\t\t\t<div class=\"co-columns\">\n\t\t\t\t\t<div class=\"co-columns--row prow prow-md:2 prow-lg:3 justify-center\">\n\t\t\t\t\t\t\t\t\t<div class=\"co-columns--box co-columns--box_nomedia\">\n\t\t\t\t\t\t<h2 class=\"co-columns--box_headline\" >Tarjetas de Cr\u00e9dito Comerciales<\/h2><div class=\"co-columns--box_desc\"><p>Mejore su negocio con nuestras tarjetas de cr\u00e9dito comerciales personalizadas, que ofrecen opciones de gasto flexibles y recompensas dise\u00f1adas para mejorar sus resultados.<\/p>\n<\/div><div class=\"co-columns--box_button\"><a class=\"co-columns--button co-button\" href=\"https:\/\/www.patriotfcu.org\/es\/negocio\/tarjetas-de-credito\/\"  >Leer m\u00e1s<\/a><\/div>\t\t\t\t\t<\/div>\n\t\t\t\t\t\t\t\t\t<div class=\"co-columns--box co-columns--box_nomedia\">\n\t\t\t\t\t\t<h2 class=\"co-columns--box_headline\" >Pr\u00e9stamos Comerciales y L\u00edneas de Cr\u00e9dito<\/h2><div class=\"co-columns--box_desc\"><p>Impulse el crecimiento de su empresa con nuestros pr\u00e9stamos comerciales y l\u00edneas de cr\u00e9dito, que brindan el apoyo financiero y la flexibilidad que su empresa necesita para prosperar.<\/p>\n<\/div><div class=\"co-columns--box_button\"><a class=\"co-columns--button co-button\" href=\"https:\/\/www.patriotfcu.org\/es\/negocio\/lineas-de-credito-de-prestamos\/\"  >Leer m\u00e1s<\/a><\/div>\t\t\t\t\t<\/div>\n\t\t\t\t\t\t\t\t\t<div class=\"co-columns--box co-columns--box_nomedia\">\n\t\t\t\t\t\t<h2 class=\"co-columns--box_headline\" >Pr\u00e9stamos Inmobiliarios Comerciales<\/h2><div class=\"co-columns--box_desc\"><p>Invierta en el futuro de su negocio con nuestros pr\u00e9stamos para bienes ra\u00edces comerciales, que ofrecen tasas competitivas y orientaci\u00f3n experta para sus necesidades de propiedad comercial.<\/p>\n<\/div><div class=\"co-columns--box_button\"><a class=\"co-columns--button co-button\" href=\"https:\/\/www.patriotfcu.org\/es\/negocio\/prestamos-inmobiliarios\/\"  >Leer m\u00e1s<\/a><\/div>\t\t\t\t\t<\/div>\n\t\t\t\t\t\t\t<\/div>\n\t\t\t\t<\/div>\n\n\t<\/div>\n<\/div>\n\n\n<div class=\"co-flex_row co-flex_row__white co-flex_row__last co-flex_row__disclosures\" >\n\t<div class=\"co-flex_row--row co-row\">\n\t\t\t<div class=\"co-disclosures\">\n\t\t<h2 class=\"co-disclosures--title\">Divulgaciones<\/h2>\n\t\t<div class=\"co-disclosures--content\">\n\t\t\t\t\t\t\t<ul>\n\t\t\t\t\t\t\t\t\t\t\t<li>\n\t\t\t\t\t\t\t\t\t\t\t\t\t\t<p>Prestamista de vivienda equitativa<\/p>\n\t\t\t\t\t\t<\/li>\n\t\t\t\t\t\t\t\t\t\t\t<li>\n\t\t\t\t\t\t\t\t\t\t\t\t\t\t<p>Esta cooperativa de cr\u00e9dito est\u00e1 asegurada a nivel federal por la Administraci\u00f3n Nacional de Cooperativas de Cr\u00e9dito.<\/p>\n\t\t\t\t\t\t<\/li>\n\t\t\t\t\t\t\t\t\t<\/ul>\n\t\t\t\t\t<\/div>\n\t<\/div>\n\n\t<\/div>\n<\/div>","protected":false},"excerpt":{"rendered":"","protected":false},"author":12,"featured_media":0,"parent":2548,"menu_order":0,"comment_status":"closed","ping_status":"closed","template":"","meta":{"_acf_changed":false,"_searchwp_excluded":"","footnotes":""},"class_list":["post-2553","page","type-page","status-publish","hentry"],"acf":[],"yoast_head":"<!-- This site is optimized with the Yoast SEO plugin v27.5 - https:\/\/yoast.com\/product\/yoast-seo-wordpress\/ -->\n<title>Business Loans &amp; Credit Cards - Patriot Federal Credit Union<\/title>\n<meta name=\"description\" content=\"Our flexible financing options and competitive credit card solutions can help you unlock growth opportunities for your business. Click to learn more!\" \/>\n<meta name=\"robots\" content=\"index, follow, max-snippet:-1, max-image-preview:large, max-video-preview:-1\" \/>\n<link rel=\"canonical\" href=\"https:\/\/www.patriotfcu.org\/es\/negocio\/prestamos-tarjetas-de-credito\/\" \/>\n<meta property=\"og:locale\" content=\"es_ES\" \/>\n<meta property=\"og:type\" content=\"article\" \/>\n<meta property=\"og:title\" content=\"Business Loans &amp; Credit Cards - Patriot Federal Credit Union\" \/>\n<meta property=\"og:description\" content=\"Our flexible financing options and competitive credit card solutions can help you unlock growth opportunities for your business. Click to learn more!\" \/>\n<meta property=\"og:url\" content=\"https:\/\/www.patriotfcu.org\/es\/negocio\/prestamos-tarjetas-de-credito\/\" \/>\n<meta property=\"og:site_name\" content=\"Patriot Federal Credit Union\" \/>\n<meta property=\"article:modified_time\" content=\"2024-02-08T13:00:09+00:00\" \/>\n<meta name=\"twitter:card\" content=\"summary_large_image\" \/>\n<script type=\"application\/ld+json\" class=\"yoast-schema-graph\">{\"@context\":\"https:\\\/\\\/schema.org\",\"@graph\":[{\"@type\":\"WebPage\",\"@id\":\"https:\\\/\\\/www.patriotfcu.org\\\/business\\\/loans-credit-cards\\\/\",\"url\":\"https:\\\/\\\/www.patriotfcu.org\\\/business\\\/loans-credit-cards\\\/\",\"name\":\"Business Loans & Credit Cards - Patriot Federal Credit Union\",\"isPartOf\":{\"@id\":\"https:\\\/\\\/www.patriotfcu.org\\\/#website\"},\"datePublished\":\"2023-08-18T23:26:34+00:00\",\"dateModified\":\"2024-02-08T13:00:09+00:00\",\"description\":\"Our flexible financing options and competitive credit card solutions can help you unlock growth opportunities for your business. Click to learn more!\",\"breadcrumb\":{\"@id\":\"https:\\\/\\\/www.patriotfcu.org\\\/business\\\/loans-credit-cards\\\/#breadcrumb\"},\"inLanguage\":\"es-ES\",\"potentialAction\":[{\"@type\":\"ReadAction\",\"target\":[\"https:\\\/\\\/www.patriotfcu.org\\\/business\\\/loans-credit-cards\\\/\"]}]},{\"@type\":\"BreadcrumbList\",\"@id\":\"https:\\\/\\\/www.patriotfcu.org\\\/business\\\/loans-credit-cards\\\/#breadcrumb\",\"itemListElement\":[{\"@type\":\"ListItem\",\"position\":1,\"name\":\"Home\",\"item\":\"https:\\\/\\\/www.patriotfcu.org\\\/\"},{\"@type\":\"ListItem\",\"position\":2,\"name\":\"Business\",\"item\":\"https:\\\/\\\/www.patriotfcu.org\\\/business\\\/\"},{\"@type\":\"ListItem\",\"position\":3,\"name\":\"Business Loans &#038; Credit Cards\"}]},{\"@type\":\"WebSite\",\"@id\":\"https:\\\/\\\/www.patriotfcu.org\\\/#website\",\"url\":\"https:\\\/\\\/www.patriotfcu.org\\\/\",\"name\":\"Patriot Federal Credit Union\",\"description\":\"Financial Services That Meet Your Need\",\"potentialAction\":[{\"@type\":\"SearchAction\",\"target\":{\"@type\":\"EntryPoint\",\"urlTemplate\":\"https:\\\/\\\/www.patriotfcu.org\\\/?s={search_term_string}\"},\"query-input\":{\"@type\":\"PropertyValueSpecification\",\"valueRequired\":true,\"valueName\":\"search_term_string\"}}],\"inLanguage\":\"es-ES\"}]}<\/script>\n<!-- \/ Yoast SEO plugin. -->","yoast_head_json":{"title":"Pr\u00e9stamos comerciales y tarjetas de cr\u00e9dito - Patriot Federal Credit Union","description":"Nuestras opciones de financiamiento flexibles y soluciones competitivas de tarjetas de cr\u00e9dito pueden ayudarlo a desbloquear oportunidades de crecimiento para su negocio. \u00a1Haz click para aprender mas!","robots":{"index":"index","follow":"follow","max-snippet":"max-snippet:-1","max-image-preview":"max-image-preview:large","max-video-preview":"max-video-preview:-1"},"canonical":"https:\/\/www.patriotfcu.org\/es\/negocio\/prestamos-tarjetas-de-credito\/","og_locale":"es_ES","og_type":"article","og_title":"Business Loans & Credit Cards - Patriot Federal Credit Union","og_description":"Our flexible financing options and competitive credit card solutions can help you unlock growth opportunities for your business. Click to learn more!","og_url":"https:\/\/www.patriotfcu.org\/es\/negocio\/prestamos-tarjetas-de-credito\/","og_site_name":"Patriot Federal Credit Union","article_modified_time":"2024-02-08T13:00:09+00:00","twitter_card":"summary_large_image","schema":{"@context":"https:\/\/schema.org","@graph":[{"@type":"WebPage","@id":"https:\/\/www.patriotfcu.org\/business\/loans-credit-cards\/","url":"https:\/\/www.patriotfcu.org\/business\/loans-credit-cards\/","name":"Pr\u00e9stamos comerciales y tarjetas de cr\u00e9dito - Patriot Federal Credit Union","isPartOf":{"@id":"https:\/\/www.patriotfcu.org\/#website"},"datePublished":"2023-08-18T23:26:34+00:00","dateModified":"2024-02-08T13:00:09+00:00","description":"Nuestras opciones de financiamiento flexibles y soluciones competitivas de tarjetas de cr\u00e9dito pueden ayudarlo a desbloquear oportunidades de crecimiento para su negocio. \u00a1Haz click para aprender mas!","breadcrumb":{"@id":"https:\/\/www.patriotfcu.org\/business\/loans-credit-cards\/#breadcrumb"},"inLanguage":"es-ES","potentialAction":[{"@type":"ReadAction","target":["https:\/\/www.patriotfcu.org\/business\/loans-credit-cards\/"]}]},{"@type":"BreadcrumbList","@id":"https:\/\/www.patriotfcu.org\/business\/loans-credit-cards\/#breadcrumb","itemListElement":[{"@type":"ListItem","position":1,"name":"Home","item":"https:\/\/www.patriotfcu.org\/"},{"@type":"ListItem","position":2,"name":"Business","item":"https:\/\/www.patriotfcu.org\/business\/"},{"@type":"ListItem","position":3,"name":"Business Loans &#038; Credit Cards"}]},{"@type":"WebSite","@id":"https:\/\/www.patriotfcu.org\/#website","url":"https:\/\/www.patriotfcu.org\/","name":"Patriot Federal Credit Union","description":"Servicios financieros que satisfacen sus necesidades","potentialAction":[{"@type":"SearchAction","target":{"@type":"EntryPoint","urlTemplate":"https:\/\/www.patriotfcu.org\/?s={search_term_string}"},"query-input":{"@type":"PropertyValueSpecification","valueRequired":true,"valueName":"search_term_string"}}],"inLanguage":"es-ES"}]}},"_links":{"self":[{"href":"https:\/\/www.patriotfcu.org\/es\/wp-json\/wp\/v2\/pages\/2553","targetHints":{"allow":["GET"]}}],"collection":[{"href":"https:\/\/www.patriotfcu.org\/es\/wp-json\/wp\/v2\/pages"}],"about":[{"href":"https:\/\/www.patriotfcu.org\/es\/wp-json\/wp\/v2\/types\/page"}],"author":[{"embeddable":true,"href":"https:\/\/www.patriotfcu.org\/es\/wp-json\/wp\/v2\/users\/12"}],"replies":[{"embeddable":true,"href":"https:\/\/www.patriotfcu.org\/es\/wp-json\/wp\/v2\/comments?post=2553"}],"version-history":[{"count":0,"href":"https:\/\/www.patriotfcu.org\/es\/wp-json\/wp\/v2\/pages\/2553\/revisions"}],"up":[{"embeddable":true,"href":"https:\/\/www.patriotfcu.org\/es\/wp-json\/wp\/v2\/pages\/2548"}],"wp:attachment":[{"href":"https:\/\/www.patriotfcu.org\/es\/wp-json\/wp\/v2\/media?parent=2553"}],"curies":[{"name":"Gracias","href":"https:\/\/api.w.org\/{rel}","templated":true}]}}