{"id":2561,"date":"2023-08-18T16:26:34","date_gmt":"2023-08-18T23:26:34","guid":{"rendered":"https:\/\/patriotfcu2.wpengine.com\/security-education\/"},"modified":"2024-02-08T08:15:53","modified_gmt":"2024-02-08T13:15:53","slug":"educacion-de-seguridad","status":"publish","type":"page","link":"https:\/\/www.patriotfcu.org\/es\/security-education\/","title":{"rendered":"Seguridad y educaci\u00f3n"},"content":{"rendered":"<div class=\"co-flex_row co-flex_row__light co-flex_row__page-hero\" >\n\t<div class=\"co-flex_row--row co-row\">\n\t\t\t<header class=\"co-page_hero light co-page_hero__no_image\" aria-label=\"Encabezado: Seguridad y Educaci\u00f3n\">\n\t\t<div class=\"co-page_hero--inner\">\n\t\t\t<div class=\"prow gap:5 items-center\">\n\t\t\t\t\t\t\t\t<div class=\"co-page_hero--text pcol-lg:5\">\n\t\t\t\t\t\t\t\t\t\t<h1 class=\"co-page_hero--title only-title\">\n\t\t\t\t\t\tSeguridad y educaci\u00f3n\t\t\t\t\t<\/h1>\n\t\t\t\t\t\t\t\t\t<\/div>\n\t\t\t<\/div>\n\t\t<\/div>\n\t<\/header>\n\n\t<\/div>\n<\/div>\n\n\n<div class=\"co-flex_row co-flex_row__white co-flex_row__page-intro\" >\n\t<div class=\"co-flex_row--row co-row\">\n\t\t\n\t<\/div>\n<\/div>\n\n\n<div class=\"co-flex_row co-flex_row__white co-flex_row__last co-flex_row__columns\" >\n\t<div class=\"co-flex_row--row co-row\">\n\t\t\t<div class=\"co-columns\">\n\t\t\t\t\t<div class=\"co-columns--row prow prow-md:2 prow-lg:4 justify-center\">\n\t\t\t\t\t\t\t\t\t<div class=\"co-columns--box co-columns--box_nomedia\">\n\t\t\t\t\t\t<h2 class=\"co-columns--box_headline\" >Seguridad en L\u00ednea<\/h2><div class=\"co-columns--box_desc\"><p>Revise nuestros consejos para ayudarle a evitar comprometer su informaci\u00f3n en l\u00ednea.<\/p>\n<\/div><div class=\"co-columns--box_button\"><a class=\"co-columns--button co-button\" href=\"https:\/\/www.patriotfcu.org\/es\/seguridad-en-linea\/\"  >Obtenga los \u00faltimos consejos<\/a><\/div>\t\t\t\t\t<\/div>\n\t\t\t\t\t\t\t\t\t<div class=\"co-columns--box co-columns--box_nomedia\">\n\t\t\t\t\t\t<h2 class=\"co-columns--box_headline\" >Alertas de Fraude y Estafa<\/h2><div class=\"co-columns--box_desc\"><p>A medida que tengamos conocimiento de estafas que podr\u00edan afectar a nuestros miembros, podr\u00e1 ver las alertas publicadas en nuestro sitio web.<\/p>\n<\/div><div class=\"co-columns--box_button\"><a class=\"co-columns--button co-button\" href=\"https:\/\/www.patriotfcu.org\/es\/alertas-de-fraude\/\"  >Ver alertas recientes<\/a><\/div>\t\t\t\t\t<\/div>\n\t\t\t\t\t\t\t\t\t<div class=\"co-columns--box co-columns--box_nomedia\">\n\t\t\t\t\t\t<h2 class=\"co-columns--box_headline\" >Blog<\/h2><div class=\"co-columns--box_desc\"><p>Mant\u00e9ngase informado sobre las \u00faltimas noticias sobre cooperativas de cr\u00e9dito, gane confianza financiera y tome mejores decisiones con su dinero cuando explore nuestro blog.<\/p>\n<\/div><div class=\"co-columns--box_button\"><a class=\"co-columns--button co-button\" href=\"https:\/\/www.patriotfcu.org\/es\/blog\/\"  >Explora nuestro blog<\/a><\/div>\t\t\t\t\t<\/div>\n\t\t\t\t\t\t\t\t\t<div class=\"co-columns--box co-columns--box_nomedia\">\n\t\t\t\t\t\t<h2 class=\"co-columns--box_headline\" >Seminarios<\/h2><div class=\"co-columns--box_desc\"><p>Mejore sus conocimientos financieros, genere confianza en sus habilidades de administraci\u00f3n del dinero y alcance sus objetivos financieros. <\/p>\n<\/div><div class=\"co-columns--box_button\"><a class=\"co-columns--button co-button\" href=\"https:\/\/www.patriotfcu.org\/es\/seminarios\/inscribirse\/\"  >Ver los \u00faltimos seminarios<\/a><\/div>\t\t\t\t\t<\/div>\n\t\t\t\t\t\t\t\t\t<div class=\"co-columns--box co-columns--box_nomedia\">\n\t\t\t\t\t\t<h2 class=\"co-columns--box_headline\" >Educaci\u00f3n y asesoramiento financiero<\/h2><div class=\"co-columns--box_desc\"><p>Mant\u00e9ngase informado sobre todo lo relacionado con las finanzas personales, la administraci\u00f3n inteligente del dinero, las inversiones y la creaci\u00f3n de patrimonio.<\/p>\n<\/div><div class=\"co-columns--box_button\"><a class=\"co-columns--button co-button\" href=\"https:\/\/www.patriotfcu.org\/es\/consejeria-de-educacion-financiera\/\"  >Aprende m\u00e1s<\/a><\/div>\t\t\t\t\t<\/div>\n\t\t\t\t\t\t\t\t\t<div class=\"co-columns--box co-columns--box_nomedia\">\n\t\t\t\t\t\t<h2 class=\"co-columns--box_headline\" >Bolet\u00edn para Miembros<\/h2><div class=\"co-columns--box_desc\"><p>Expanding Horizons es su bolet\u00edn trimestral, lleno de consejos \u00fatiles, noticias sobre cooperativas de cr\u00e9dito y m\u00e1s. Haga clic a continuaci\u00f3n para ver n\u00fameros actuales y pasados.<\/p>\n<\/div><div class=\"co-columns--box_button\"><a class=\"co-columns--button co-button\" href=\"https:\/\/www.patriotfcu.org\/es\/boletin-de-miembros\/\"  >Lea nuestro \u00faltimo bolet\u00edn<\/a><\/div>\t\t\t\t\t<\/div>\n\t\t\t\t\t\t\t\t\t<div class=\"co-columns--box co-columns--box_nomedia\">\n\t\t\t\t\t\t<h2 class=\"co-columns--box_headline\" >Calculadoras Financieras<\/h2><div class=\"co-columns--box_desc\"><p>Utilice nuestras sencillas calculadoras en l\u00ednea para estimar los pagos de pr\u00e9stamos, ahorrar para su futuro, pagar o consolidar deudas, elegir una inversi\u00f3n y m\u00e1s.<\/p>\n<\/div><div class=\"co-columns--box_button\"><a class=\"co-columns--button co-button\" href=\"https:\/\/www.patriotfcu.org\/es\/calculadoras-financieras\/\"  >Encuentra una calculadora<\/a><\/div>\t\t\t\t\t<\/div>\n\t\t\t\t\t\t\t\t\t<div class=\"co-columns--box co-columns--box_nomedia\">\n\t\t\t\t\t\t<h2 class=\"co-columns--box_headline\" >Concurso de Beca<\/h2><div class=\"co-columns--box_desc\"><p>Si planea asistir a una instituci\u00f3n de educaci\u00f3n superior inmediatamente despu\u00e9s de graduarse, es posible que le interese el concurso de becas en memoria de Richard E. Baumunk de Patriot.<\/p>\n<\/div><div class=\"co-columns--box_button\"><a class=\"co-columns--button co-button\" href=\"https:\/\/www.patriotfcu.org\/es\/concurso-de-becas\/\"  >Aprende m\u00e1s<\/a><\/div>\t\t\t\t\t<\/div>\n\t\t\t\t\t\t\t<\/div>\n\t\t\t\t<\/div>\n\n\t<\/div>\n<\/div>","protected":false},"excerpt":{"rendered":"","protected":false},"author":12,"featured_media":0,"parent":0,"menu_order":0,"comment_status":"closed","ping_status":"closed","template":"","meta":{"_acf_changed":false,"_searchwp_excluded":"","footnotes":""},"class_list":["post-2561","page","type-page","status-publish","hentry"],"acf":[],"yoast_head":"<!-- This site is optimized with the Yoast SEO plugin v27.5 - https:\/\/yoast.com\/product\/yoast-seo-wordpress\/ -->\n<title>Security &amp; Education - Patriot Federal Credit Union<\/title>\n<meta name=\"description\" content=\"Strengthen your financial savvy. Explore our security resources and educational tools for smarter banking decisions.\" \/>\n<meta name=\"robots\" content=\"index, follow, max-snippet:-1, max-image-preview:large, max-video-preview:-1\" \/>\n<link rel=\"canonical\" href=\"https:\/\/www.patriotfcu.org\/es\/educacion-de-seguridad\/\" \/>\n<meta property=\"og:locale\" content=\"es_ES\" \/>\n<meta property=\"og:type\" content=\"article\" \/>\n<meta property=\"og:title\" content=\"Security &amp; Education - Patriot Federal Credit Union\" \/>\n<meta property=\"og:description\" content=\"Strengthen your financial savvy. Explore our security resources and educational tools for smarter banking decisions.\" \/>\n<meta property=\"og:url\" content=\"https:\/\/www.patriotfcu.org\/es\/educacion-de-seguridad\/\" \/>\n<meta property=\"og:site_name\" content=\"Patriot Federal Credit Union\" \/>\n<meta property=\"article:modified_time\" content=\"2024-02-08T13:15:53+00:00\" \/>\n<meta name=\"twitter:card\" content=\"summary_large_image\" \/>\n<script type=\"application\/ld+json\" class=\"yoast-schema-graph\">{\"@context\":\"https:\\\/\\\/schema.org\",\"@graph\":[{\"@type\":\"WebPage\",\"@id\":\"https:\\\/\\\/www.patriotfcu.org\\\/security-education\\\/\",\"url\":\"https:\\\/\\\/www.patriotfcu.org\\\/security-education\\\/\",\"name\":\"Security & Education - Patriot Federal Credit Union\",\"isPartOf\":{\"@id\":\"https:\\\/\\\/www.patriotfcu.org\\\/#website\"},\"datePublished\":\"2023-08-18T23:26:34+00:00\",\"dateModified\":\"2024-02-08T13:15:53+00:00\",\"description\":\"Strengthen your financial savvy. Explore our security resources and educational tools for smarter banking decisions.\",\"breadcrumb\":{\"@id\":\"https:\\\/\\\/www.patriotfcu.org\\\/security-education\\\/#breadcrumb\"},\"inLanguage\":\"es-ES\",\"potentialAction\":[{\"@type\":\"ReadAction\",\"target\":[\"https:\\\/\\\/www.patriotfcu.org\\\/security-education\\\/\"]}]},{\"@type\":\"BreadcrumbList\",\"@id\":\"https:\\\/\\\/www.patriotfcu.org\\\/security-education\\\/#breadcrumb\",\"itemListElement\":[{\"@type\":\"ListItem\",\"position\":1,\"name\":\"Home\",\"item\":\"https:\\\/\\\/www.patriotfcu.org\\\/\"},{\"@type\":\"ListItem\",\"position\":2,\"name\":\"Security &#038; Education\"}]},{\"@type\":\"WebSite\",\"@id\":\"https:\\\/\\\/www.patriotfcu.org\\\/#website\",\"url\":\"https:\\\/\\\/www.patriotfcu.org\\\/\",\"name\":\"Patriot Federal Credit Union\",\"description\":\"Financial Services That Meet Your Need\",\"potentialAction\":[{\"@type\":\"SearchAction\",\"target\":{\"@type\":\"EntryPoint\",\"urlTemplate\":\"https:\\\/\\\/www.patriotfcu.org\\\/?s={search_term_string}\"},\"query-input\":{\"@type\":\"PropertyValueSpecification\",\"valueRequired\":true,\"valueName\":\"search_term_string\"}}],\"inLanguage\":\"es-ES\"}]}<\/script>\n<!-- \/ Yoast SEO plugin. -->","yoast_head_json":{"title":"Seguridad y educaci\u00f3n - Patriot Federal Credit Union","description":"Fortalezca su conocimiento financiero. Explore nuestros recursos de seguridad y herramientas educativas para tomar decisiones bancarias m\u00e1s inteligentes.","robots":{"index":"index","follow":"follow","max-snippet":"max-snippet:-1","max-image-preview":"max-image-preview:large","max-video-preview":"max-video-preview:-1"},"canonical":"https:\/\/www.patriotfcu.org\/es\/educacion-de-seguridad\/","og_locale":"es_ES","og_type":"article","og_title":"Security & Education - Patriot Federal Credit Union","og_description":"Strengthen your financial savvy. Explore our security resources and educational tools for smarter banking decisions.","og_url":"https:\/\/www.patriotfcu.org\/es\/educacion-de-seguridad\/","og_site_name":"Patriot Federal Credit Union","article_modified_time":"2024-02-08T13:15:53+00:00","twitter_card":"summary_large_image","schema":{"@context":"https:\/\/schema.org","@graph":[{"@type":"WebPage","@id":"https:\/\/www.patriotfcu.org\/security-education\/","url":"https:\/\/www.patriotfcu.org\/security-education\/","name":"Seguridad y educaci\u00f3n - Patriot Federal Credit Union","isPartOf":{"@id":"https:\/\/www.patriotfcu.org\/#website"},"datePublished":"2023-08-18T23:26:34+00:00","dateModified":"2024-02-08T13:15:53+00:00","description":"Fortalezca su conocimiento financiero. Explore nuestros recursos de seguridad y herramientas educativas para tomar decisiones bancarias m\u00e1s inteligentes.","breadcrumb":{"@id":"https:\/\/www.patriotfcu.org\/security-education\/#breadcrumb"},"inLanguage":"es-ES","potentialAction":[{"@type":"ReadAction","target":["https:\/\/www.patriotfcu.org\/security-education\/"]}]},{"@type":"BreadcrumbList","@id":"https:\/\/www.patriotfcu.org\/security-education\/#breadcrumb","itemListElement":[{"@type":"ListItem","position":1,"name":"Home","item":"https:\/\/www.patriotfcu.org\/"},{"@type":"ListItem","position":2,"name":"Security &#038; Education"}]},{"@type":"WebSite","@id":"https:\/\/www.patriotfcu.org\/#website","url":"https:\/\/www.patriotfcu.org\/","name":"Patriot Federal Credit Union","description":"Servicios financieros que satisfacen sus necesidades","potentialAction":[{"@type":"SearchAction","target":{"@type":"EntryPoint","urlTemplate":"https:\/\/www.patriotfcu.org\/?s={search_term_string}"},"query-input":{"@type":"PropertyValueSpecification","valueRequired":true,"valueName":"search_term_string"}}],"inLanguage":"es-ES"}]}},"_links":{"self":[{"href":"https:\/\/www.patriotfcu.org\/es\/wp-json\/wp\/v2\/pages\/2561","targetHints":{"allow":["GET"]}}],"collection":[{"href":"https:\/\/www.patriotfcu.org\/es\/wp-json\/wp\/v2\/pages"}],"about":[{"href":"https:\/\/www.patriotfcu.org\/es\/wp-json\/wp\/v2\/types\/page"}],"author":[{"embeddable":true,"href":"https:\/\/www.patriotfcu.org\/es\/wp-json\/wp\/v2\/users\/12"}],"replies":[{"embeddable":true,"href":"https:\/\/www.patriotfcu.org\/es\/wp-json\/wp\/v2\/comments?post=2561"}],"version-history":[{"count":0,"href":"https:\/\/www.patriotfcu.org\/es\/wp-json\/wp\/v2\/pages\/2561\/revisions"}],"wp:attachment":[{"href":"https:\/\/www.patriotfcu.org\/es\/wp-json\/wp\/v2\/media?parent=2561"}],"curies":[{"name":"Gracias","href":"https:\/\/api.w.org\/{rel}","templated":true}]}}