{"id":2571,"date":"2023-08-18T16:26:35","date_gmt":"2023-08-18T23:26:35","guid":{"rendered":"https:\/\/patriotfcu2.wpengine.com\/about\/"},"modified":"2025-10-06T08:23:52","modified_gmt":"2025-10-06T12:23:52","slug":"acerca-de","status":"publish","type":"page","link":"https:\/\/www.patriotfcu.org\/es\/about\/","title":{"rendered":"Sobre nosotros"},"content":{"rendered":"<div class=\"co-flex_row co-flex_row__light co-flex_row__page-hero\" >\n\t<div class=\"co-flex_row--row co-row\">\n\t\t\t<header class=\"co-page_hero light co-page_hero__no_image\" aria-label=\"Encabezado: Acerca de nosotros\">\n\t\t<div class=\"co-page_hero--inner\">\n\t\t\t<div class=\"prow gap:5 items-center\">\n\t\t\t\t\t\t\t\t<div class=\"co-page_hero--text pcol-lg:5\">\n\t\t\t\t\t\t\t\t\t\t<h1 class=\"co-page_hero--title only-title\">\n\t\t\t\t\t\tSobre nosotros\t\t\t\t\t<\/h1>\n\t\t\t\t\t\t\t\t\t<\/div>\n\t\t\t<\/div>\n\t\t<\/div>\n\t<\/header>\n\n\t<\/div>\n<\/div>\n\n\n<div class=\"co-flex_row co-flex_row__white co-flex_row__page-intro\" >\n\t<div class=\"co-flex_row--row co-row\">\n\t\t\n\t<\/div>\n<\/div>\n\n\n<div class=\"co-flex_row co-flex_row__white co-flex_row__columns\" >\n\t<div class=\"co-flex_row--row co-row\">\n\t\t\t<div class=\"co-columns\">\n\t\t\t\t\t<div class=\"co-columns--row prow prow-md:2 prow-lg:3 justify-center\">\n\t\t\t\t\t\t\t\t\t<div class=\"co-columns--box co-columns--box_nomedia\">\n\t\t\t\t\t\t<h2 class=\"co-columns--box_headline\" >Acerca de Patriot<\/h2><div class=\"co-columns--box_desc\"><p>Conozca el coraz\u00f3n de Patriot Federal Credit Union, donde nuestra historia, valores y compromiso con los miembros cobran vida.<\/p>\n<\/div><div class=\"co-columns--box_button\"><a class=\"co-columns--button co-button\" href=\"https:\/\/www.patriotfcu.org\/es\/sobre-patriota\/\"  >Nuestra historia<\/a><\/div>\t\t\t\t\t<\/div>\n\t\t\t\t\t\t\t\t\t<div class=\"co-columns--box co-columns--box_nomedia\">\n\t\t\t\t\t\t<h2 class=\"co-columns--box_headline\" >Junta Directiva<\/h2><div class=\"co-columns--box_desc\"><p>Conozca a los dedicados voluntarios que gu\u00edan el \u00e9xito de nuestra cooperativa de cr\u00e9dito y sobre el liderazgo que da forma a nuestro futuro.<\/p>\n<\/div><div class=\"co-columns--box_button\"><a class=\"co-columns--button co-button\" href=\"https:\/\/www.patriotfcu.org\/es\/junta-directiva\/\"  >Nuestros voluntarios<\/a><\/div>\t\t\t\t\t<\/div>\n\t\t\t\t\t\t\t\t\t<div class=\"co-columns--box co-columns--box_nomedia\">\n\t\t\t\t\t\t<h2 class=\"co-columns--box_headline\" >Reporte Anual<\/h2><div class=\"co-columns--box_desc\"><p>Explore los aspectos m\u00e1s destacados de nuestros logros y desempe\u00f1o financiero, donde la transparencia y el progreso van de la mano.<\/p>\n<\/div><div class=\"co-columns--box_button\"><a class=\"co-columns--button co-button\" href=\"https:\/\/www.patriotfcu.org\/es\/reporte-anual\/\"  >Lea nuestro informe anual<\/a><\/div>\t\t\t\t\t<\/div>\n\t\t\t\t\t\t\t<\/div>\n\t\t\t\t<\/div>\n\n\t<\/div>\n<\/div>\n\n\n<div class=\"co-flex_row co-flex_row__white co-flex_row__last co-flex_row__disclosures\" >\n\t<div class=\"co-flex_row--row co-row\">\n\t\t\t<div class=\"co-disclosures\">\n\t\t<h2 class=\"co-disclosures--title\">Divulgaciones<\/h2>\n\t\t<div class=\"co-disclosures--content\">\n\t\t\t\t\t\t\t<ul>\n\t\t\t\t\t\t\t\t\t\t\t<li>\n\t\t\t\t\t\t\t\t\t\t\t\t\t\t<p>Esta cooperativa de cr\u00e9dito est\u00e1 asegurada a nivel federal por la Administraci\u00f3n Nacional de Cooperativas de Cr\u00e9dito.<\/p>\n\t\t\t\t\t\t<\/li>\n\t\t\t\t\t\t\t\t\t\t\t<li>\n\t\t\t\t\t\t\t\t\t\t\t\t\t\t<p>Prestamista de vivienda equitativa<\/p>\n\t\t\t\t\t\t<\/li>\n\t\t\t\t\t\t\t\t\t<\/ul>\n\t\t\t\t\t<\/div>\n\t<\/div>\n\n\t<\/div>\n<\/div>","protected":false},"excerpt":{"rendered":"","protected":false},"author":12,"featured_media":0,"parent":0,"menu_order":0,"comment_status":"closed","ping_status":"closed","template":"","meta":{"_acf_changed":false,"_searchwp_excluded":"","footnotes":""},"class_list":["post-2571","page","type-page","status-publish","hentry"],"acf":[],"yoast_head":"<!-- This site is optimized with the Yoast SEO plugin v27.5 - https:\/\/yoast.com\/product\/yoast-seo-wordpress\/ -->\n<title>About Us - Patriot Federal Credit Union<\/title>\n<meta name=\"description\" content=\"Learn more about our mission and values. Discover the story behind our credit union, see our board of directors, and take a look at our annual reports.\" \/>\n<meta name=\"robots\" content=\"index, follow, max-snippet:-1, max-image-preview:large, max-video-preview:-1\" \/>\n<link rel=\"canonical\" href=\"https:\/\/www.patriotfcu.org\/es\/acerca-de\/\" \/>\n<meta property=\"og:locale\" content=\"es_ES\" \/>\n<meta property=\"og:type\" content=\"article\" \/>\n<meta property=\"og:title\" content=\"About Us - Patriot Federal Credit Union\" \/>\n<meta property=\"og:description\" content=\"Learn more about our mission and values. Discover the story behind our credit union, see our board of directors, and take a look at our annual reports.\" \/>\n<meta property=\"og:url\" content=\"https:\/\/www.patriotfcu.org\/es\/acerca-de\/\" \/>\n<meta property=\"og:site_name\" content=\"Patriot Federal Credit Union\" \/>\n<meta property=\"article:modified_time\" content=\"2025-10-06T12:23:52+00:00\" \/>\n<meta name=\"twitter:card\" content=\"summary_large_image\" \/>\n<script type=\"application\/ld+json\" class=\"yoast-schema-graph\">{\"@context\":\"https:\\\/\\\/schema.org\",\"@graph\":[{\"@type\":\"WebPage\",\"@id\":\"https:\\\/\\\/www.patriotfcu.org\\\/about\\\/\",\"url\":\"https:\\\/\\\/www.patriotfcu.org\\\/about\\\/\",\"name\":\"About Us - Patriot Federal Credit Union\",\"isPartOf\":{\"@id\":\"https:\\\/\\\/www.patriotfcu.org\\\/#website\"},\"datePublished\":\"2023-08-18T23:26:35+00:00\",\"dateModified\":\"2025-10-06T12:23:52+00:00\",\"description\":\"Learn more about our mission and values. Discover the story behind our credit union, see our board of directors, and take a look at our annual reports.\",\"breadcrumb\":{\"@id\":\"https:\\\/\\\/www.patriotfcu.org\\\/about\\\/#breadcrumb\"},\"inLanguage\":\"es-ES\",\"potentialAction\":[{\"@type\":\"ReadAction\",\"target\":[\"https:\\\/\\\/www.patriotfcu.org\\\/about\\\/\"]}]},{\"@type\":\"BreadcrumbList\",\"@id\":\"https:\\\/\\\/www.patriotfcu.org\\\/about\\\/#breadcrumb\",\"itemListElement\":[{\"@type\":\"ListItem\",\"position\":1,\"name\":\"Home\",\"item\":\"https:\\\/\\\/www.patriotfcu.org\\\/\"},{\"@type\":\"ListItem\",\"position\":2,\"name\":\"About Us\"}]},{\"@type\":\"WebSite\",\"@id\":\"https:\\\/\\\/www.patriotfcu.org\\\/#website\",\"url\":\"https:\\\/\\\/www.patriotfcu.org\\\/\",\"name\":\"Patriot Federal Credit Union\",\"description\":\"Financial Services That Meet Your Need\",\"potentialAction\":[{\"@type\":\"SearchAction\",\"target\":{\"@type\":\"EntryPoint\",\"urlTemplate\":\"https:\\\/\\\/www.patriotfcu.org\\\/?s={search_term_string}\"},\"query-input\":{\"@type\":\"PropertyValueSpecification\",\"valueRequired\":true,\"valueName\":\"search_term_string\"}}],\"inLanguage\":\"es-ES\"}]}<\/script>\n<!-- \/ Yoast SEO plugin. -->","yoast_head_json":{"title":"Acerca de nosotros - Patriot Federal Credit Union","description":"Conozca m\u00e1s sobre nuestra misi\u00f3n y valores. Descubra la historia detr\u00e1s de nuestra cooperativa de cr\u00e9dito, vea nuestra junta directiva y eche un vistazo a nuestros informes anuales.","robots":{"index":"index","follow":"follow","max-snippet":"max-snippet:-1","max-image-preview":"max-image-preview:large","max-video-preview":"max-video-preview:-1"},"canonical":"https:\/\/www.patriotfcu.org\/es\/acerca-de\/","og_locale":"es_ES","og_type":"article","og_title":"About Us - Patriot Federal Credit Union","og_description":"Learn more about our mission and values. Discover the story behind our credit union, see our board of directors, and take a look at our annual reports.","og_url":"https:\/\/www.patriotfcu.org\/es\/acerca-de\/","og_site_name":"Patriot Federal Credit Union","article_modified_time":"2025-10-06T12:23:52+00:00","twitter_card":"summary_large_image","schema":{"@context":"https:\/\/schema.org","@graph":[{"@type":"WebPage","@id":"https:\/\/www.patriotfcu.org\/about\/","url":"https:\/\/www.patriotfcu.org\/about\/","name":"Acerca de nosotros - Patriot Federal Credit Union","isPartOf":{"@id":"https:\/\/www.patriotfcu.org\/#website"},"datePublished":"2023-08-18T23:26:35+00:00","dateModified":"2025-10-06T12:23:52+00:00","description":"Conozca m\u00e1s sobre nuestra misi\u00f3n y valores. Descubra la historia detr\u00e1s de nuestra cooperativa de cr\u00e9dito, vea nuestra junta directiva y eche un vistazo a nuestros informes anuales.","breadcrumb":{"@id":"https:\/\/www.patriotfcu.org\/about\/#breadcrumb"},"inLanguage":"es-ES","potentialAction":[{"@type":"ReadAction","target":["https:\/\/www.patriotfcu.org\/about\/"]}]},{"@type":"BreadcrumbList","@id":"https:\/\/www.patriotfcu.org\/about\/#breadcrumb","itemListElement":[{"@type":"ListItem","position":1,"name":"Home","item":"https:\/\/www.patriotfcu.org\/"},{"@type":"ListItem","position":2,"name":"About Us"}]},{"@type":"WebSite","@id":"https:\/\/www.patriotfcu.org\/#website","url":"https:\/\/www.patriotfcu.org\/","name":"Patriot Federal Credit Union","description":"Servicios financieros que satisfacen sus necesidades","potentialAction":[{"@type":"SearchAction","target":{"@type":"EntryPoint","urlTemplate":"https:\/\/www.patriotfcu.org\/?s={search_term_string}"},"query-input":{"@type":"PropertyValueSpecification","valueRequired":true,"valueName":"search_term_string"}}],"inLanguage":"es-ES"}]}},"_links":{"self":[{"href":"https:\/\/www.patriotfcu.org\/es\/wp-json\/wp\/v2\/pages\/2571","targetHints":{"allow":["GET"]}}],"collection":[{"href":"https:\/\/www.patriotfcu.org\/es\/wp-json\/wp\/v2\/pages"}],"about":[{"href":"https:\/\/www.patriotfcu.org\/es\/wp-json\/wp\/v2\/types\/page"}],"author":[{"embeddable":true,"href":"https:\/\/www.patriotfcu.org\/es\/wp-json\/wp\/v2\/users\/12"}],"replies":[{"embeddable":true,"href":"https:\/\/www.patriotfcu.org\/es\/wp-json\/wp\/v2\/comments?post=2571"}],"version-history":[{"count":3,"href":"https:\/\/www.patriotfcu.org\/es\/wp-json\/wp\/v2\/pages\/2571\/revisions"}],"predecessor-version":[{"id":6383,"href":"https:\/\/www.patriotfcu.org\/es\/wp-json\/wp\/v2\/pages\/2571\/revisions\/6383"}],"wp:attachment":[{"href":"https:\/\/www.patriotfcu.org\/es\/wp-json\/wp\/v2\/media?parent=2571"}],"curies":[{"name":"Gracias","href":"https:\/\/api.w.org\/{rel}","templated":true}]}}