{"id":2578,"date":"2023-08-18T16:26:35","date_gmt":"2023-08-18T23:26:35","guid":{"rendered":"https:\/\/patriotfcu2.wpengine.com\/website-accesibility\/"},"modified":"2025-04-07T13:21:43","modified_gmt":"2025-04-07T17:21:43","slug":"accesibilidad-del-sitio-web","status":"publish","type":"page","link":"https:\/\/www.patriotfcu.org\/es\/accesibilidad-del-sitio-web\/","title":{"rendered":"Accesibilidad del sitio web"},"content":{"rendered":"<div class=\"co-flex_row co-flex_row__dark co-flex_row__page-hero\" >\n\t<div class=\"co-flex_row--row co-row\">\n\t\t\t<header class=\"co-page_hero dark co-page_hero__no_image\" aria-label=\"Encabezado: Accesibilidad del sitio web\">\n\t\t<div class=\"co-page_hero--inner\">\n\t\t\t<div class=\"prow gap:5 items-center\">\n\t\t\t\t\t\t\t\t<div class=\"co-page_hero--text pcol-lg:5\">\n\t\t\t\t\t\t\t\t\t\t<h1 class=\"co-page_hero--title only-title\">\n\t\t\t\t\t\tAccesibilidad del sitio web\t\t\t\t\t<\/h1>\n\t\t\t\t\t\t\t\t\t<\/div>\n\t\t\t<\/div>\n\t\t<\/div>\n\t<\/header>\n\n\t<\/div>\n<\/div>\n\n\n<div class=\"co-flex_row co-flex_row__white co-flex_row__long-form-text\" >\n\t<div class=\"co-flex_row--row co-row\">\n\t\t\t<div class=\"co-long_form\">\n\t\t\t<header class=\"co-intro_text\">\n\t\t<h2 class=\"co-intro_text--title\">Accesibilidad del sitio web de Patriot\n\t\t\t\t<svg class=\"heading_shape\" xmlns=\"http:\/\/www.w3.org\/2000\/svg\" width=\"238.55799865722656\" height=\"14.876999855041504\" viewbox=\"0 0 238.558 14.877\">\n\t\t\t\t\t<path id=\"Path_16614\" data-name=\"Path 16614\" d=\"M5118.863,2995.027c15.19-6.542,69.982-8.38,118.5-2.822s90.372,10.077,113.638,2.822\" transform=\"translate(-5115.578 -2986.393)\" fill=\"none\" stroke=\"#ce1126\" stroke-linecap=\"round\" stroke-width=\"5\" class=\"title-shape\"><\/path>\n\t\t\t\t<\/svg>\n\t\t\t<\/h2>\t<\/header>\n\t\t\t<div class=\"co-long_form--block co-long_form--block__nomedia prow items-start justify-center\">\n\t\t\t\t<div class=\"co-long_form--text pcol-md:12\">\n\t\t\t\t\t<div class=\"co-long_form--content\"><p>Patriot Federal Credit Union se compromete a proporcionar un sitio web que sea tan accesible como nuestras sucursales y cajeros autom\u00e1ticos. Estamos comprometidos a cumplir con las Pautas de accesibilidad al contenido web 2.1 (WCAG 2.1) Nivel AA. Agradecemos cualquier idea o comentario de los usuarios de nuestro sitio web para ayudarnos a mejorar a\u00fan m\u00e1s la accesibilidad y usabilidad de nuestro sitio web.<\/p>\n<p>Estamos en el proceso de garantizar que todos nuestros documentos est\u00e9n disponibles en un formato accesible. Si tiene alguna pregunta o inquietud sobre la accesibilidad de esta p\u00e1gina, o cualquiera de nuestras otras p\u00e1ginas, o si tiene alguna dificultad para acceder a la informaci\u00f3n de cualquiera de nuestros documentos o necesita m\u00e1s ayuda, env\u00ede un correo electr\u00f3nico. <a href=\"mailto:marketing@patriotfcu.org\">marketing@patriotfcu.org<\/a> o ll\u00e1manos al <a href=\"tel: 7177094979\">(717) 709-4979<\/a>.<\/p>\n<\/div>\t\t\t\t<\/div>\n\t\t\t\t\t\t\t<\/div>\n\t\t\t\t<\/div>\n\n\t<\/div>\n<\/div>\n\n\n<div class=\"co-flex_row co-flex_row__white co-flex_row__last co-flex_row__disclosures\" >\n\t<div class=\"co-flex_row--row co-row\">\n\t\t\t<div class=\"co-disclosures\">\n\t\t<h2 class=\"co-disclosures--title\">Divulgaciones<\/h2>\n\t\t<div class=\"co-disclosures--content\">\n\t\t\t\t\t\t\t<ul>\n\t\t\t\t\t\t\t\t\t\t\t<li>\n\t\t\t\t\t\t\t\t\t\t\t\t\t\t<p>Esta cooperativa de cr\u00e9dito est\u00e1 asegurada a nivel federal por la Administraci\u00f3n Nacional de Cooperativas de Cr\u00e9dito.<\/p>\n\t\t\t\t\t\t<\/li>\n\t\t\t\t\t\t\t\t\t\t\t<li>\n\t\t\t\t\t\t\t\t\t\t\t\t\t\t<p>Prestamista de vivienda equitativa<\/p>\n\t\t\t\t\t\t<\/li>\n\t\t\t\t\t\t\t\t\t<\/ul>\n\t\t\t\t\t<\/div>\n\t<\/div>\n\n\t<\/div>\n<\/div>","protected":false},"excerpt":{"rendered":"","protected":false},"author":9,"featured_media":0,"parent":0,"menu_order":0,"comment_status":"closed","ping_status":"closed","template":"","meta":{"_acf_changed":true,"_searchwp_excluded":"","footnotes":""},"class_list":["post-2578","page","type-page","status-publish","hentry"],"acf":[],"yoast_head":"<!-- This site is optimized with the Yoast SEO plugin v27.2 - https:\/\/yoast.com\/product\/yoast-seo-wordpress\/ -->\n<title>Website Accessibility - Patriot Federal Credit Union<\/title>\n<meta name=\"description\" content=\"Accessible banking for all. Learn about our commitment to website accessibility and providing an inclusive banking experience.\" \/>\n<meta name=\"robots\" content=\"index, follow, max-snippet:-1, max-image-preview:large, max-video-preview:-1\" \/>\n<link rel=\"canonical\" href=\"https:\/\/www.patriotfcu.org\/es\/accesibilidad-del-sitio-web\/\" \/>\n<meta property=\"og:locale\" content=\"es_ES\" \/>\n<meta property=\"og:type\" content=\"article\" \/>\n<meta property=\"og:title\" content=\"Website Accessibility - Patriot Federal Credit Union\" \/>\n<meta property=\"og:description\" content=\"Accessible banking for all. Learn about our commitment to website accessibility and providing an inclusive banking experience.\" \/>\n<meta property=\"og:url\" content=\"https:\/\/www.patriotfcu.org\/es\/accesibilidad-del-sitio-web\/\" \/>\n<meta property=\"og:site_name\" content=\"Patriot Federal Credit Union\" \/>\n<meta property=\"article:modified_time\" content=\"2025-04-07T17:21:43+00:00\" \/>\n<meta name=\"twitter:card\" content=\"summary_large_image\" \/>\n<script type=\"application\/ld+json\" class=\"yoast-schema-graph\">{\"@context\":\"https:\/\/schema.org\",\"@graph\":[{\"@type\":\"WebPage\",\"@id\":\"https:\/\/www.patriotfcu.org\/website-accessibility\/\",\"url\":\"https:\/\/www.patriotfcu.org\/website-accessibility\/\",\"name\":\"Website Accessibility - Patriot Federal Credit Union\",\"isPartOf\":{\"@id\":\"https:\/\/www.patriotfcu.org\/#website\"},\"datePublished\":\"2023-08-18T23:26:35+00:00\",\"dateModified\":\"2025-04-07T17:21:43+00:00\",\"description\":\"Accessible banking for all. Learn about our commitment to website accessibility and providing an inclusive banking experience.\",\"breadcrumb\":{\"@id\":\"https:\/\/www.patriotfcu.org\/website-accessibility\/#breadcrumb\"},\"inLanguage\":\"es-ES\",\"potentialAction\":[{\"@type\":\"ReadAction\",\"target\":[\"https:\/\/www.patriotfcu.org\/website-accessibility\/\"]}]},{\"@type\":\"BreadcrumbList\",\"@id\":\"https:\/\/www.patriotfcu.org\/website-accessibility\/#breadcrumb\",\"itemListElement\":[{\"@type\":\"ListItem\",\"position\":1,\"name\":\"Home\",\"item\":\"https:\/\/www.patriotfcu.org\/\"},{\"@type\":\"ListItem\",\"position\":2,\"name\":\"Website Accessibility\"}]},{\"@type\":\"WebSite\",\"@id\":\"https:\/\/www.patriotfcu.org\/#website\",\"url\":\"https:\/\/www.patriotfcu.org\/\",\"name\":\"Patriot Federal Credit Union\",\"description\":\"Financial Services That Meet Your Need\",\"potentialAction\":[{\"@type\":\"SearchAction\",\"target\":{\"@type\":\"EntryPoint\",\"urlTemplate\":\"https:\/\/www.patriotfcu.org\/?s={search_term_string}\"},\"query-input\":{\"@type\":\"PropertyValueSpecification\",\"valueRequired\":true,\"valueName\":\"search_term_string\"}}],\"inLanguage\":\"es-ES\"}]}<\/script>\n<!-- \/ Yoast SEO plugin. -->","yoast_head_json":{"title":"Accesibilidad del sitio web - Patriot Federal Credit Union","description":"Banca accesible para todos. Conozca nuestro compromiso con la accesibilidad del sitio web y con brindar una experiencia bancaria inclusiva.","robots":{"index":"index","follow":"follow","max-snippet":"max-snippet:-1","max-image-preview":"max-image-preview:large","max-video-preview":"max-video-preview:-1"},"canonical":"https:\/\/www.patriotfcu.org\/es\/accesibilidad-del-sitio-web\/","og_locale":"es_ES","og_type":"article","og_title":"Website Accessibility - Patriot Federal Credit Union","og_description":"Accessible banking for all. Learn about our commitment to website accessibility and providing an inclusive banking experience.","og_url":"https:\/\/www.patriotfcu.org\/es\/accesibilidad-del-sitio-web\/","og_site_name":"Patriot Federal Credit Union","article_modified_time":"2025-04-07T17:21:43+00:00","twitter_card":"summary_large_image","schema":{"@context":"https:\/\/schema.org","@graph":[{"@type":"WebPage","@id":"https:\/\/www.patriotfcu.org\/website-accessibility\/","url":"https:\/\/www.patriotfcu.org\/website-accessibility\/","name":"Accesibilidad del sitio web - Patriot Federal Credit Union","isPartOf":{"@id":"https:\/\/www.patriotfcu.org\/#website"},"datePublished":"2023-08-18T23:26:35+00:00","dateModified":"2025-04-07T17:21:43+00:00","description":"Banca accesible para todos. Conozca nuestro compromiso con la accesibilidad del sitio web y con brindar una experiencia bancaria inclusiva.","breadcrumb":{"@id":"https:\/\/www.patriotfcu.org\/website-accessibility\/#breadcrumb"},"inLanguage":"es-ES","potentialAction":[{"@type":"ReadAction","target":["https:\/\/www.patriotfcu.org\/website-accessibility\/"]}]},{"@type":"BreadcrumbList","@id":"https:\/\/www.patriotfcu.org\/website-accessibility\/#breadcrumb","itemListElement":[{"@type":"ListItem","position":1,"name":"Home","item":"https:\/\/www.patriotfcu.org\/"},{"@type":"ListItem","position":2,"name":"Website Accessibility"}]},{"@type":"WebSite","@id":"https:\/\/www.patriotfcu.org\/#website","url":"https:\/\/www.patriotfcu.org\/","name":"Patriot Federal Credit Union","description":"Servicios financieros que satisfacen sus necesidades","potentialAction":[{"@type":"SearchAction","target":{"@type":"EntryPoint","urlTemplate":"https:\/\/www.patriotfcu.org\/?s={search_term_string}"},"query-input":{"@type":"PropertyValueSpecification","valueRequired":true,"valueName":"search_term_string"}}],"inLanguage":"es-ES"}]}},"_links":{"self":[{"href":"https:\/\/www.patriotfcu.org\/es\/wp-json\/wp\/v2\/pages\/2578","targetHints":{"allow":["GET"]}}],"collection":[{"href":"https:\/\/www.patriotfcu.org\/es\/wp-json\/wp\/v2\/pages"}],"about":[{"href":"https:\/\/www.patriotfcu.org\/es\/wp-json\/wp\/v2\/types\/page"}],"author":[{"embeddable":true,"href":"https:\/\/www.patriotfcu.org\/es\/wp-json\/wp\/v2\/users\/9"}],"replies":[{"embeddable":true,"href":"https:\/\/www.patriotfcu.org\/es\/wp-json\/wp\/v2\/comments?post=2578"}],"version-history":[{"count":0,"href":"https:\/\/www.patriotfcu.org\/es\/wp-json\/wp\/v2\/pages\/2578\/revisions"}],"wp:attachment":[{"href":"https:\/\/www.patriotfcu.org\/es\/wp-json\/wp\/v2\/media?parent=2578"}],"curies":[{"name":"Gracias","href":"https:\/\/api.w.org\/{rel}","templated":true}]}}