{"id":2579,"date":"2023-08-18T16:26:35","date_gmt":"2023-08-18T23:26:35","guid":{"rendered":"https:\/\/patriotfcu2.wpengine.com\/sitemap\/"},"modified":"2026-02-10T15:55:17","modified_gmt":"2026-02-10T20:55:17","slug":"mapa-del-sitio","status":"publish","type":"page","link":"https:\/\/www.patriotfcu.org\/es\/sitemap\/","title":{"rendered":"Mapa del sitio"},"content":{"rendered":"<div class=\"co-flex_row co-flex_row__light co-flex_row__page-hero\" >\n\t<div class=\"co-flex_row--row co-row\">\n\t\t\t<header class=\"co-page_hero light co-page_hero__no_image\" aria-label=\"Encabezado: Mapa del sitio\">\n\t\t<div class=\"co-page_hero--inner\">\n\t\t\t<div class=\"prow gap:5 items-center\">\n\t\t\t\t\t\t\t\t<div class=\"co-page_hero--text pcol-lg:5\">\n\t\t\t\t\t\t\t\t\t\t<h1 class=\"co-page_hero--title only-title\">\n\t\t\t\t\t\tMapa del sitio\t\t\t\t\t<\/h1>\n\t\t\t\t\t\t\t\t\t<\/div>\n\t\t\t<\/div>\n\t\t<\/div>\n\t<\/header>\n\n\t<\/div>\n<\/div>\n\n\n<div class=\"co-flex_row co-flex_row__white co-flex_row__page-intro\" >\n\t<div class=\"co-flex_row--row co-row\">\n\t\t\n\t<\/div>\n<\/div>\n\n\n<div class=\"co-flex_row co-flex_row__white co-flex_row__long-form-text\" >\n\t<div class=\"co-flex_row--row co-row\">\n\t\t\t<div class=\"co-long_form\">\n\t\t\t\t\t<div class=\"co-long_form--block co-long_form--block__nomedia prow items-start justify-center\">\n\t\t\t\t<div class=\"co-long_form--text pcol-md:8\">\n\t\t\t\t\t<div class=\"co-long_form--content\">\t<ul class=\"co-sitemap_wrap\">\n\t\t<li class=\"page_item page-item-2572\"><a href=\"https:\/\/www.patriotfcu.org\/es\/about-patriot\/\">Acerca de Patriot<\/a><\/li>\n<li class=\"page_item page-item-2571\"><a href=\"https:\/\/www.patriotfcu.org\/es\/about\/\">Sobre nosotros<\/a><\/li>\n<li class=\"page_item page-item-2574\"><a href=\"https:\/\/www.patriotfcu.org\/es\/annual-report\/\">Reporte Anual<\/a><\/li>\n<li class=\"page_item page-item-2498\"><a href=\"https:\/\/www.patriotfcu.org\/es\/apply-for-loan\/\">Solicitar un Pr\u00e9stamo<\/a><\/li>\n<li class=\"page_item page-item-6330\"><a href=\"https:\/\/www.patriotfcu.org\/es\/billpay\/\">Actualizaciones de pago de facturas<\/a><\/li>\n<li class=\"page_item page-item-2573\"><a href=\"https:\/\/www.patriotfcu.org\/es\/board-of-directors\/\">Junta Directiva<\/a><\/li>\n<li class=\"page_item page-item-2548 page_item_has_children\"><a href=\"https:\/\/www.patriotfcu.org\/es\/business\/\">Negocio<\/a>\n<ul class='children'>\n\t<li class=\"page_item page-item-2550\"><a href=\"https:\/\/www.patriotfcu.org\/es\/business\/non-profit-checking\/\">Cuentas de Cheques Comerciales y Sin Fines de Lucro<\/a><\/li>\n\t<li class=\"page_item page-item-2557\"><a href=\"https:\/\/www.patriotfcu.org\/es\/business\/services\/\">Servicios de banca empresarial<\/a><\/li>\n\t<li class=\"page_item page-item-2559\"><a href=\"https:\/\/www.patriotfcu.org\/es\/business\/bulk-remote-deposit\/\">Dep\u00f3sito Remoto Masivo para Empresas<\/a><\/li>\n\t<li class=\"page_item page-item-2552\"><a href=\"https:\/\/www.patriotfcu.org\/es\/business\/certificates\/\">Certificados Comerciales<\/a><\/li>\n\t<li class=\"page_item page-item-2549\"><a href=\"https:\/\/www.patriotfcu.org\/es\/business\/checking-savings\/\">Cuentas de cheques y de ahorros para empresas<\/a><\/li>\n\t<li class=\"page_item page-item-2554\"><a href=\"https:\/\/www.patriotfcu.org\/es\/business\/credit-cards\/\">Tarjetas de Cr\u00e9dito Comerciales<\/a><\/li>\n\t<li class=\"page_item page-item-2553\"><a href=\"https:\/\/www.patriotfcu.org\/es\/business\/loans-credit-cards\/\">Pr\u00e9stamos comerciales y tarjetas de cr\u00e9dito<\/a><\/li>\n\t<li class=\"page_item page-item-2555\"><a href=\"https:\/\/www.patriotfcu.org\/es\/business\/loans-lines-credit\/\">Pr\u00e9stamos Comerciales y L\u00edneas de Cr\u00e9dito<\/a><\/li>\n\t<li class=\"page_item page-item-2558\"><a href=\"https:\/\/www.patriotfcu.org\/es\/business\/online-mobile-banking\/\">Banco Empresarial en L\u00ednea y M\u00f3vil<\/a><\/li>\n\t<li class=\"page_item page-item-2556\"><a href=\"https:\/\/www.patriotfcu.org\/es\/business\/real-estate-loans\/\">Pr\u00e9stamos Inmobiliarios Comerciales<\/a><\/li>\n\t<li class=\"page_item page-item-2551\"><a href=\"https:\/\/www.patriotfcu.org\/es\/business\/savings-accounts\/\">Cuentas de Ahorro Comerciales<\/a><\/li>\n\t<li class=\"page_item page-item-2560\"><a href=\"https:\/\/www.patriotfcu.org\/es\/business\/merchant-services\/\">Servicios Comerciales<\/a><\/li>\n<\/ul>\n<\/li>\n<li class=\"page_item page-item-2575\"><a href=\"https:\/\/www.patriotfcu.org\/es\/careers\/\">Carreras<\/a><\/li>\n<li class=\"page_item page-item-5036\"><a href=\"https:\/\/www.patriotfcu.org\/es\/cashs-school-branch-application\/\">Solicitud de inscripci\u00f3n a la sucursal escolar de CASHS<\/a><\/li>\n<li class=\"page_item page-item-5649\"><a href=\"https:\/\/www.patriotfcu.org\/es\/ceo-message-april-2025\/\">Mensaje del CEO \u2013 Abril de 2025<\/a><\/li>\n<li class=\"page_item page-item-5406\"><a href=\"https:\/\/www.patriotfcu.org\/es\/ceo-message-january-2025\/\">Mensaje del director ejecutivo \u2013 enero de 2025<\/a><\/li>\n<li class=\"page_item page-item-6476\"><a href=\"https:\/\/www.patriotfcu.org\/es\/ceo-message-october-2024-2\/\">Mensaje del CEO \u2013 Enero de 2026<\/a><\/li>\n<li class=\"page_item page-item-6893\"><a href=\"https:\/\/www.patriotfcu.org\/es\/ceo-message-april-2026\/\">Mensaje del CEO - Abril de 2026<\/a><\/li>\n<li class=\"page_item page-item-2511\"><a href=\"https:\/\/www.patriotfcu.org\/es\/contact\/\">Cont\u00e1ctenos<\/a><\/li>\n<li class=\"page_item page-item-4366\"><a href=\"https:\/\/www.patriotfcu.org\/es\/contests-giveaways\/\">Concursos y sorteos<\/a><\/li>\n<li class=\"page_item page-item-4631\"><a href=\"https:\/\/www.patriotfcu.org\/es\/debit-cards\/\">Tarjetas de d\u00e9bito<\/a><\/li>\n<li class=\"page_item page-item-2510\"><a href=\"https:\/\/www.patriotfcu.org\/es\/faqs\/\">Preguntas Frecuentes<\/a><\/li>\n<li class=\"page_item page-item-2569\"><a href=\"https:\/\/www.patriotfcu.org\/es\/financial-calculators\/\">Calculadoras Financieras<\/a><\/li>\n<li class=\"page_item page-item-2567\"><a href=\"https:\/\/www.patriotfcu.org\/es\/financial-education-counseling\/\">Educaci\u00f3n y Asesoramiento Financiero<\/a><\/li>\n<li class=\"page_item page-item-2563\"><a href=\"https:\/\/www.patriotfcu.org\/es\/fraud-scam-alerts\/\">Alertas de Fraude y Estafa<\/a><\/li>\n<li class=\"page_item page-item-2494\"><a href=\"https:\/\/www.patriotfcu.org\/es\/\">Hogar<\/a><\/li>\n<li class=\"page_item page-item-4723\"><a href=\"https:\/\/www.patriotfcu.org\/es\/home-equity-loans-lines-of-credit-olb-application\/\">Solicitud de banca en l\u00ednea para pr\u00e9stamos con garant\u00eda hipotecaria y l\u00edneas de cr\u00e9dito<\/a><\/li>\n<li class=\"page_item page-item-4891\"><a href=\"https:\/\/www.patriotfcu.org\/es\/home-equity-loans-lines-of-credit-new-member-application\/\">Pr\u00e9stamos con garant\u00eda hipotecaria y l\u00edneas de cr\u00e9dito Solicitud de nuevo miembro<\/a><\/li>\n<li class=\"page_item page-item-5684\"><a href=\"https:\/\/www.patriotfcu.org\/es\/in-branch-services\/\">Servicios en sucursal<\/a><\/li>\n<li class=\"page_item page-item-5599\"><a href=\"https:\/\/www.patriotfcu.org\/es\/investment-services\/\">Servicios de inversi\u00f3n<\/a><\/li>\n<li class=\"page_item page-item-2499 page_item_has_children\"><a href=\"https:\/\/www.patriotfcu.org\/es\/locations-atms\/\">Ubicaciones y cajeros autom\u00e1ticos<\/a>\n<ul class='children'>\n\t<li class=\"page_item page-item-2507\"><a href=\"https:\/\/www.patriotfcu.org\/es\/locations-atms\/ballenger-creek-office\/\">Ballenger Creek Office<\/a><\/li>\n\t<li class=\"page_item page-item-2500\"><a href=\"https:\/\/www.patriotfcu.org\/es\/locations-atms\/federal-street-office\/\">Federal Street Office<\/a><\/li>\n\t<li class=\"page_item page-item-2501\"><a href=\"https:\/\/www.patriotfcu.org\/es\/locations-atms\/gateway-avenue-office\/\">Gateway Office<\/a><\/li>\n\t<li class=\"page_item page-item-5512\"><a href=\"https:\/\/www.patriotfcu.org\/es\/locations-atms\/greencastle-office\/\">Oficina de Greencastle<\/a><\/li>\n\t<li class=\"page_item page-item-7065\"><a href=\"https:\/\/www.patriotfcu.org\/es\/locations-atms\/inwood-office-coming-fall-2026\/\">Oficina de Inwood \u2013 Pr\u00f3ximamente en oto\u00f1o de 2026<\/a><\/li>\n\t<li class=\"page_item page-item-2503\"><a href=\"https:\/\/www.patriotfcu.org\/es\/locations-atms\/lincoln-way-east-office\/\">Lincoln Way East Office<\/a><\/li>\n\t<li class=\"page_item page-item-2508\"><a href=\"https:\/\/www.patriotfcu.org\/es\/locations-atms\/north-pointe-office\/\">North Pointe Office<\/a><\/li>\n\t<li class=\"page_item page-item-2509\"><a href=\"https:\/\/www.patriotfcu.org\/es\/locations-atms\/robinwood-office\/\">Robinwood Office<\/a><\/li>\n\t<li class=\"page_item page-item-2504\"><a href=\"https:\/\/www.patriotfcu.org\/es\/locations-atms\/shippensburg-office\/\">Shippensburg Office<\/a><\/li>\n\t<li class=\"page_item page-item-5518\"><a href=\"https:\/\/www.patriotfcu.org\/es\/locations-atms\/spring-mills-office\/\">Oficina de Spring Mills<\/a><\/li>\n\t<li class=\"page_item page-item-2506\"><a href=\"https:\/\/www.patriotfcu.org\/es\/locations-atms\/wayne-avenue-office\/\">Wayne Avenue Office<\/a><\/li>\n\t<li class=\"page_item page-item-2505\"><a href=\"https:\/\/www.patriotfcu.org\/es\/locations-atms\/waynesboro-financial-services-center\/\">Waynesboro Financial Services Center<\/a><\/li>\n<\/ul>\n<\/li>\n<li class=\"page_item page-item-2512\"><a href=\"https:\/\/www.patriotfcu.org\/es\/make-payment\/\">Hacer un pago de pr\u00e9stamo<\/a><\/li>\n<li class=\"page_item page-item-4708\"><a href=\"https:\/\/www.patriotfcu.org\/es\/member-benefits\/\">Beneficios para miembros<\/a><\/li>\n<li class=\"page_item page-item-2568\"><a href=\"https:\/\/www.patriotfcu.org\/es\/member-newsletter\/\">Bolet\u00edn para Miembros<\/a><\/li>\n<li class=\"page_item page-item-4198\"><a href=\"https:\/\/www.patriotfcu.org\/es\/mobile-online-banking-privacy-policy\/\">Pol\u00edtica de privacidad de banco m\u00f3vil y en l\u00ednea<\/a><\/li>\n<li class=\"page_item page-item-4760\"><a href=\"https:\/\/www.patriotfcu.org\/es\/money-market-dividend-changes\/\">Cambios en los dividendos del mercado monetario<\/a><\/li>\n<li class=\"page_item page-item-5668\"><a href=\"https:\/\/www.patriotfcu.org\/es\/new-member-survey\/\">Encuesta para nuevos miembros<\/a><\/li>\n<li class=\"page_item page-item-6927\"><a href=\"https:\/\/www.patriotfcu.org\/es\/online-banking-mobile-app-upgrade\/\">Actualizaci\u00f3n de la banca en l\u00ednea y la aplicaci\u00f3n m\u00f3vil<\/a><\/li>\n<li class=\"page_item page-item-2562\"><a href=\"https:\/\/www.patriotfcu.org\/es\/online-security\/\">Seguridad en L\u00ednea<\/a><\/li>\n<li class=\"page_item page-item-5032\"><a href=\"https:\/\/www.patriotfcu.org\/es\/open-a-new-account\/\">abrir una nueva cuenta<\/a><\/li>\n<li class=\"page_item page-item-2513\"><a href=\"https:\/\/www.patriotfcu.org\/es\/open-an-account\/\">Abrir una Cuenta<\/a><\/li>\n<li class=\"page_item page-item-5034\"><a href=\"https:\/\/www.patriotfcu.org\/es\/open-an-additional-account\/\">Abrir una cuenta adicional<\/a><\/li>\n<li class=\"page_item page-item-5042\"><a href=\"https:\/\/www.patriotfcu.org\/es\/open-youth-accounts-online\/\">Abrir cuentas para j\u00f3venes en l\u00ednea<\/a><\/li>\n<li class=\"page_item page-item-2564 current_page_parent\"><a href=\"https:\/\/www.patriotfcu.org\/es\/blog\/\">Blog de Patriot<\/a><\/li>\n<li class=\"page_item page-item-5598\"><a href=\"https:\/\/www.patriotfcu.org\/es\/patriot-federal-credit-union-and-ameriprise-financial-faqs\/\">Preguntas frecuentes sobre Patriot Federal Credit Union y Ameriprise Financial<\/a><\/li>\n<li class=\"page_item page-item-4949\"><a href=\"https:\/\/www.patriotfcu.org\/es\/patriot-mobile-app-updates\/\">Actualizaciones de la aplicaci\u00f3n m\u00f3vil Patriot<\/a><\/li>\n<li class=\"page_item page-item-5483\"><a href=\"https:\/\/www.patriotfcu.org\/es\/patriot-perks\/\">Patriot Perks<\/a><\/li>\n<li class=\"page_item page-item-2514 page_item_has_children\"><a href=\"https:\/\/www.patriotfcu.org\/es\/personal\/\">Personal<\/a>\n<ul class='children'>\n\t<li class=\"page_item page-item-2516 page_item_has_children\"><a href=\"https:\/\/www.patriotfcu.org\/es\/personal\/checking-accounts\/\">Cuentas de Cheques<\/a>\n\t<ul class='children'>\n\t\t<li class=\"page_item page-item-5296\"><a href=\"https:\/\/www.patriotfcu.org\/es\/personal\/checking-accounts\/dividend-checking\/\">Dividend Checking<\/a><\/li>\n\t\t<li class=\"page_item page-item-5284\"><a href=\"https:\/\/www.patriotfcu.org\/es\/personal\/checking-accounts\/e-plus-checking\/\">e-Plus Checking<\/a><\/li>\n\t\t<li class=\"page_item page-item-5277\"><a href=\"https:\/\/www.patriotfcu.org\/es\/personal\/checking-accounts\/essentials-checking\/\">Essentials Checking<\/a><\/li>\n\t\t<li class=\"page_item page-item-2517\"><a href=\"https:\/\/www.patriotfcu.org\/es\/personal\/checking-accounts\/overdraft-services\/\">Servicios de protecci\u00f3n contra sobregiros<\/a><\/li>\n\t\t<li class=\"page_item page-item-5289\"><a href=\"https:\/\/www.patriotfcu.org\/es\/personal\/checking-accounts\/rewards-checking\/\">Rewards Checking<\/a><\/li>\n\t\t<li class=\"page_item page-item-2518\"><a href=\"https:\/\/www.patriotfcu.org\/es\/personal\/checking-accounts\/direct-deposit\/\">Reg\u00edstrese para dep\u00f3sito directo<\/a><\/li>\n\t<\/ul>\n<\/li>\n\t<li class=\"page_item page-item-2545\"><a href=\"https:\/\/www.patriotfcu.org\/es\/personal\/credit-identity-security-services\/\">Servicios de seguridad de cr\u00e9dito e identidad<\/a><\/li>\n\t<li class=\"page_item page-item-2524\"><a href=\"https:\/\/www.patriotfcu.org\/es\/personal\/credit-cards\/\">Tarjetas de Cr\u00e9dito<\/a><\/li>\n\t<li class=\"page_item page-item-2525 page_item_has_children\"><a href=\"https:\/\/www.patriotfcu.org\/es\/personal\/home-loans\/\">Pr\u00e9stamos Hipotecarios<\/a>\n\t<ul class='children'>\n\t\t<li class=\"page_item page-item-2528\"><a href=\"https:\/\/www.patriotfcu.org\/es\/personal\/home-loans\/home-equity-loans-lines-of-credit\/\">Pr\u00e9stamos y l\u00edneas de cr\u00e9dito sobre el valor de la vivienda (HELOC)<\/a><\/li>\n\t\t<li class=\"page_item page-item-2530\"><a href=\"https:\/\/www.patriotfcu.org\/es\/personal\/home-loans\/land-loans\/\">Pr\u00e9stamos para Terreno<\/a><\/li>\n\t\t<li class=\"page_item page-item-2526\"><a href=\"https:\/\/www.patriotfcu.org\/es\/personal\/home-loans\/mortgages\/\">Pr\u00e9stamos Hipotecarios<\/a><\/li>\n\t\t<li class=\"page_item page-item-2527\"><a href=\"https:\/\/www.patriotfcu.org\/es\/personal\/home-loans\/mortgage-refinance\/\">Refinanciamiento Hipotecario<\/a><\/li>\n\t<\/ul>\n<\/li>\n\t<li class=\"page_item page-item-2522\"><a href=\"https:\/\/www.patriotfcu.org\/es\/personal\/individual-retirement-accounts-iras\/\">Cuentas de Jubilaci\u00f3n Individuales (IRA)<\/a><\/li>\n\t<li class=\"page_item page-item-2544\"><a href=\"https:\/\/www.patriotfcu.org\/es\/personal\/insurance\/\">Seguro<\/a><\/li>\n\t<li class=\"page_item page-item-2540 page_item_has_children\"><a href=\"https:\/\/www.patriotfcu.org\/es\/personal\/online-mobile-banking\/\">Banco en l\u00ednea y m\u00f3vil<\/a>\n\t<ul class='children'>\n\t\t<li class=\"page_item page-item-2542\"><a href=\"https:\/\/www.patriotfcu.org\/es\/personal\/online-mobile-banking\/card-controls\/\">Controles de la tarjeta Visa\u00ae<\/a><\/li>\n\t<\/ul>\n<\/li>\n\t<li class=\"page_item page-item-2515\"><a href=\"https:\/\/www.patriotfcu.org\/es\/personal\/checking-savings\/\">Cuentas personales de cheques y de ahorro<\/a><\/li>\n\t<li class=\"page_item page-item-2523\"><a href=\"https:\/\/www.patriotfcu.org\/es\/personal\/loans-credit-cards\/\">Pr\u00e9stamos personales y tarjetas de cr\u00e9dito<\/a><\/li>\n\t<li class=\"page_item page-item-2536\"><a href=\"https:\/\/www.patriotfcu.org\/es\/personal\/loans-lines-credit\/\">Pr\u00e9stamos personales y l\u00edneas de cr\u00e9dito<\/a><\/li>\n\t<li class=\"page_item page-item-2539\"><a href=\"https:\/\/www.patriotfcu.org\/es\/personal\/services\/\">Servicios personales<\/a><\/li>\n\t<li class=\"page_item page-item-2547\"><a href=\"https:\/\/www.patriotfcu.org\/es\/personal\/safe-deposit-boxes\/\">Cajas de Seguridad<\/a><\/li>\n\t<li class=\"page_item page-item-2519\"><a href=\"https:\/\/www.patriotfcu.org\/es\/personal\/savings-money-market-accounts\/\">Cuentas de Ahorro &amp; Mercado Monetario<\/a><\/li>\n\t<li class=\"page_item page-item-6623\"><a href=\"https:\/\/www.patriotfcu.org\/es\/personal\/secondary-savings-accounts\/\">Cuentas de ahorro secundarias<\/a><\/li>\n\t<li class=\"page_item page-item-2537\"><a href=\"https:\/\/www.patriotfcu.org\/es\/personal\/secured-loans\/\">Pr\u00e9stamos Garantizados<\/a><\/li>\n\t<li class=\"page_item page-item-2521\"><a href=\"https:\/\/www.patriotfcu.org\/es\/personal\/certificate-accounts\/\">Certificados<\/a><\/li>\n\t<li class=\"page_item page-item-2538\"><a href=\"https:\/\/www.patriotfcu.org\/es\/personal\/student-loans\/\">Pr\u00e9stamos Estudiantiles<\/a><\/li>\n\t<li class=\"page_item page-item-2531 page_item_has_children\"><a href=\"https:\/\/www.patriotfcu.org\/es\/personal\/vehicle-loans-car-buying\/\">Pr\u00e9stamos para Veh\u00edculos<\/a>\n\t<ul class='children'>\n\t\t<li class=\"page_item page-item-2534\"><a href=\"https:\/\/www.patriotfcu.org\/es\/personal\/vehicle-loans-car-buying\/refinance\/\">Refinanciamiento de pr\u00e9stamos para autom\u00f3viles<\/a><\/li>\n\t\t<li class=\"page_item page-item-2532\"><a href=\"https:\/\/www.patriotfcu.org\/es\/personal\/vehicle-loans-car-buying\/buy-vehicle\/\">Comprar un Veh\u00edculo<\/a><\/li>\n\t\t<li class=\"page_item page-item-2533\"><a href=\"https:\/\/www.patriotfcu.org\/es\/personal\/vehicle-loans-car-buying\/new-used-vehicle-loans\/\">Pr\u00e9stamos para autom\u00f3viles nuevos y usados<\/a><\/li>\n\t\t<li class=\"page_item page-item-2535\"><a href=\"https:\/\/www.patriotfcu.org\/es\/personal\/vehicle-loans-car-buying\/recreational\/\">Pr\u00e9stamos para Veh\u00edculos Recreativos<\/a><\/li>\n\t<\/ul>\n<\/li>\n\t<li class=\"page_item page-item-2520\"><a href=\"https:\/\/www.patriotfcu.org\/es\/personal\/youth-accounts\/\">Cuentas Juveniles<\/a><\/li>\n<\/ul>\n<\/li>\n<li class=\"page_item page-item-2577\"><a href=\"https:\/\/www.patriotfcu.org\/es\/privacy-security-policy\/\">Pol\u00edtica de privacidad y seguridad<\/a><\/li>\n<li class=\"page_item page-item-2496\"><a href=\"https:\/\/www.patriotfcu.org\/es\/rates\/\">Tarifas<\/a><\/li>\n<li class=\"page_item page-item-4929\"><a href=\"https:\/\/www.patriotfcu.org\/es\/refer\/\">Recomendar un amigo<\/a><\/li>\n<li class=\"page_item page-item-3938\"><a href=\"https:\/\/www.patriotfcu.org\/es\/routine-maintenance\/\">Mantenimiento de rutina<\/a><\/li>\n<li class=\"page_item page-item-2576\"><a href=\"https:\/\/www.patriotfcu.org\/es\/safe-mortgage-licensing-act\/\">Ley de Licencias Hipotecarias Seguras<\/a><\/li>\n<li class=\"page_item page-item-2570\"><a href=\"https:\/\/www.patriotfcu.org\/es\/scholarship-competition\/\">Concurso de Beca<\/a><\/li>\n<li class=\"page_item page-item-4128\"><a href=\"https:\/\/www.patriotfcu.org\/es\/search-results\/\">Resultados de la b\u00fasqueda<\/a><\/li>\n<li class=\"page_item page-item-2561 page_item_has_children\"><a href=\"https:\/\/www.patriotfcu.org\/es\/security-education\/\">Seguridad y educaci\u00f3n<\/a>\n<ul class='children'>\n\t<li class=\"page_item page-item-4703\"><a href=\"https:\/\/www.patriotfcu.org\/es\/security-education\/videos\/\">V\u00eddeos<\/a><\/li>\n<\/ul>\n<\/li>\n<li class=\"page_item page-item-4364\"><a href=\"https:\/\/www.patriotfcu.org\/es\/shred-day\/\">D\u00eda de la trituraci\u00f3n<\/a><\/li>\n<li class=\"page_item page-item-6540\"><a href=\"https:\/\/www.patriotfcu.org\/es\/signing-completed\/\">Firma completada<\/a><\/li>\n<li class=\"page_item page-item-2579\"><a href=\"https:\/\/www.patriotfcu.org\/es\/sitemap\/\">Mapa del sitio<\/a><\/li>\n<li class=\"page_item page-item-1223\"><a href=\"https:\/\/www.patriotfcu.org\/es\/speed-bump\/\">Banda de frenado<\/a><\/li>\n<li class=\"page_item page-item-2578\"><a href=\"https:\/\/www.patriotfcu.org\/es\/website-accessibility\/\">Accesibilidad del sitio web<\/a><\/li>\n<li class=\"page_item page-item-4714\"><a href=\"https:\/\/www.patriotfcu.org\/es\/zogo-financial-literacy\/\">Zogo Educaci\u00f3n financiera<\/a><\/li>\n\t<\/ul>\n\t\n<\/div>\t\t\t\t<\/div>\n\t\t\t\t\t\t\t<\/div>\n\t\t\t\t<\/div>\n\n\t<\/div>\n<\/div>\n\n\n<div class=\"co-flex_row co-flex_row__white co-flex_row__last co-flex_row__disclosures\" >\n\t<div class=\"co-flex_row--row co-row\">\n\t\t\t<div class=\"co-disclosures\">\n\t\t<h2 class=\"co-disclosures--title\">Divulgaciones<\/h2>\n\t\t<div class=\"co-disclosures--content\">\n\t\t\t\t\t\t\t<ul>\n\t\t\t\t\t\t\t\t\t\t\t<li>\n\t\t\t\t\t\t\t\t\t\t\t\t\t\t<p>Esta cooperativa de cr\u00e9dito est\u00e1 asegurada a nivel federal por la Administraci\u00f3n Nacional de Cooperativas de Cr\u00e9dito.<\/p>\n\t\t\t\t\t\t<\/li>\n\t\t\t\t\t\t\t\t\t\t\t<li>\n\t\t\t\t\t\t\t\t\t\t\t\t\t\t<p>Prestamista de vivienda equitativa<\/p>\n\t\t\t\t\t\t<\/li>\n\t\t\t\t\t\t\t\t\t<\/ul>\n\t\t\t\t\t<\/div>\n\t<\/div>\n\n\t<\/div>\n<\/div>","protected":false},"excerpt":{"rendered":"","protected":false},"author":12,"featured_media":0,"parent":0,"menu_order":0,"comment_status":"closed","ping_status":"closed","template":"","meta":{"_acf_changed":false,"_searchwp_excluded":"","footnotes":""},"class_list":["post-2579","page","type-page","status-publish","hentry"],"acf":[],"yoast_head":"<!-- This site is optimized with the Yoast SEO plugin v27.5 - https:\/\/yoast.com\/product\/yoast-seo-wordpress\/ -->\n<title>Sitemap - Patriot Federal Credit Union<\/title>\n<meta name=\"description\" content=\"Navigate with ease. Explore our sitemap for quick access to all pages and resources on our website.\" \/>\n<meta name=\"robots\" content=\"index, follow, max-snippet:-1, max-image-preview:large, max-video-preview:-1\" \/>\n<link rel=\"canonical\" href=\"https:\/\/www.patriotfcu.org\/es\/mapa-del-sitio\/\" \/>\n<meta property=\"og:locale\" content=\"es_ES\" \/>\n<meta property=\"og:type\" content=\"article\" \/>\n<meta property=\"og:title\" content=\"Sitemap - Patriot Federal Credit Union\" \/>\n<meta property=\"og:description\" content=\"Navigate with ease. Explore our sitemap for quick access to all pages and resources on our website.\" \/>\n<meta property=\"og:url\" content=\"https:\/\/www.patriotfcu.org\/es\/mapa-del-sitio\/\" \/>\n<meta property=\"og:site_name\" content=\"Patriot Federal Credit Union\" \/>\n<meta property=\"article:modified_time\" content=\"2026-02-10T20:55:17+00:00\" \/>\n<meta name=\"twitter:card\" content=\"summary_large_image\" \/>\n<script type=\"application\/ld+json\" class=\"yoast-schema-graph\">{\"@context\":\"https:\\\/\\\/schema.org\",\"@graph\":[{\"@type\":\"WebPage\",\"@id\":\"https:\\\/\\\/www.patriotfcu.org\\\/sitemap\\\/\",\"url\":\"https:\\\/\\\/www.patriotfcu.org\\\/sitemap\\\/\",\"name\":\"Sitemap - Patriot Federal Credit Union\",\"isPartOf\":{\"@id\":\"https:\\\/\\\/www.patriotfcu.org\\\/#website\"},\"datePublished\":\"2023-08-18T23:26:35+00:00\",\"dateModified\":\"2026-02-10T20:55:17+00:00\",\"description\":\"Navigate with ease. Explore our sitemap for quick access to all pages and resources on our website.\",\"breadcrumb\":{\"@id\":\"https:\\\/\\\/www.patriotfcu.org\\\/sitemap\\\/#breadcrumb\"},\"inLanguage\":\"es-ES\",\"potentialAction\":[{\"@type\":\"ReadAction\",\"target\":[\"https:\\\/\\\/www.patriotfcu.org\\\/sitemap\\\/\"]}]},{\"@type\":\"BreadcrumbList\",\"@id\":\"https:\\\/\\\/www.patriotfcu.org\\\/sitemap\\\/#breadcrumb\",\"itemListElement\":[{\"@type\":\"ListItem\",\"position\":1,\"name\":\"Home\",\"item\":\"https:\\\/\\\/www.patriotfcu.org\\\/\"},{\"@type\":\"ListItem\",\"position\":2,\"name\":\"Sitemap\"}]},{\"@type\":\"WebSite\",\"@id\":\"https:\\\/\\\/www.patriotfcu.org\\\/#website\",\"url\":\"https:\\\/\\\/www.patriotfcu.org\\\/\",\"name\":\"Patriot Federal Credit Union\",\"description\":\"Financial Services That Meet Your Need\",\"potentialAction\":[{\"@type\":\"SearchAction\",\"target\":{\"@type\":\"EntryPoint\",\"urlTemplate\":\"https:\\\/\\\/www.patriotfcu.org\\\/?s={search_term_string}\"},\"query-input\":{\"@type\":\"PropertyValueSpecification\",\"valueRequired\":true,\"valueName\":\"search_term_string\"}}],\"inLanguage\":\"es-ES\"}]}<\/script>\n<!-- \/ Yoast SEO plugin. -->","yoast_head_json":{"title":"Mapa del sitio - Patriot Federal Credit Union","description":"Navega con facilidad. Explore nuestro mapa del sitio para acceder r\u00e1pidamente a todas las p\u00e1ginas y recursos de nuestro sitio web.","robots":{"index":"index","follow":"follow","max-snippet":"max-snippet:-1","max-image-preview":"max-image-preview:large","max-video-preview":"max-video-preview:-1"},"canonical":"https:\/\/www.patriotfcu.org\/es\/mapa-del-sitio\/","og_locale":"es_ES","og_type":"article","og_title":"Sitemap - Patriot Federal Credit Union","og_description":"Navigate with ease. Explore our sitemap for quick access to all pages and resources on our website.","og_url":"https:\/\/www.patriotfcu.org\/es\/mapa-del-sitio\/","og_site_name":"Patriot Federal Credit Union","article_modified_time":"2026-02-10T20:55:17+00:00","twitter_card":"summary_large_image","schema":{"@context":"https:\/\/schema.org","@graph":[{"@type":"WebPage","@id":"https:\/\/www.patriotfcu.org\/sitemap\/","url":"https:\/\/www.patriotfcu.org\/sitemap\/","name":"Mapa del sitio - Patriot Federal Credit Union","isPartOf":{"@id":"https:\/\/www.patriotfcu.org\/#website"},"datePublished":"2023-08-18T23:26:35+00:00","dateModified":"2026-02-10T20:55:17+00:00","description":"Navega con facilidad. Explore nuestro mapa del sitio para acceder r\u00e1pidamente a todas las p\u00e1ginas y recursos de nuestro sitio web.","breadcrumb":{"@id":"https:\/\/www.patriotfcu.org\/sitemap\/#breadcrumb"},"inLanguage":"es-ES","potentialAction":[{"@type":"ReadAction","target":["https:\/\/www.patriotfcu.org\/sitemap\/"]}]},{"@type":"BreadcrumbList","@id":"https:\/\/www.patriotfcu.org\/sitemap\/#breadcrumb","itemListElement":[{"@type":"ListItem","position":1,"name":"Home","item":"https:\/\/www.patriotfcu.org\/"},{"@type":"ListItem","position":2,"name":"Sitemap"}]},{"@type":"WebSite","@id":"https:\/\/www.patriotfcu.org\/#website","url":"https:\/\/www.patriotfcu.org\/","name":"Patriot Federal Credit Union","description":"Servicios financieros que satisfacen sus necesidades","potentialAction":[{"@type":"SearchAction","target":{"@type":"EntryPoint","urlTemplate":"https:\/\/www.patriotfcu.org\/?s={search_term_string}"},"query-input":{"@type":"PropertyValueSpecification","valueRequired":true,"valueName":"search_term_string"}}],"inLanguage":"es-ES"}]}},"_links":{"self":[{"href":"https:\/\/www.patriotfcu.org\/es\/wp-json\/wp\/v2\/pages\/2579","targetHints":{"allow":["GET"]}}],"collection":[{"href":"https:\/\/www.patriotfcu.org\/es\/wp-json\/wp\/v2\/pages"}],"about":[{"href":"https:\/\/www.patriotfcu.org\/es\/wp-json\/wp\/v2\/types\/page"}],"author":[{"embeddable":true,"href":"https:\/\/www.patriotfcu.org\/es\/wp-json\/wp\/v2\/users\/12"}],"replies":[{"embeddable":true,"href":"https:\/\/www.patriotfcu.org\/es\/wp-json\/wp\/v2\/comments?post=2579"}],"version-history":[{"count":2,"href":"https:\/\/www.patriotfcu.org\/es\/wp-json\/wp\/v2\/pages\/2579\/revisions"}],"predecessor-version":[{"id":6697,"href":"https:\/\/www.patriotfcu.org\/es\/wp-json\/wp\/v2\/pages\/2579\/revisions\/6697"}],"wp:attachment":[{"href":"https:\/\/www.patriotfcu.org\/es\/wp-json\/wp\/v2\/media?parent=2579"}],"curies":[{"name":"Gracias","href":"https:\/\/api.w.org\/{rel}","templated":true}]}}