{"id":4703,"date":"2024-03-06T13:58:50","date_gmt":"2024-03-06T18:58:50","guid":{"rendered":"https:\/\/www.patriotfcu.org\/?page_id=4703"},"modified":"2026-03-26T13:38:00","modified_gmt":"2026-03-26T17:38:00","slug":"videos","status":"publish","type":"page","link":"https:\/\/www.patriotfcu.org\/es\/educacion-de-seguridad\/videos\/","title":{"rendered":"V\u00eddeos"},"content":{"rendered":"<div class=\"co-flex_row co-flex_row__light co-flex_row__simple-hero\" >\n\t<div class=\"co-flex_row--row co-row\">\n\t\t\t<header class=\"co-simple_hero light\" aria-label=\"Encabezado: V\u00eddeos\">\n\t\t<div class=\"co-simple_hero--inner\">\n\t\t\t<div>\n\t\t\t\t<div class=\"co-simple_hero--text pcol-lg:7\">\n\t\t\t\t\t<h1 class=\"co-simple_hero--title\">\n\t\t\t\t\t\tV\u00eddeos\t\t\t\t\t<\/h1>\n\t\t\t\t<\/div>\n\t\t\t<\/div>\n\t\t<\/div>\n\t<\/header>\n\n\t<\/div>\n<\/div>\n\n\n\n\n\n\n\n\n<div class=\"co-flex_row co-flex_row__white co-flex_row__embed-video\" >\n\t<div class=\"co-flex_row--row co-row\">\n\t\t\t<div class=\"co-video\">\n\t\t\t<header class=\"co-intro_text\">\n\t\t<h2 class=\"co-intro_text--title\">Feria de la realidad\n\t\t\t\t<svg class=\"heading_shape\" xmlns=\"http:\/\/www.w3.org\/2000\/svg\" width=\"238.55799865722656\" height=\"14.876999855041504\" viewbox=\"0 0 238.558 14.877\">\n\t\t\t\t\t<path id=\"Path_16614\" data-name=\"Path 16614\" d=\"M5118.863,2995.027c15.19-6.542,69.982-8.38,118.5-2.822s90.372,10.077,113.638,2.822\" transform=\"translate(-5115.578 -2986.393)\" fill=\"none\" stroke=\"#ce1126\" stroke-linecap=\"round\" stroke-width=\"5\" class=\"title-shape\"><\/path>\n\t\t\t\t<\/svg>\n\t\t\t<\/h2>\t<\/header>\n<div class=\"co-video--vid_wrap\"><div class=\"co-youtube_wrap loading js-youtube_wrap\"><iframe loading=\"lazy\" title=\"Feria de la Realidad 2024\" width=\"1024\" height=\"576\" src=\"\" data-src=\"https:\/\/www.youtube.com\/embed\/usmJ_rEaNpQ?feature=oembed\" frameborder=\"0\" allow=\"accelerometer; autoplay; clipboard-write; encrypted-media; gyroscope; picture-in-picture; web-share\" referrerpolicy=\"strict-origin-when-cross-origin\" allowfullscreen><\/iframe><\/div><\/div>\t<\/div>\n\n\t<\/div>\n<\/div>\n\n\n\n\n\n\n\n\n<div class=\"co-flex_row co-flex_row__white co-flex_row__embed-video\" >\n\t<div class=\"co-flex_row--row co-row\">\n\t\t\t<div class=\"co-video\">\n\t\t\t<header class=\"co-intro_text\">\n\t\t<h2 class=\"co-intro_text--title\">Celebrando nuestra designaci\u00f3n de Juntos Avanzamos\n\t\t\t\t<svg class=\"heading_shape\" xmlns=\"http:\/\/www.w3.org\/2000\/svg\" width=\"238.55799865722656\" height=\"14.876999855041504\" viewbox=\"0 0 238.558 14.877\">\n\t\t\t\t\t<path id=\"Path_16614\" data-name=\"Path 16614\" d=\"M5118.863,2995.027c15.19-6.542,69.982-8.38,118.5-2.822s90.372,10.077,113.638,2.822\" transform=\"translate(-5115.578 -2986.393)\" fill=\"none\" stroke=\"#ce1126\" stroke-linecap=\"round\" stroke-width=\"5\" class=\"title-shape\"><\/path>\n\t\t\t\t<\/svg>\n\t\t\t<\/h2>\t<\/header>\n<div class=\"co-video--vid_wrap\"><div class=\"co-youtube_wrap loading js-youtube_wrap\"><iframe loading=\"lazy\" title=\"Celebrando nuestra designaci\u00f3n de Juntos Avanzamos\" width=\"422\" height=\"750\" src=\"\" data-src=\"https:\/\/www.youtube.com\/embed\/juzczG0mkWg?feature=oembed\" frameborder=\"0\" allow=\"accelerometer; autoplay; clipboard-write; encrypted-media; gyroscope; picture-in-picture; web-share\" referrerpolicy=\"strict-origin-when-cross-origin\" allowfullscreen><\/iframe><\/div><\/div>\t<\/div>\n\n\t<\/div>\n<\/div>\n\n\n\n\n<div class=\"co-flex_row co-flex_row__white co-flex_row__embed-video\" id=\"patriotperks\">\n\t<div class=\"co-flex_row--row co-row\">\n\t\t\t<div class=\"co-video\">\n\t\t\t<header class=\"co-intro_text\">\n\t\t<h2 class=\"co-intro_text--title\">Patriot Perks\n\t\t\t\t<svg class=\"heading_shape\" xmlns=\"http:\/\/www.w3.org\/2000\/svg\" width=\"238.55799865722656\" height=\"14.876999855041504\" viewbox=\"0 0 238.558 14.877\">\n\t\t\t\t\t<path id=\"Path_16614\" data-name=\"Path 16614\" d=\"M5118.863,2995.027c15.19-6.542,69.982-8.38,118.5-2.822s90.372,10.077,113.638,2.822\" transform=\"translate(-5115.578 -2986.393)\" fill=\"none\" stroke=\"#ce1126\" stroke-linecap=\"round\" stroke-width=\"5\" class=\"title-shape\"><\/path>\n\t\t\t\t<\/svg>\n\t\t\t<\/h2>\t<\/header>\n<div class=\"co-video--vid_wrap\"><div class=\"co-youtube_wrap loading js-youtube_wrap\"><iframe loading=\"lazy\" title=\"Patriot Perks\" width=\"1024\" height=\"576\" src=\"\" data-src=\"https:\/\/www.youtube.com\/embed\/Oi30YTwPff8?feature=oembed\" frameborder=\"0\" allow=\"accelerometer; autoplay; clipboard-write; encrypted-media; gyroscope; picture-in-picture; web-share\" referrerpolicy=\"strict-origin-when-cross-origin\" allowfullscreen><\/iframe><\/div><\/div>\t<\/div>\n\n\t<\/div>\n<\/div>\n\n\n<div class=\"co-flex_row co-flex_row__white co-flex_row__embed-video\" >\n\t<div class=\"co-flex_row--row co-row\">\n\t\t\t<div class=\"co-video\">\n\t\t\t<header class=\"co-intro_text\">\n\t\t<h2 class=\"co-intro_text--title\">Diferencias entre cooperativas de cr\u00e9dito\n\t\t\t\t<svg class=\"heading_shape\" xmlns=\"http:\/\/www.w3.org\/2000\/svg\" width=\"238.55799865722656\" height=\"14.876999855041504\" viewbox=\"0 0 238.558 14.877\">\n\t\t\t\t\t<path id=\"Path_16614\" data-name=\"Path 16614\" d=\"M5118.863,2995.027c15.19-6.542,69.982-8.38,118.5-2.822s90.372,10.077,113.638,2.822\" transform=\"translate(-5115.578 -2986.393)\" fill=\"none\" stroke=\"#ce1126\" stroke-linecap=\"round\" stroke-width=\"5\" class=\"title-shape\"><\/path>\n\t\t\t\t<\/svg>\n\t\t\t<\/h2>\t<\/header>\n<div class=\"co-video--vid_wrap\"><div class=\"co-youtube_wrap loading js-youtube_wrap\"><iframe loading=\"lazy\" title=\"Diferencias entre cooperativas de cr\u00e9dito\" width=\"1024\" height=\"576\" src=\"\" data-src=\"https:\/\/www.youtube.com\/embed\/VjymMoBnSaY?feature=oembed\" frameborder=\"0\" allow=\"accelerometer; autoplay; clipboard-write; encrypted-media; gyroscope; picture-in-picture; web-share\" referrerpolicy=\"strict-origin-when-cross-origin\" allowfullscreen><\/iframe><\/div><\/div>\t<\/div>\n\n\t<\/div>\n<\/div>\n\n\n<div class=\"co-flex_row co-flex_row__white co-flex_row__embed-video\" >\n\t<div class=\"co-flex_row--row co-row\">\n\t\t\t<div class=\"co-video\">\n\t\t\t<header class=\"co-intro_text\">\n\t\t<h2 class=\"co-intro_text--title\">Protegiendo a nuestros mayores: exponiendo la estafa de los abuelos\n\t\t\t\t<svg class=\"heading_shape\" xmlns=\"http:\/\/www.w3.org\/2000\/svg\" width=\"238.55799865722656\" height=\"14.876999855041504\" viewbox=\"0 0 238.558 14.877\">\n\t\t\t\t\t<path id=\"Path_16614\" data-name=\"Path 16614\" d=\"M5118.863,2995.027c15.19-6.542,69.982-8.38,118.5-2.822s90.372,10.077,113.638,2.822\" transform=\"translate(-5115.578 -2986.393)\" fill=\"none\" stroke=\"#ce1126\" stroke-linecap=\"round\" stroke-width=\"5\" class=\"title-shape\"><\/path>\n\t\t\t\t<\/svg>\n\t\t\t<\/h2>\t<\/header>\n<div class=\"co-video--vid_wrap\"><div class=\"co-youtube_wrap loading js-youtube_wrap\"><iframe loading=\"lazy\" title=\"Protegiendo a nuestros mayores: exponiendo la estafa de los abuelos\" width=\"1024\" height=\"576\" src=\"\" data-src=\"https:\/\/www.youtube.com\/embed\/_OJ__snub0w?feature=oembed\" frameborder=\"0\" allow=\"accelerometer; autoplay; clipboard-write; encrypted-media; gyroscope; picture-in-picture; web-share\" referrerpolicy=\"strict-origin-when-cross-origin\" allowfullscreen><\/iframe><\/div><\/div>\t<\/div>\n\n\t<\/div>\n<\/div>\n\n\n<div class=\"co-flex_row co-flex_row__white co-flex_row__embed-video\" >\n\t<div class=\"co-flex_row--row co-row\">\n\t\t\t<div class=\"co-video\">\n\t\t\t<header class=\"co-intro_text\">\n\t\t<h2 class=\"co-intro_text--title\">C\u00f3mo protegerse del fraude electr\u00f3nico comercial\n\t\t\t\t<svg class=\"heading_shape\" xmlns=\"http:\/\/www.w3.org\/2000\/svg\" width=\"238.55799865722656\" height=\"14.876999855041504\" viewbox=\"0 0 238.558 14.877\">\n\t\t\t\t\t<path id=\"Path_16614\" data-name=\"Path 16614\" d=\"M5118.863,2995.027c15.19-6.542,69.982-8.38,118.5-2.822s90.372,10.077,113.638,2.822\" transform=\"translate(-5115.578 -2986.393)\" fill=\"none\" stroke=\"#ce1126\" stroke-linecap=\"round\" stroke-width=\"5\" class=\"title-shape\"><\/path>\n\t\t\t\t<\/svg>\n\t\t\t<\/h2>\t<\/header>\n<div class=\"co-video--vid_wrap\"><div class=\"co-youtube_wrap loading js-youtube_wrap\"><iframe loading=\"lazy\" title=\"Fraude en transacciones comerciales\" width=\"1024\" height=\"576\" src=\"\" data-src=\"https:\/\/www.youtube.com\/embed\/JstMbaTq2HY?feature=oembed\" frameborder=\"0\" allow=\"accelerometer; autoplay; clipboard-write; encrypted-media; gyroscope; picture-in-picture; web-share\" referrerpolicy=\"strict-origin-when-cross-origin\" allowfullscreen><\/iframe><\/div><\/div>\t<\/div>\n\n\t<\/div>\n<\/div>\n\n\n<div class=\"co-flex_row co-flex_row__white co-flex_row__embed-video\" >\n\t<div class=\"co-flex_row--row co-row\">\n\t\t\t<div class=\"co-video\">\n\t\t\t<header class=\"co-intro_text\">\n\t\t<h2 class=\"co-intro_text--title\">Formas de pagar su pr\u00e9stamo Patriot\n\t\t\t\t<svg class=\"heading_shape\" xmlns=\"http:\/\/www.w3.org\/2000\/svg\" width=\"238.55799865722656\" height=\"14.876999855041504\" viewbox=\"0 0 238.558 14.877\">\n\t\t\t\t\t<path id=\"Path_16614\" data-name=\"Path 16614\" d=\"M5118.863,2995.027c15.19-6.542,69.982-8.38,118.5-2.822s90.372,10.077,113.638,2.822\" transform=\"translate(-5115.578 -2986.393)\" fill=\"none\" stroke=\"#ce1126\" stroke-linecap=\"round\" stroke-width=\"5\" class=\"title-shape\"><\/path>\n\t\t\t\t<\/svg>\n\t\t\t<\/h2>\t<\/header>\n<div class=\"co-video--vid_wrap\"><div class=\"co-youtube_wrap loading js-youtube_wrap\"><iframe loading=\"lazy\" title=\"Formas de pagar su pr\u00e9stamo Patriot\" width=\"1024\" height=\"576\" src=\"\" data-src=\"https:\/\/www.youtube.com\/embed\/pVV7iIGt4Oo?feature=oembed\" frameborder=\"0\" allow=\"accelerometer; autoplay; clipboard-write; encrypted-media; gyroscope; picture-in-picture; web-share\" referrerpolicy=\"strict-origin-when-cross-origin\" allowfullscreen><\/iframe><\/div><\/div>\t<\/div>\n\n\t<\/div>\n<\/div>\n\n\n<div class=\"co-flex_row co-flex_row__white co-flex_row__embed-video\" id=\"alertsinonlinebanking\">\n\t<div class=\"co-flex_row--row co-row\">\n\t\t\t<div class=\"co-video\">\n\t\t\t<header class=\"co-intro_text\">\n\t\t<h2 class=\"co-intro_text--title\">C\u00f3mo: configurar alertas en la banca en l\u00ednea\n\t\t\t\t<svg class=\"heading_shape\" xmlns=\"http:\/\/www.w3.org\/2000\/svg\" width=\"238.55799865722656\" height=\"14.876999855041504\" viewbox=\"0 0 238.558 14.877\">\n\t\t\t\t\t<path id=\"Path_16614\" data-name=\"Path 16614\" d=\"M5118.863,2995.027c15.19-6.542,69.982-8.38,118.5-2.822s90.372,10.077,113.638,2.822\" transform=\"translate(-5115.578 -2986.393)\" fill=\"none\" stroke=\"#ce1126\" stroke-linecap=\"round\" stroke-width=\"5\" class=\"title-shape\"><\/path>\n\t\t\t\t<\/svg>\n\t\t\t<\/h2>\t<\/header>\n<div class=\"co-video--vid_wrap\"><div class=\"co-youtube_wrap loading js-youtube_wrap\"><iframe loading=\"lazy\" title=\"C\u00f3mo configurar alertas en la banca en l\u00ednea\" width=\"1024\" height=\"576\" src=\"\" data-src=\"https:\/\/www.youtube.com\/embed\/-UZvAOiujF4?feature=oembed\" frameborder=\"0\" allow=\"accelerometer; autoplay; clipboard-write; encrypted-media; gyroscope; picture-in-picture; web-share\" referrerpolicy=\"strict-origin-when-cross-origin\" allowfullscreen><\/iframe><\/div><\/div>\t<\/div>\n\n\t<\/div>\n<\/div>\n\n\n<div class=\"co-flex_row co-flex_row__white co-flex_row__embed-video\" >\n\t<div class=\"co-flex_row--row co-row\">\n\t\t\t<div class=\"co-video\">\n\t\t\t<header class=\"co-intro_text\">\n\t\t<h2 class=\"co-intro_text--title\">Descripci\u00f3n general de Patriot Mobile\n\t\t\t\t<svg class=\"heading_shape\" xmlns=\"http:\/\/www.w3.org\/2000\/svg\" width=\"238.55799865722656\" height=\"14.876999855041504\" viewbox=\"0 0 238.558 14.877\">\n\t\t\t\t\t<path id=\"Path_16614\" data-name=\"Path 16614\" d=\"M5118.863,2995.027c15.19-6.542,69.982-8.38,118.5-2.822s90.372,10.077,113.638,2.822\" transform=\"translate(-5115.578 -2986.393)\" fill=\"none\" stroke=\"#ce1126\" stroke-linecap=\"round\" stroke-width=\"5\" class=\"title-shape\"><\/path>\n\t\t\t\t<\/svg>\n\t\t\t<\/h2>\t<\/header>\n<div class=\"co-video--vid_wrap\"><div class=\"co-youtube_wrap loading js-youtube_wrap\"><iframe loading=\"lazy\" title=\"Descripci\u00f3n general de Patriot Mobile\" width=\"1024\" height=\"576\" src=\"\" data-src=\"https:\/\/www.youtube.com\/embed\/6ag8nAhoOOM?feature=oembed\" frameborder=\"0\" allow=\"accelerometer; autoplay; clipboard-write; encrypted-media; gyroscope; picture-in-picture; web-share\" referrerpolicy=\"strict-origin-when-cross-origin\" allowfullscreen><\/iframe><\/div><\/div>\t<\/div>\n\n\t<\/div>\n<\/div>\n\n\n<div class=\"co-flex_row co-flex_row__white co-flex_row__embed-video\" >\n\t<div class=\"co-flex_row--row co-row\">\n\t\t\t<div class=\"co-video\">\n\t\t\t<header class=\"co-intro_text\">\n\t\t<h2 class=\"co-intro_text--title\">C\u00f3mo: inscribirse en la banca en l\u00ednea\n\t\t\t\t<svg class=\"heading_shape\" xmlns=\"http:\/\/www.w3.org\/2000\/svg\" width=\"238.55799865722656\" height=\"14.876999855041504\" viewbox=\"0 0 238.558 14.877\">\n\t\t\t\t\t<path id=\"Path_16614\" data-name=\"Path 16614\" d=\"M5118.863,2995.027c15.19-6.542,69.982-8.38,118.5-2.822s90.372,10.077,113.638,2.822\" transform=\"translate(-5115.578 -2986.393)\" fill=\"none\" stroke=\"#ce1126\" stroke-linecap=\"round\" stroke-width=\"5\" class=\"title-shape\"><\/path>\n\t\t\t\t<\/svg>\n\t\t\t<\/h2>\t<\/header>\n<div class=\"co-video--vid_wrap\"><div class=\"co-youtube_wrap loading js-youtube_wrap\"><iframe loading=\"lazy\" title=\"C\u00f3mo: inscribirse en la banca en l\u00ednea\" width=\"1024\" height=\"576\" src=\"\" data-src=\"https:\/\/www.youtube.com\/embed\/88dHNrVFpyc?feature=oembed\" frameborder=\"0\" allow=\"accelerometer; autoplay; clipboard-write; encrypted-media; gyroscope; picture-in-picture; web-share\" referrerpolicy=\"strict-origin-when-cross-origin\" allowfullscreen><\/iframe><\/div><\/div>\t<\/div>\n\n\t<\/div>\n<\/div>\n\n\n<div class=\"co-flex_row co-flex_row__white co-flex_row__embed-video\" id=\"estatements\">\n\t<div class=\"co-flex_row--row co-row\">\n\t\t\t<div class=\"co-video\">\n\t\t\t<header class=\"co-intro_text\">\n\t\t<h2 class=\"co-intro_text--title\">C\u00f3mo: registrarse para recibir estados de cuenta electr\u00f3nicos usando una PC\n\t\t\t\t<svg class=\"heading_shape\" xmlns=\"http:\/\/www.w3.org\/2000\/svg\" width=\"238.55799865722656\" height=\"14.876999855041504\" viewbox=\"0 0 238.558 14.877\">\n\t\t\t\t\t<path id=\"Path_16614\" data-name=\"Path 16614\" d=\"M5118.863,2995.027c15.19-6.542,69.982-8.38,118.5-2.822s90.372,10.077,113.638,2.822\" transform=\"translate(-5115.578 -2986.393)\" fill=\"none\" stroke=\"#ce1126\" stroke-linecap=\"round\" stroke-width=\"5\" class=\"title-shape\"><\/path>\n\t\t\t\t<\/svg>\n\t\t\t<\/h2>\t<\/header>\n<div class=\"co-video--vid_wrap\"><div class=\"co-youtube_wrap loading js-youtube_wrap\"><iframe loading=\"lazy\" title=\"Registrarse para recibir estados de cuenta electr\u00f3nicos - PC\" width=\"1024\" height=\"576\" src=\"\" data-src=\"https:\/\/www.youtube.com\/embed\/WO6VW5OGLgw?feature=oembed\" frameborder=\"0\" allow=\"accelerometer; autoplay; clipboard-write; encrypted-media; gyroscope; picture-in-picture; web-share\" referrerpolicy=\"strict-origin-when-cross-origin\" allowfullscreen><\/iframe><\/div><\/div>\t<\/div>\n\n\t<\/div>\n<\/div>\n\n\n<div class=\"co-flex_row co-flex_row__white co-flex_row__embed-video\" >\n\t<div class=\"co-flex_row--row co-row\">\n\t\t\t<div class=\"co-video\">\n\t\t\t<header class=\"co-intro_text\">\n\t\t<h2 class=\"co-intro_text--title\">C\u00f3mo: registrarse para recibir estados de cuenta electr\u00f3nicos en dispositivos m\u00f3viles\n\t\t\t\t<svg class=\"heading_shape\" xmlns=\"http:\/\/www.w3.org\/2000\/svg\" width=\"238.55799865722656\" height=\"14.876999855041504\" viewbox=\"0 0 238.558 14.877\">\n\t\t\t\t\t<path id=\"Path_16614\" data-name=\"Path 16614\" d=\"M5118.863,2995.027c15.19-6.542,69.982-8.38,118.5-2.822s90.372,10.077,113.638,2.822\" transform=\"translate(-5115.578 -2986.393)\" fill=\"none\" stroke=\"#ce1126\" stroke-linecap=\"round\" stroke-width=\"5\" class=\"title-shape\"><\/path>\n\t\t\t\t<\/svg>\n\t\t\t<\/h2>\t<\/header>\n<div class=\"co-video--vid_wrap\"><div class=\"co-youtube_wrap loading js-youtube_wrap\"><iframe loading=\"lazy\" title=\"C\u00f3mo registrarse para recibir estados de cuenta electr\u00f3nicos - M\u00f3vil\" width=\"1024\" height=\"576\" src=\"\" data-src=\"https:\/\/www.youtube.com\/embed\/v7DT9t9O0Nc?feature=oembed\" frameborder=\"0\" allow=\"accelerometer; autoplay; clipboard-write; encrypted-media; gyroscope; picture-in-picture; web-share\" referrerpolicy=\"strict-origin-when-cross-origin\" allowfullscreen><\/iframe><\/div><\/div>\t<\/div>\n\n\t<\/div>\n<\/div>\n\n\n<div class=\"co-flex_row co-flex_row__white co-flex_row__last co-flex_row__embed-video\" >\n\t<div class=\"co-flex_row--row co-row\">\n\t\t\t<div class=\"co-video\">\n\t\t\t<header class=\"co-intro_text\">\n\t\t<h2 class=\"co-intro_text--title\">Estafas de texto\n\t\t\t\t<svg class=\"heading_shape\" xmlns=\"http:\/\/www.w3.org\/2000\/svg\" width=\"238.55799865722656\" height=\"14.876999855041504\" viewbox=\"0 0 238.558 14.877\">\n\t\t\t\t\t<path id=\"Path_16614\" data-name=\"Path 16614\" d=\"M5118.863,2995.027c15.19-6.542,69.982-8.38,118.5-2.822s90.372,10.077,113.638,2.822\" transform=\"translate(-5115.578 -2986.393)\" fill=\"none\" stroke=\"#ce1126\" stroke-linecap=\"round\" stroke-width=\"5\" class=\"title-shape\"><\/path>\n\t\t\t\t<\/svg>\n\t\t\t<\/h2>\t<\/header>\n<div class=\"co-video--vid_wrap\"><div class=\"co-youtube_wrap loading js-youtube_wrap\"><iframe loading=\"lazy\" title=\"Estafas de texto\" width=\"1024\" height=\"576\" src=\"\" data-src=\"https:\/\/www.youtube.com\/embed\/qLS6Ed1fF60?feature=oembed\" frameborder=\"0\" allow=\"accelerometer; autoplay; clipboard-write; encrypted-media; gyroscope; picture-in-picture; web-share\" referrerpolicy=\"strict-origin-when-cross-origin\" allowfullscreen><\/iframe><\/div><\/div>\t<\/div>\n\n\t<\/div>\n<\/div>","protected":false},"excerpt":{"rendered":"","protected":false},"author":11,"featured_media":0,"parent":2561,"menu_order":0,"comment_status":"closed","ping_status":"closed","template":"","meta":{"_acf_changed":false,"_searchwp_excluded":"","footnotes":""},"class_list":["post-4703","page","type-page","status-publish","hentry"],"acf":[],"yoast_head":"<!-- This site is optimized with the Yoast SEO plugin v27.2 - https:\/\/yoast.com\/product\/yoast-seo-wordpress\/ -->\n<title>Videos - Patriot Federal Credit Union<\/title>\n<meta name=\"robots\" content=\"index, follow, max-snippet:-1, max-image-preview:large, max-video-preview:-1\" \/>\n<link rel=\"canonical\" href=\"https:\/\/www.patriotfcu.org\/es\/educacion-de-seguridad\/videos\/\" \/>\n<meta property=\"og:locale\" content=\"es_ES\" \/>\n<meta property=\"og:type\" content=\"article\" \/>\n<meta property=\"og:title\" content=\"Videos - Patriot Federal Credit Union\" \/>\n<meta property=\"og:url\" content=\"https:\/\/www.patriotfcu.org\/es\/educacion-de-seguridad\/videos\/\" \/>\n<meta property=\"og:site_name\" content=\"Patriot Federal Credit Union\" \/>\n<meta property=\"article:modified_time\" content=\"2026-03-26T17:38:00+00:00\" \/>\n<meta name=\"twitter:card\" content=\"summary_large_image\" \/>\n<script type=\"application\/ld+json\" class=\"yoast-schema-graph\">{\"@context\":\"https:\/\/schema.org\",\"@graph\":[{\"@type\":\"WebPage\",\"@id\":\"https:\/\/www.patriotfcu.org\/security-education\/videos\/\",\"url\":\"https:\/\/www.patriotfcu.org\/security-education\/videos\/\",\"name\":\"Videos - Patriot Federal Credit Union\",\"isPartOf\":{\"@id\":\"https:\/\/www.patriotfcu.org\/#website\"},\"datePublished\":\"2024-03-06T18:58:50+00:00\",\"dateModified\":\"2026-03-26T17:38:00+00:00\",\"breadcrumb\":{\"@id\":\"https:\/\/www.patriotfcu.org\/security-education\/videos\/#breadcrumb\"},\"inLanguage\":\"es-ES\",\"potentialAction\":[{\"@type\":\"ReadAction\",\"target\":[\"https:\/\/www.patriotfcu.org\/security-education\/videos\/\"]}]},{\"@type\":\"BreadcrumbList\",\"@id\":\"https:\/\/www.patriotfcu.org\/security-education\/videos\/#breadcrumb\",\"itemListElement\":[{\"@type\":\"ListItem\",\"position\":1,\"name\":\"Home\",\"item\":\"https:\/\/www.patriotfcu.org\/\"},{\"@type\":\"ListItem\",\"position\":2,\"name\":\"Security &#038; Education\",\"item\":\"https:\/\/www.patriotfcu.org\/security-education\/\"},{\"@type\":\"ListItem\",\"position\":3,\"name\":\"Videos\"}]},{\"@type\":\"WebSite\",\"@id\":\"https:\/\/www.patriotfcu.org\/#website\",\"url\":\"https:\/\/www.patriotfcu.org\/\",\"name\":\"Patriot Federal Credit Union\",\"description\":\"Financial Services That Meet Your Need\",\"potentialAction\":[{\"@type\":\"SearchAction\",\"target\":{\"@type\":\"EntryPoint\",\"urlTemplate\":\"https:\/\/www.patriotfcu.org\/?s={search_term_string}\"},\"query-input\":{\"@type\":\"PropertyValueSpecification\",\"valueRequired\":true,\"valueName\":\"search_term_string\"}}],\"inLanguage\":\"es-ES\"}]}<\/script>\n<!-- \/ Yoast SEO plugin. -->","yoast_head_json":{"title":"V\u00eddeos - Patriota Federal Credit Union","robots":{"index":"index","follow":"follow","max-snippet":"max-snippet:-1","max-image-preview":"max-image-preview:large","max-video-preview":"max-video-preview:-1"},"canonical":"https:\/\/www.patriotfcu.org\/es\/educacion-de-seguridad\/videos\/","og_locale":"es_ES","og_type":"article","og_title":"Videos - Patriot Federal Credit Union","og_url":"https:\/\/www.patriotfcu.org\/es\/educacion-de-seguridad\/videos\/","og_site_name":"Patriot Federal Credit Union","article_modified_time":"2026-03-26T17:38:00+00:00","twitter_card":"summary_large_image","schema":{"@context":"https:\/\/schema.org","@graph":[{"@type":"WebPage","@id":"https:\/\/www.patriotfcu.org\/security-education\/videos\/","url":"https:\/\/www.patriotfcu.org\/security-education\/videos\/","name":"V\u00eddeos - Patriota Federal Credit Union","isPartOf":{"@id":"https:\/\/www.patriotfcu.org\/#website"},"datePublished":"2024-03-06T18:58:50+00:00","dateModified":"2026-03-26T17:38:00+00:00","breadcrumb":{"@id":"https:\/\/www.patriotfcu.org\/security-education\/videos\/#breadcrumb"},"inLanguage":"es-ES","potentialAction":[{"@type":"ReadAction","target":["https:\/\/www.patriotfcu.org\/security-education\/videos\/"]}]},{"@type":"BreadcrumbList","@id":"https:\/\/www.patriotfcu.org\/security-education\/videos\/#breadcrumb","itemListElement":[{"@type":"ListItem","position":1,"name":"Home","item":"https:\/\/www.patriotfcu.org\/"},{"@type":"ListItem","position":2,"name":"Security &#038; Education","item":"https:\/\/www.patriotfcu.org\/security-education\/"},{"@type":"ListItem","position":3,"name":"Videos"}]},{"@type":"WebSite","@id":"https:\/\/www.patriotfcu.org\/#website","url":"https:\/\/www.patriotfcu.org\/","name":"Patriot Federal Credit Union","description":"Servicios financieros que satisfacen sus necesidades","potentialAction":[{"@type":"SearchAction","target":{"@type":"EntryPoint","urlTemplate":"https:\/\/www.patriotfcu.org\/?s={search_term_string}"},"query-input":{"@type":"PropertyValueSpecification","valueRequired":true,"valueName":"search_term_string"}}],"inLanguage":"es-ES"}]}},"_links":{"self":[{"href":"https:\/\/www.patriotfcu.org\/es\/wp-json\/wp\/v2\/pages\/4703","targetHints":{"allow":["GET"]}}],"collection":[{"href":"https:\/\/www.patriotfcu.org\/es\/wp-json\/wp\/v2\/pages"}],"about":[{"href":"https:\/\/www.patriotfcu.org\/es\/wp-json\/wp\/v2\/types\/page"}],"author":[{"embeddable":true,"href":"https:\/\/www.patriotfcu.org\/es\/wp-json\/wp\/v2\/users\/11"}],"replies":[{"embeddable":true,"href":"https:\/\/www.patriotfcu.org\/es\/wp-json\/wp\/v2\/comments?post=4703"}],"version-history":[{"count":1,"href":"https:\/\/www.patriotfcu.org\/es\/wp-json\/wp\/v2\/pages\/4703\/revisions"}],"predecessor-version":[{"id":6920,"href":"https:\/\/www.patriotfcu.org\/es\/wp-json\/wp\/v2\/pages\/4703\/revisions\/6920"}],"up":[{"embeddable":true,"href":"https:\/\/www.patriotfcu.org\/es\/wp-json\/wp\/v2\/pages\/2561"}],"wp:attachment":[{"href":"https:\/\/www.patriotfcu.org\/es\/wp-json\/wp\/v2\/media?parent=4703"}],"curies":[{"name":"Gracias","href":"https:\/\/api.w.org\/{rel}","templated":true}]}}