{"id":4708,"date":"2024-03-07T11:36:21","date_gmt":"2024-03-07T16:36:21","guid":{"rendered":"https:\/\/www.patriotfcu.org\/?page_id=4708"},"modified":"2025-02-13T08:19:14","modified_gmt":"2025-02-13T13:19:14","slug":"beneficios-para-miembros","status":"publish","type":"page","link":"https:\/\/www.patriotfcu.org\/es\/beneficios-para-miembros\/","title":{"rendered":"Beneficios para miembros"},"content":{"rendered":"<div class=\"co-flex_row co-flex_row__light co-flex_row__page-hero\" >\n\t<div class=\"co-flex_row--row co-row\">\n\t\t\t<header class=\"co-page_hero light co-page_hero__has_image\" aria-label=\"Encabezado: Beneficios para miembros\">\n\t\t<div class=\"co-page_hero--inner\">\n\t\t\t<div class=\"prow gap:5 items-center\">\n\t\t\t\t\t\t\t\t\t<div class=\"co-page_hero--img_wrap pcol-lg:5\">\n\t\t\t\t\t\t<div class=\"co-page_hero--wrapper\"><svg class=\"co-mask_image\" width=\"100%\" height=\"100%\" viewbox=\"0 0 800 800\" baseprofile=\"full\" version=\"1.2\"><defs><mask id=\"mask_69eab73003664\" maskunits=\"userSpaceOnUse\" maskcontentunits=\"userSpaceOnUse\" transform=\"scale(1)\"><image width=\"100%\" height=\"800\" xlink:href=\"https:\/\/www.patriotfcu.org\/wp-content\/themes\/patriotfcu-theme\/images\/hero_shape.svg\" alt=\"Image Mask Top Left\" \/><\/mask><\/defs><image class=\"image\" id=\"image_69eab73003682\" mask=\"url(#mask_69eab73003664)\" width=\"100%\" height=\"800\" y=\"0\" x=\"0\" xlink:href=\"https:\/\/www.patriotfcu.org\/wp-content\/uploads\/Hero-Recovered-Recovered-5.jpg\" alt=\"Couple looking at a cell phone\" \/><\/svg><\/div>\t\t\t\t\t<\/div>\n\t\t\t\t\t\t\t\t<div class=\"co-page_hero--text pcol-lg:7\">\n\t\t\t\t\t\t\t\t\t\t<h1 class=\"co-page_hero--title\">\n\t\t\t\t\t\tBeneficios para Miembros\t\t\t\t\t<\/h1>\n\t\t\t\t\t<p class=\"co-page_hero--tagline\">Ahorros exclusivos para miembros de cooperativas de cr\u00e9dito<\/p>\t\t\t\t\t\t<div class=\"co-page_hero--buttons\">\n\t\t\t\t\t\t\t<a class=\"co-page_hero--button\" href=\"https:\/\/www.patriotfcu.org\/es\/speed-bump\/?url=https%3A%2F%2Frewards.lovemycreditunion.org%2F%3F_gl%3D1%2Ax4hn6h%2A_ga%2AOTQ2MTUzNjQuMTcwOTc2MDU1Ng..%2A_ga_H634CBY54K%2AMTcwOTgyODQyMS4yLjAuMTcwOTgyODUyNy42MC4wLjA.&#038;prev=https%3A%2F%2Fwww.patriotfcu.org%2Fes%2Fbeneficios-para-miembros%2F\"  >Ver todas las ofertas<\/a>\t\t\t\t\t\t<\/div>\n\t\t\t\t\t\t\t\t\t\t<\/div>\n\t\t\t<\/div>\n\t\t<\/div>\n\t<\/header>\n\n\t<\/div>\n<\/div>\n\n\n<div class=\"co-flex_row co-flex_row__white co-flex_row__columns\" >\n\t<div class=\"co-flex_row--row co-row\">\n\t\t\t<div class=\"co-columns\">\n\t\t\t<header class=\"co-intro_text\">\n\t\t<h2 class=\"co-intro_text--title\">Beneficios para miembros \n\t\t\t\t<svg class=\"heading_shape\" xmlns=\"http:\/\/www.w3.org\/2000\/svg\" width=\"238.55799865722656\" height=\"14.876999855041504\" viewbox=\"0 0 238.558 14.877\">\n\t\t\t\t\t<path id=\"Path_16614\" data-name=\"Path 16614\" d=\"M5118.863,2995.027c15.19-6.542,69.982-8.38,118.5-2.822s90.372,10.077,113.638,2.822\" transform=\"translate(-5115.578 -2986.393)\" fill=\"none\" stroke=\"#ce1126\" stroke-linecap=\"round\" stroke-width=\"5\" class=\"title-shape\"><\/path>\n\t\t\t\t<\/svg>\n\t\t\t<\/h2>\t<\/header>\n\t\t\t<div class=\"co-columns--row prow prow-md:2 prow-lg:3 co-columns--row__images justify-center\">\n\t\t\t\t\t\t\t\t\t<div class=\"co-columns--box co-columns--box_image\">\n\t\t\t\t\t\t<img loading=\"lazy\" decoding=\"async\" width=\"700\" height=\"439\" src=\"https:\/\/www.patriotfcu.org\/wp-content\/uploads\/RAF.jpg\" class=\"co-columns--box_image\" alt=\"Recomendar un amigo\" srcset=\"https:\/\/www.patriotfcu.org\/wp-content\/uploads\/RAF.jpg 700w, https:\/\/www.patriotfcu.org\/wp-content\/uploads\/RAF-540x339.jpg 540w, https:\/\/www.patriotfcu.org\/wp-content\/uploads\/RAF-18x12.jpg 18w, https:\/\/www.patriotfcu.org\/wp-content\/uploads\/RAF-396x248.jpg 396w, https:\/\/www.patriotfcu.org\/wp-content\/uploads\/RAF-75x47.jpg 75w\" sizes=\"auto, (max-width: 700px) 100vw, 700px\" \/><h3 class=\"co-columns--box_headline\" >Recomendar un amigo<\/h3><div class=\"co-columns--box_desc\"><p>Gane hasta $500 recomendando Patriot a sus amigos y familiares.<\/p>\n<\/div><div class=\"co-columns--box_button\"><a class=\"co-columns--button co-button\" href=\"https:\/\/www.patriotfcu.org\/es\/recomendar-un-amigo\/\"  >Consulte ahora<\/a><\/div>\t\t\t\t\t<\/div>\n\t\t\t\t\t\t\t\t\t<div class=\"co-columns--box co-columns--box_image\">\n\t\t\t\t\t\t<img loading=\"lazy\" decoding=\"async\" width=\"700\" height=\"439\" src=\"https:\/\/www.patriotfcu.org\/wp-content\/uploads\/Zogo-7.jpg\" class=\"co-columns--box_image\" alt=\"zogo\" srcset=\"https:\/\/www.patriotfcu.org\/wp-content\/uploads\/Zogo-7.jpg 700w, https:\/\/www.patriotfcu.org\/wp-content\/uploads\/Zogo-7-540x339.jpg 540w, https:\/\/www.patriotfcu.org\/wp-content\/uploads\/Zogo-7-18x12.jpg 18w, https:\/\/www.patriotfcu.org\/wp-content\/uploads\/Zogo-7-396x248.jpg 396w, https:\/\/www.patriotfcu.org\/wp-content\/uploads\/Zogo-7-75x47.jpg 75w\" sizes=\"auto, (max-width: 700px) 100vw, 700px\" \/><h3 class=\"co-columns--box_headline\" >zogo<\/h3><div class=\"co-columns--box_desc\"><p>Descargue la aplicaci\u00f3n Zogo y use el c\u00f3digo \u201cPATRIOT\u201d para aprender conocimientos financieros.<\/p>\n<\/div><div class=\"co-columns--box_button\"><a class=\"co-columns--button co-button\" href=\"https:\/\/www.patriotfcu.org\/es\/alfabetizacion-financiera-zogo\/\"  >Recibe dinero por aprender<\/a><\/div>\t\t\t\t\t<\/div>\n\t\t\t\t\t\t\t\t\t<div class=\"co-columns--box co-columns--box_image\">\n\t\t\t\t\t\t<img loading=\"lazy\" decoding=\"async\" width=\"700\" height=\"439\" src=\"https:\/\/www.patriotfcu.org\/wp-content\/uploads\/Taxes-2025.jpg\" class=\"co-columns--box_image\" alt=\"Impuestos 2025\" srcset=\"https:\/\/www.patriotfcu.org\/wp-content\/uploads\/Taxes-2025.jpg 700w, https:\/\/www.patriotfcu.org\/wp-content\/uploads\/Taxes-2025-540x339.jpg 540w, https:\/\/www.patriotfcu.org\/wp-content\/uploads\/Taxes-2025-18x12.jpg 18w, https:\/\/www.patriotfcu.org\/wp-content\/uploads\/Taxes-2025-396x248.jpg 396w, https:\/\/www.patriotfcu.org\/wp-content\/uploads\/Taxes-2025-75x47.jpg 75w\" sizes=\"auto, (max-width: 700px) 100vw, 700px\" \/><h3 class=\"co-columns--box_headline\" >Turbotax | Bloque H&amp;R<\/h3><div class=\"co-columns--box_desc\"><p>Descuentos exclusivos en servicios tributarios.<\/p>\n<\/div><div class=\"co-columns--box_button\"><a class=\"co-columns--button co-button\" href=\"https:\/\/www.patriotfcu.org\/es\/speed-bump\/?url=https%3A%2F%2Ftaxservices.lovemycreditunion.org%2F%3Futm_source%3D99999%26utm_medium%3DOrganic-Traffic%26utm_campaign%3Dlmcur-Rewards%26hrblockdir%3Dlaunchhrb&#038;prev=https%3A%2F%2Fwww.patriotfcu.org%2Fes%2Fbeneficios-para-miembros%2F\"  >Ahorra ahora<\/a><\/div>\t\t\t\t\t<\/div>\n\t\t\t\t\t\t\t<\/div>\n\t\t\t\t<\/div>\n\n\t<\/div>\n<\/div>\n\n\n<div class=\"co-flex_row co-flex_row__white co-flex_row__columns\" >\n\t<div class=\"co-flex_row--row co-row\">\n\t\t\t<div class=\"co-columns\">\n\t\t\t\t\t<div class=\"co-columns--row prow prow-md:2 prow-lg:3 co-columns--row__images justify-center\">\n\t\t\t\t\t\t\t\t\t<div class=\"co-columns--box co-columns--box_image\">\n\t\t\t\t\t\t<img loading=\"lazy\" decoding=\"async\" width=\"700\" height=\"439\" src=\"https:\/\/www.patriotfcu.org\/wp-content\/uploads\/TrustWill.jpg\" class=\"co-columns--box_image\" alt=\"Logotipo de confianza y voluntad\" srcset=\"https:\/\/www.patriotfcu.org\/wp-content\/uploads\/TrustWill.jpg 700w, https:\/\/www.patriotfcu.org\/wp-content\/uploads\/TrustWill-540x339.jpg 540w, https:\/\/www.patriotfcu.org\/wp-content\/uploads\/TrustWill-18x12.jpg 18w, https:\/\/www.patriotfcu.org\/wp-content\/uploads\/TrustWill-396x248.jpg 396w, https:\/\/www.patriotfcu.org\/wp-content\/uploads\/TrustWill-75x47.jpg 75w\" sizes=\"auto, (max-width: 700px) 100vw, 700px\" \/><h2 class=\"co-columns--box_headline\" >Confianza y voluntad<\/h2><div class=\"co-columns--box_desc\"><p>Exclusivo para miembros de la cooperativa de cr\u00e9dito: obtenga 20% de descuento en cualquier plan patrimonial.<\/p>\n<\/div><div class=\"co-columns--box_button\"><a class=\"co-columns--button co-button\" href=\"https:\/\/www.patriotfcu.org\/es\/speed-bump\/?url=https%3A%2F%2Ftrustandwill.com%2Fpartnerships%2Flmcur-members%3Futm_source%3Dlovemycreditunion%26utm_medium%3Dpartnerships%26p_id%3D103%26c_id%3D99999&#038;prev=https%3A%2F%2Fwww.patriotfcu.org%2Fes%2Fbeneficios-para-miembros%2F\"  >Empezar<\/a><\/div>\t\t\t\t\t<\/div>\n\t\t\t\t\t\t\t\t\t<div class=\"co-columns--box co-columns--box_image\">\n\t\t\t\t\t\t<img loading=\"lazy\" decoding=\"async\" width=\"700\" height=\"439\" src=\"https:\/\/www.patriotfcu.org\/wp-content\/uploads\/asurionhomeplus.jpg\" class=\"co-columns--box_image\" alt=\"Logotipo de Asurion inicio+\" srcset=\"https:\/\/www.patriotfcu.org\/wp-content\/uploads\/asurionhomeplus.jpg 700w, https:\/\/www.patriotfcu.org\/wp-content\/uploads\/asurionhomeplus-540x339.jpg 540w, https:\/\/www.patriotfcu.org\/wp-content\/uploads\/asurionhomeplus-18x12.jpg 18w, https:\/\/www.patriotfcu.org\/wp-content\/uploads\/asurionhomeplus-396x248.jpg 396w, https:\/\/www.patriotfcu.org\/wp-content\/uploads\/asurionhomeplus-75x47.jpg 75w\" sizes=\"auto, (max-width: 700px) 100vw, 700px\" \/><h2 class=\"co-columns--box_headline\" >Asuri\u00f3n Inicio+<\/h2><div class=\"co-columns--box_desc\"><p>Acceso exclusivo a soporte t\u00e9cnico y protecci\u00f3n para el hogar<\/p>\n<\/div><div class=\"co-columns--box_button\"><a class=\"co-columns--button co-button\" href=\"https:\/\/www.patriotfcu.org\/es\/speed-bump\/?url=https%3A%2F%2Fwww.asurion.com%2Fhomeplus%2F%3Futm_source%3DCUSG%26utm_medium%3Daffiliate%26utm_campaign%3DrewardsSite%26RCO%3DCUSG%26v_data%3D99999&#038;prev=https%3A%2F%2Fwww.patriotfcu.org%2Fes%2Fbeneficios-para-miembros%2F\"  >Aprende m\u00e1s<\/a><\/div>\t\t\t\t\t<\/div>\n\t\t\t\t\t\t\t<\/div>\n\t\t\t\t<\/div>\n\n\t<\/div>\n<\/div>\n\n\n<div class=\"co-flex_row co-flex_row__white co-flex_row__last co-flex_row__disclosures\" >\n\t<div class=\"co-flex_row--row co-row\">\n\t\t\t<div class=\"co-disclosures\">\n\t\t<h2 class=\"co-disclosures--title\">Divulgaciones<\/h2>\n\t\t<div class=\"co-disclosures--content\">\n\t\t\t\t\t\t\t<ul>\n\t\t\t\t\t\t\t\t\t\t\t<li>\n\t\t\t\t\t\t\t\t\t\t\t\t\t\t<p>Esta cooperativa de cr\u00e9dito est\u00e1 asegurada a nivel federal por la Administraci\u00f3n Nacional de Cooperativas de Cr\u00e9dito.<\/p>\n\t\t\t\t\t\t<\/li>\n\t\t\t\t\t\t\t\t\t<\/ul>\n\t\t\t\t\t<\/div>\n\t<\/div>\n\n\t<\/div>\n<\/div>","protected":false},"excerpt":{"rendered":"","protected":false},"author":11,"featured_media":0,"parent":0,"menu_order":0,"comment_status":"closed","ping_status":"closed","template":"","meta":{"_acf_changed":true,"_searchwp_excluded":"","footnotes":""},"class_list":["post-4708","page","type-page","status-publish","hentry"],"acf":[],"yoast_head":"<!-- This site is optimized with the Yoast SEO plugin v27.2 - https:\/\/yoast.com\/product\/yoast-seo-wordpress\/ -->\n<title>Member benefits - Patriot Federal Credit Union<\/title>\n<meta name=\"description\" content=\"Exclusive Savings for Credit Union Members\" \/>\n<meta name=\"robots\" content=\"index, follow, max-snippet:-1, max-image-preview:large, max-video-preview:-1\" \/>\n<link rel=\"canonical\" href=\"https:\/\/www.patriotfcu.org\/es\/beneficios-para-miembros\/\" \/>\n<meta property=\"og:locale\" content=\"es_ES\" \/>\n<meta property=\"og:type\" content=\"article\" \/>\n<meta property=\"og:title\" content=\"Member benefits - Patriot Federal Credit Union\" \/>\n<meta property=\"og:description\" content=\"Exclusive Savings for Credit Union Members\" \/>\n<meta property=\"og:url\" content=\"https:\/\/www.patriotfcu.org\/es\/beneficios-para-miembros\/\" \/>\n<meta property=\"og:site_name\" content=\"Patriot Federal Credit Union\" \/>\n<meta property=\"article:modified_time\" content=\"2025-02-13T13:19:14+00:00\" \/>\n<meta name=\"twitter:card\" content=\"summary_large_image\" \/>\n<script type=\"application\/ld+json\" class=\"yoast-schema-graph\">{\"@context\":\"https:\/\/schema.org\",\"@graph\":[{\"@type\":\"WebPage\",\"@id\":\"https:\/\/www.patriotfcu.org\/member-benefits\/\",\"url\":\"https:\/\/www.patriotfcu.org\/member-benefits\/\",\"name\":\"Member benefits - Patriot Federal Credit Union\",\"isPartOf\":{\"@id\":\"https:\/\/www.patriotfcu.org\/#website\"},\"datePublished\":\"2024-03-07T16:36:21+00:00\",\"dateModified\":\"2025-02-13T13:19:14+00:00\",\"description\":\"Exclusive Savings for Credit Union Members\",\"breadcrumb\":{\"@id\":\"https:\/\/www.patriotfcu.org\/member-benefits\/#breadcrumb\"},\"inLanguage\":\"es-ES\",\"potentialAction\":[{\"@type\":\"ReadAction\",\"target\":[\"https:\/\/www.patriotfcu.org\/member-benefits\/\"]}]},{\"@type\":\"BreadcrumbList\",\"@id\":\"https:\/\/www.patriotfcu.org\/member-benefits\/#breadcrumb\",\"itemListElement\":[{\"@type\":\"ListItem\",\"position\":1,\"name\":\"Home\",\"item\":\"https:\/\/www.patriotfcu.org\/\"},{\"@type\":\"ListItem\",\"position\":2,\"name\":\"Member benefits\"}]},{\"@type\":\"WebSite\",\"@id\":\"https:\/\/www.patriotfcu.org\/#website\",\"url\":\"https:\/\/www.patriotfcu.org\/\",\"name\":\"Patriot Federal Credit Union\",\"description\":\"Financial Services That Meet Your Need\",\"potentialAction\":[{\"@type\":\"SearchAction\",\"target\":{\"@type\":\"EntryPoint\",\"urlTemplate\":\"https:\/\/www.patriotfcu.org\/?s={search_term_string}\"},\"query-input\":{\"@type\":\"PropertyValueSpecification\",\"valueRequired\":true,\"valueName\":\"search_term_string\"}}],\"inLanguage\":\"es-ES\"}]}<\/script>\n<!-- \/ Yoast SEO plugin. -->","yoast_head_json":{"title":"Beneficios para miembros - Patriot Federal Credit Union","description":"Ahorros exclusivos para miembros de cooperativas de cr\u00e9dito","robots":{"index":"index","follow":"follow","max-snippet":"max-snippet:-1","max-image-preview":"max-image-preview:large","max-video-preview":"max-video-preview:-1"},"canonical":"https:\/\/www.patriotfcu.org\/es\/beneficios-para-miembros\/","og_locale":"es_ES","og_type":"article","og_title":"Member benefits - Patriot Federal Credit Union","og_description":"Exclusive Savings for Credit Union Members","og_url":"https:\/\/www.patriotfcu.org\/es\/beneficios-para-miembros\/","og_site_name":"Patriot Federal Credit Union","article_modified_time":"2025-02-13T13:19:14+00:00","twitter_card":"summary_large_image","schema":{"@context":"https:\/\/schema.org","@graph":[{"@type":"WebPage","@id":"https:\/\/www.patriotfcu.org\/member-benefits\/","url":"https:\/\/www.patriotfcu.org\/member-benefits\/","name":"Beneficios para miembros - Patriot Federal Credit Union","isPartOf":{"@id":"https:\/\/www.patriotfcu.org\/#website"},"datePublished":"2024-03-07T16:36:21+00:00","dateModified":"2025-02-13T13:19:14+00:00","description":"Ahorros exclusivos para miembros de cooperativas de cr\u00e9dito","breadcrumb":{"@id":"https:\/\/www.patriotfcu.org\/member-benefits\/#breadcrumb"},"inLanguage":"es-ES","potentialAction":[{"@type":"ReadAction","target":["https:\/\/www.patriotfcu.org\/member-benefits\/"]}]},{"@type":"BreadcrumbList","@id":"https:\/\/www.patriotfcu.org\/member-benefits\/#breadcrumb","itemListElement":[{"@type":"ListItem","position":1,"name":"Home","item":"https:\/\/www.patriotfcu.org\/"},{"@type":"ListItem","position":2,"name":"Member benefits"}]},{"@type":"WebSite","@id":"https:\/\/www.patriotfcu.org\/#website","url":"https:\/\/www.patriotfcu.org\/","name":"Patriot Federal Credit Union","description":"Servicios financieros que satisfacen sus necesidades","potentialAction":[{"@type":"SearchAction","target":{"@type":"EntryPoint","urlTemplate":"https:\/\/www.patriotfcu.org\/?s={search_term_string}"},"query-input":{"@type":"PropertyValueSpecification","valueRequired":true,"valueName":"search_term_string"}}],"inLanguage":"es-ES"}]}},"_links":{"self":[{"href":"https:\/\/www.patriotfcu.org\/es\/wp-json\/wp\/v2\/pages\/4708","targetHints":{"allow":["GET"]}}],"collection":[{"href":"https:\/\/www.patriotfcu.org\/es\/wp-json\/wp\/v2\/pages"}],"about":[{"href":"https:\/\/www.patriotfcu.org\/es\/wp-json\/wp\/v2\/types\/page"}],"author":[{"embeddable":true,"href":"https:\/\/www.patriotfcu.org\/es\/wp-json\/wp\/v2\/users\/11"}],"replies":[{"embeddable":true,"href":"https:\/\/www.patriotfcu.org\/es\/wp-json\/wp\/v2\/comments?post=4708"}],"version-history":[{"count":0,"href":"https:\/\/www.patriotfcu.org\/es\/wp-json\/wp\/v2\/pages\/4708\/revisions"}],"wp:attachment":[{"href":"https:\/\/www.patriotfcu.org\/es\/wp-json\/wp\/v2\/media?parent=4708"}],"curies":[{"name":"Gracias","href":"https:\/\/api.w.org\/{rel}","templated":true}]}}