{"id":4891,"date":"2024-05-29T13:23:56","date_gmt":"2024-05-29T17:23:56","guid":{"rendered":"https:\/\/www.patriotfcu.org\/?page_id=4891"},"modified":"2024-05-29T13:27:26","modified_gmt":"2024-05-29T17:27:26","slug":"prestamos-con-garantia-hipotecaria-lineas-de-credito-solicitud-de-nuevo-miembro","status":"publish","type":"page","link":"https:\/\/www.patriotfcu.org\/es\/home-equity-loans-lines-of-credit-new-member-application\/","title":{"rendered":"Pr\u00e9stamos con garant\u00eda hipotecaria y l\u00edneas de cr\u00e9dito Solicitud de nuevo miembro"},"content":{"rendered":"<div class=\"co-flex_row co-flex_row__light co-flex_row__page-hero\" >\n\t<div class=\"co-flex_row--row co-row\">\n\t\t\t<header class=\"co-page_hero light co-page_hero__no_image\" aria-label=\"Header: Home Equity Loans &#038; Lines of Credit\">\n\t\t<div class=\"co-page_hero--inner\">\n\t\t\t<div class=\"prow gap:5 items-center \">\n\t\t\t\t\t\t\t\t<div class=\"co-page_hero--text pcol-lg:5\">\n\t\t\t\t\t\t\t\t\t\t<h1 class=\"co-page_hero--title \">\n\t\t\t\t\t\tHome Equity Loans &#038; Lines of Credit\t\t\t\t\t<\/h1>\n\t\t\t\t\t<p class=\"co-page_hero--tagline\">Unlock your home\u2019s value.<\/p>\t\t\t\t<\/div>\n\t\t\t<\/div>\n\t\t<\/div>\n\t<\/header>\n\n\t<\/div>\n<\/div>\n\n\n<div class=\"co-flex_row co-flex_row__white co-flex_row__long-form-text\" >\n\t<div class=\"co-flex_row--row co-row\">\n\t\t\t<div class=\"co-long_form\">\n\t\t\t\t\t<div class=\"co-long_form--block co-long_form--block__nomedia prow items-start justify-center\">\n\t\t\t\t<div class=\"co-long_form--text pcol-md:8\">\n\t\t\t\t\t<div class=\"co-long_form--content\"><p><!-- [if lte IE 8]> <script charset=\"utf-8\" type=\"text\/javascript\" src=\"https:\/\/js.hsforms.net\/forms\/v2-legacy.js\"><\/script><![endif]--><br \/>\n<script type=\"text\/javascript\" src=\"https:\/\/js.hsforms.net\/forms\/v2.js\" charset=\"utf-8\" defer=\"true\" onLoad=\"initHbspt()\"><\/script><br \/>\n<script>function initHbspt(){var t=\"\",e=\"\",g=\"\";!function t(g){\"undefined\"!=typeof _hsfp?\"ga\"in window&&(tracker=ga.getAll()[0])&&(e=tracker.get(\"linkerParam\")):setTimeout(function(){t(g)},g)}(500),hbspt.forms.create({region:\"na1\",portalId:\"21465078\",formId:\"61fc5d53-4c6b-428e-adb5-453d48eb485d\",target:\"#form-container\",onFormReady:function(t,e){t.find(\".hs_submit\").hide(),g=t},onFormSubmit:function(t,e){(searchParams=new URLSearchParams(jQuery(\"#submit-decorator\").attr(\"href\"))).has(\"_gl\")?(console.log(\"_gl: \"+searchParams.get(\"_gl\")),sessionStorage.setItem(\"_gl\",searchParams.get(\"_gl\"))):console.log(\"_gl not found\"),searchParams.has(\"_ga\")?(console.log(\"_ga: \"+searchParams.get(\"_ga\")),sessionStorage.setItem(\"_ga\",searchParams.get(\"_ga\"))):console.log(\"_ga not found\")},onFormSubmitted:function(g,o){var n=\"\";null!==sessionStorage.getItem(\"_gl\")&&(n=sessionStorage.getItem(\"_gl\"));var a=\"\";null!==sessionStorage.getItem(\"_ga\")&&(a=sessionStorage.getItem(\"_ga\")),e=\"&_gl=\"+n+\"&_ga=\"+a,console.log(\"GA4 linkerparam: \"+e),t=(t=\"https:\/\/apply.patriotfcu.org\/he\/HomeEquityLoan.aspx?enc=Kw21Wblm1yxpjJabdoZaD-nApY8WNXWBtXXO-QDacmenEcOgxqGmwxj6QnF_S85MwVHbnljELlPah_jmJ8CBqA&_gl=1*poz67l*_ga*MTAxMjA2MTQwNS4xNzExNjUwNjIy*_ga_2BZ4WVY74J*MTcxNjk4MzM5OC4yMC4xLjE3MTcwMDM1MDcuMTYuMC4w\")+\"&__hstc=\"+_hstc+\"&__hssc=\"+_hssc+\"&__hsfp=\"+_hsfp+\"&\"+e,window.location.href=t}}),jQuery(function(){jQuery(\"#submit-decorator\").click(function(t){event.preventDefault(),event.stopPropagation(),(searchParams=new URLSearchParams(jQuery(this).attr(\"href\"))).has(\"_gl\")?(console.log(\"_gl: \"+searchParams.get(\"_gl\")),sessionStorage.setItem(\"_gl\",searchParams.get(\"_gl\"))):console.log(\"_gl not found\"),searchParams.has(\"_ga\")?(console.log(\"_ga: \"+searchParams.get(\"_ga\")),sessionStorage.setItem(\"_ga\",searchParams.get(\"_ga\"))):console.log(\"_ga not found\");for(var e=!1,o=jQuery(\".hbspt-form\").find(\"input[required], select[required]\"),n=0;n<o.length;n++)o[n].val()||(console.log(o[n].attr(\"name\")),e=!0);e?jQuery(\"#err-msg-required\").show():(jQuery(\"#err-msg-required\").hide(),g.submit())})})}<\/script><\/p>\n<div class=\"hbspt-form\">\n<div id=\"form-container\"><\/div>\n<div id=\"err-msg-required\" style=\"display: none;\">Please complete all required fields.<\/div>\n<p style=\"margin-top: 30px;\"><a id=\"submit-decorator\" class=\"co-promo--button co-button external\" href=\"https:\/\/apply.patriotfcu.org\/he\/HomeEquityLoan.aspx?enc=Kw21Wblm1yxpjJabdoZaD-nApY8WNXWBtXXO-QDacmenEcOgxqGmwxj6QnF_S85MwVHbnljELlPah_jmJ8CBqA&#038;_gl=1*poz67l*_ga*MTAxMjA2MTQwNS4xNzExNjUwNjIy*_ga_2BZ4WVY74J*MTcxNjk4MzM5OC4yMC4xLjE3MTcwMDM1MDcuMTYuMC4w\">Get Started<\/a><\/p>\n<\/div>\n<\/div>\t\t\t\t<\/div>\n\t\t\t\t\t\t\t<\/div>\n\t\t\t\t<\/div>\n\n\t<\/div>\n<\/div>\n\n\n<div class=\"co-flex_row co-flex_row__white co-flex_row__last co-flex_row__disclosures\" >\n\t<div class=\"co-flex_row--row co-row\">\n\t\t\t<div class=\"co-disclosures\">\n\t\t<h2 class=\"co-disclosures--title\">Disclosures<\/h2>\n\t\t<div class=\"co-disclosures--content\">\n\t\t\t\t\t\t\t<ul>\n\t\t\t\t\t\t\t\t\t\t\t<li>\n\t\t\t\t\t\t\t\t\t\t\t\t\t\t<p>This credit union is federally insured by the National Credit Union Administration.<\/p>\n\t\t\t\t\t\t<\/li>\n\t\t\t\t\t\t\t\t\t\t\t<li>\n\t\t\t\t\t\t\t\t\t\t\t\t\t\t<p>Equal Housing Lender<\/p>\n\t\t\t\t\t\t<\/li>\n\t\t\t\t\t\t\t\t\t<\/ul>\n\t\t\t\t\t<\/div>\n\t<\/div>\n\n\t<\/div>\n<\/div>\n","protected":false},"excerpt":{"rendered":"","protected":false},"author":11,"featured_media":0,"parent":0,"menu_order":0,"comment_status":"closed","ping_status":"closed","template":"","meta":{"_acf_changed":false,"_searchwp_excluded":"","footnotes":""},"class_list":["post-4891","page","type-page","status-publish","hentry"],"acf":[],"yoast_head":"<!-- This site is optimized with the Yoast SEO plugin v27.5 - https:\/\/yoast.com\/product\/yoast-seo-wordpress\/ -->\n<title>Home Equity Loans &amp; Lines of Credit New Member Application - Patriot Federal Credit Union<\/title>\n<meta name=\"robots\" content=\"index, follow, max-snippet:-1, max-image-preview:large, max-video-preview:-1\" \/>\n<link rel=\"canonical\" href=\"https:\/\/www.patriotfcu.org\/es\/prestamos-con-garantia-hipotecaria-lineas-de-credito-solicitud-de-nuevo-miembro\/\" \/>\n<meta property=\"og:locale\" content=\"es_ES\" \/>\n<meta property=\"og:type\" content=\"article\" \/>\n<meta property=\"og:title\" content=\"Home Equity Loans &amp; Lines of Credit New Member Application - Patriot Federal Credit Union\" \/>\n<meta property=\"og:url\" content=\"https:\/\/www.patriotfcu.org\/es\/prestamos-con-garantia-hipotecaria-lineas-de-credito-solicitud-de-nuevo-miembro\/\" \/>\n<meta property=\"og:site_name\" content=\"Patriot Federal Credit Union\" \/>\n<meta property=\"article:modified_time\" content=\"2024-05-29T17:27:26+00:00\" \/>\n<meta name=\"twitter:card\" content=\"summary_large_image\" \/>\n<script type=\"application\/ld+json\" class=\"yoast-schema-graph\">{\"@context\":\"https:\\\/\\\/schema.org\",\"@graph\":[{\"@type\":\"WebPage\",\"@id\":\"https:\\\/\\\/www.patriotfcu.org\\\/home-equity-loans-lines-of-credit-new-member-application\\\/\",\"url\":\"https:\\\/\\\/www.patriotfcu.org\\\/home-equity-loans-lines-of-credit-new-member-application\\\/\",\"name\":\"Home Equity Loans &amp; Lines of Credit New Member Application - Patriot Federal Credit Union\",\"isPartOf\":{\"@id\":\"https:\\\/\\\/www.patriotfcu.org\\\/#website\"},\"datePublished\":\"2024-05-29T17:23:56+00:00\",\"dateModified\":\"2024-05-29T17:27:26+00:00\",\"breadcrumb\":{\"@id\":\"https:\\\/\\\/www.patriotfcu.org\\\/home-equity-loans-lines-of-credit-new-member-application\\\/#breadcrumb\"},\"inLanguage\":\"es-ES\",\"potentialAction\":[{\"@type\":\"ReadAction\",\"target\":[\"https:\\\/\\\/www.patriotfcu.org\\\/home-equity-loans-lines-of-credit-new-member-application\\\/\"]}]},{\"@type\":\"BreadcrumbList\",\"@id\":\"https:\\\/\\\/www.patriotfcu.org\\\/home-equity-loans-lines-of-credit-new-member-application\\\/#breadcrumb\",\"itemListElement\":[{\"@type\":\"ListItem\",\"position\":1,\"name\":\"Home\",\"item\":\"https:\\\/\\\/www.patriotfcu.org\\\/\"},{\"@type\":\"ListItem\",\"position\":2,\"name\":\"Home Equity Loans &amp; Lines of Credit New Member Application\"}]},{\"@type\":\"WebSite\",\"@id\":\"https:\\\/\\\/www.patriotfcu.org\\\/#website\",\"url\":\"https:\\\/\\\/www.patriotfcu.org\\\/\",\"name\":\"Patriot Federal Credit Union\",\"description\":\"Financial Services That Meet Your Need\",\"potentialAction\":[{\"@type\":\"SearchAction\",\"target\":{\"@type\":\"EntryPoint\",\"urlTemplate\":\"https:\\\/\\\/www.patriotfcu.org\\\/?s={search_term_string}\"},\"query-input\":{\"@type\":\"PropertyValueSpecification\",\"valueRequired\":true,\"valueName\":\"search_term_string\"}}],\"inLanguage\":\"es-ES\"}]}<\/script>\n<!-- \/ Yoast SEO plugin. -->","yoast_head_json":{"title":"Pr\u00e9stamos con garant\u00eda hipotecaria y l\u00edneas de cr\u00e9dito Solicitud de nuevo miembro - Patriot Federal Credit Union","robots":{"index":"index","follow":"follow","max-snippet":"max-snippet:-1","max-image-preview":"max-image-preview:large","max-video-preview":"max-video-preview:-1"},"canonical":"https:\/\/www.patriotfcu.org\/es\/prestamos-con-garantia-hipotecaria-lineas-de-credito-solicitud-de-nuevo-miembro\/","og_locale":"es_ES","og_type":"article","og_title":"Home Equity Loans &amp; Lines of Credit New Member Application - Patriot Federal Credit Union","og_url":"https:\/\/www.patriotfcu.org\/es\/prestamos-con-garantia-hipotecaria-lineas-de-credito-solicitud-de-nuevo-miembro\/","og_site_name":"Patriot Federal Credit Union","article_modified_time":"2024-05-29T17:27:26+00:00","twitter_card":"summary_large_image","schema":{"@context":"https:\/\/schema.org","@graph":[{"@type":"WebPage","@id":"https:\/\/www.patriotfcu.org\/home-equity-loans-lines-of-credit-new-member-application\/","url":"https:\/\/www.patriotfcu.org\/home-equity-loans-lines-of-credit-new-member-application\/","name":"Pr\u00e9stamos con garant\u00eda hipotecaria y l\u00edneas de cr\u00e9dito Solicitud de nuevo miembro - Patriot Federal Credit Union","isPartOf":{"@id":"https:\/\/www.patriotfcu.org\/#website"},"datePublished":"2024-05-29T17:23:56+00:00","dateModified":"2024-05-29T17:27:26+00:00","breadcrumb":{"@id":"https:\/\/www.patriotfcu.org\/home-equity-loans-lines-of-credit-new-member-application\/#breadcrumb"},"inLanguage":"es-ES","potentialAction":[{"@type":"ReadAction","target":["https:\/\/www.patriotfcu.org\/home-equity-loans-lines-of-credit-new-member-application\/"]}]},{"@type":"BreadcrumbList","@id":"https:\/\/www.patriotfcu.org\/home-equity-loans-lines-of-credit-new-member-application\/#breadcrumb","itemListElement":[{"@type":"ListItem","position":1,"name":"Home","item":"https:\/\/www.patriotfcu.org\/"},{"@type":"ListItem","position":2,"name":"Home Equity Loans &amp; Lines of Credit New Member Application"}]},{"@type":"WebSite","@id":"https:\/\/www.patriotfcu.org\/#website","url":"https:\/\/www.patriotfcu.org\/","name":"Patriot Federal Credit Union","description":"Servicios financieros que satisfacen sus necesidades","potentialAction":[{"@type":"SearchAction","target":{"@type":"EntryPoint","urlTemplate":"https:\/\/www.patriotfcu.org\/?s={search_term_string}"},"query-input":{"@type":"PropertyValueSpecification","valueRequired":true,"valueName":"search_term_string"}}],"inLanguage":"es-ES"}]}},"_links":{"self":[{"href":"https:\/\/www.patriotfcu.org\/es\/wp-json\/wp\/v2\/pages\/4891","targetHints":{"allow":["GET"]}}],"collection":[{"href":"https:\/\/www.patriotfcu.org\/es\/wp-json\/wp\/v2\/pages"}],"about":[{"href":"https:\/\/www.patriotfcu.org\/es\/wp-json\/wp\/v2\/types\/page"}],"author":[{"embeddable":true,"href":"https:\/\/www.patriotfcu.org\/es\/wp-json\/wp\/v2\/users\/11"}],"replies":[{"embeddable":true,"href":"https:\/\/www.patriotfcu.org\/es\/wp-json\/wp\/v2\/comments?post=4891"}],"version-history":[{"count":0,"href":"https:\/\/www.patriotfcu.org\/es\/wp-json\/wp\/v2\/pages\/4891\/revisions"}],"wp:attachment":[{"href":"https:\/\/www.patriotfcu.org\/es\/wp-json\/wp\/v2\/media?parent=4891"}],"curies":[{"name":"Gracias","href":"https:\/\/api.w.org\/{rel}","templated":true}]}}