{"id":4949,"date":"2024-06-21T09:47:33","date_gmt":"2024-06-21T13:47:33","guid":{"rendered":"https:\/\/www.patriotfcu.org\/?page_id=4949"},"modified":"2024-07-10T08:45:24","modified_gmt":"2024-07-10T12:45:24","slug":"actualizaciones-de-la-aplicacion-movil-patriota","status":"publish","type":"page","link":"https:\/\/www.patriotfcu.org\/es\/actualizaciones-de-la-aplicacion-movil-patriota\/","title":{"rendered":"Actualizaciones de la aplicaci\u00f3n m\u00f3vil Patriot"},"content":{"rendered":"<div class=\"co-flex_row co-flex_row__light co-flex_row__simple-hero\" >\n\t<div class=\"co-flex_row--row co-row\">\n\t\t\t<header class=\"co-simple_hero light\" aria-label=\"Encabezado: Actualizaciones de la aplicaci\u00f3n m\u00f3vil Patriot \">\n\t\t<div class=\"co-simple_hero--inner\">\n\t\t\t<div>\n\t\t\t\t<div class=\"co-simple_hero--text pcol-lg:7\">\n\t\t\t\t\t<h1 class=\"co-simple_hero--title\">\n\t\t\t\t\t\tActualizaciones de la aplicaci\u00f3n m\u00f3vil Patriot \t\t\t\t\t<\/h1>\n\t\t\t\t<\/div>\n\t\t\t<\/div>\n\t\t<\/div>\n\t<\/header>\n\n\t<\/div>\n<\/div>\n\n\n<div class=\"co-flex_row co-flex_row__white co-flex_row__page-intro\" >\n\t<div class=\"co-flex_row--row co-row\">\n\t\t\t<div class=\"co-page_intro\">\n\t\t<h2 class=\"co-page_intro--title\">\u00a1Actualizaciones disponibles en julio de 2024!\n\t\t\t\t<svg class=\"heading_shape\" xmlns=\"http:\/\/www.w3.org\/2000\/svg\" width=\"238.55799865722656\" height=\"14.876999855041504\" viewbox=\"0 0 238.558 14.877\">\n\t\t\t\t\t<path id=\"Path_16614\" data-name=\"Path 16614\" d=\"M5118.863,2995.027c15.19-6.542,69.982-8.38,118.5-2.822s90.372,10.077,113.638,2.822\" transform=\"translate(-5115.578 -2986.393)\" fill=\"none\" stroke=\"#ce1126\" stroke-linecap=\"round\" stroke-width=\"5\" class=\"title-shape\"><\/path>\n\t\t\t\t<\/svg><\/h2><div class=\"co-page_intro--desc\"><p>La aplicaci\u00f3n Patriot Mobile se actualizar\u00e1 en julio de 2024. Una vez que haya actualizado su aplicaci\u00f3n, se le pedir\u00e1 que vuelva a ingresar sus credenciales para iniciar sesi\u00f3n.<\/p>\n<a href=\"https:\/\/apps.apple.com\/us\/app\/patriot-federal-credit-union\/id785642817\" class=\"co-button\">Visita la tienda de aplicaciones de Apple<\/a>\n<a href=\"https:\/\/play.google.com\/store\/apps\/details?id=com.softek.ofxclmobile.patriotfcu&amp;hl=en_US&amp;pli=1\" class=\"co-button\">Visita la tienda Google Play<\/a>\n<\/div>\t<\/div>\n\n\t<\/div>\n<\/div>\n\n\n<div class=\"co-flex_row co-flex_row__white co-flex_row__columns\" >\n\t<div class=\"co-flex_row--row co-row\">\n\t\t\t<div class=\"co-columns\">\n\t\t\t<header class=\"co-intro_text\">\n\t\t<h2 class=\"co-intro_text--title\">\u00bfQu\u00e9 hay de nuevo?\n\t\t\t\t<svg class=\"heading_shape\" xmlns=\"http:\/\/www.w3.org\/2000\/svg\" width=\"238.55799865722656\" height=\"14.876999855041504\" viewbox=\"0 0 238.558 14.877\">\n\t\t\t\t\t<path id=\"Path_16614\" data-name=\"Path 16614\" d=\"M5118.863,2995.027c15.19-6.542,69.982-8.38,118.5-2.822s90.372,10.077,113.638,2.822\" transform=\"translate(-5115.578 -2986.393)\" fill=\"none\" stroke=\"#ce1126\" stroke-linecap=\"round\" stroke-width=\"5\" class=\"title-shape\"><\/path>\n\t\t\t\t<\/svg>\n\t\t\t<\/h2>\t<\/header>\n\t\t\t<div class=\"co-columns--row prow prow-md:2 prow-lg:5 co-columns--row__images justify-center\">\n\t\t\t\t\t\t\t\t\t<div class=\"co-columns--box co-columns--box_image\">\n\t\t\t\t\t\t<img loading=\"lazy\" decoding=\"async\" width=\"700\" height=\"439\" src=\"https:\/\/www.patriotfcu.org\/wp-content\/uploads\/watch-4.jpg\" class=\"co-columns--box_image\" alt=\"pantalla de inicio de sesi\u00f3n m\u00f3vil patriota\" srcset=\"https:\/\/www.patriotfcu.org\/wp-content\/uploads\/watch-4.jpg 700w, https:\/\/www.patriotfcu.org\/wp-content\/uploads\/watch-4-540x339.jpg 540w, https:\/\/www.patriotfcu.org\/wp-content\/uploads\/watch-4-18x12.jpg 18w, https:\/\/www.patriotfcu.org\/wp-content\/uploads\/watch-4-396x248.jpg 396w, https:\/\/www.patriotfcu.org\/wp-content\/uploads\/watch-4-75x47.jpg 75w\" sizes=\"auto, (max-width: 700px) 100vw, 700px\" \/><h3 class=\"co-columns--box_headline\" >tiempo de inactividad<\/h3><div class=\"co-columns--box_desc\"><div class=\"co-columns--box co-columns--box_icon\">\n<div class=\"co-columns--box_desc\">\n<p style=\"text-align: center;\">El tiempo de espera de inactividad (per\u00edodo de gracia) se ha ampliado a 2 minutos. Dentro de este per\u00edodo de tiempo, los miembros pueden cerrar y regresar a la aplicaci\u00f3n m\u00f3vil, bloquear el tel\u00e9fono o dejar la pantalla en blanco sin volver a iniciar sesi\u00f3n.<\/p>\n<\/div>\n<\/div>\n<div class=\"co-columns--box co-columns--box_icon\"><\/div>\n<\/div>\t\t\t\t\t<\/div>\n\t\t\t\t\t\t\t\t\t<div class=\"co-columns--box co-columns--box_image\">\n\t\t\t\t\t\t<img loading=\"lazy\" decoding=\"async\" width=\"700\" height=\"439\" src=\"https:\/\/www.patriotfcu.org\/wp-content\/uploads\/watch-2.jpg\" class=\"co-columns--box_image\" alt=\"captura de pantalla del men\u00fa de la aplicaci\u00f3n m\u00f3vil Patriot\" srcset=\"https:\/\/www.patriotfcu.org\/wp-content\/uploads\/watch-2.jpg 700w, https:\/\/www.patriotfcu.org\/wp-content\/uploads\/watch-2-540x339.jpg 540w, https:\/\/www.patriotfcu.org\/wp-content\/uploads\/watch-2-18x12.jpg 18w, https:\/\/www.patriotfcu.org\/wp-content\/uploads\/watch-2-396x248.jpg 396w, https:\/\/www.patriotfcu.org\/wp-content\/uploads\/watch-2-75x47.jpg 75w\" sizes=\"auto, (max-width: 700px) 100vw, 700px\" \/><h3 class=\"co-columns--box_headline\" >Acceso a billetera m\u00f3vil<\/h3><div class=\"co-columns--box_desc\"><p style=\"text-align: center;\">Los miembros pueden acceder a su Apple Wallet o Google Wallet directamente desde el men\u00fa principal de la aplicaci\u00f3n Patriot Mobile.<\/p>\n<\/div>\t\t\t\t\t<\/div>\n\t\t\t\t\t\t\t\t\t<div class=\"co-columns--box co-columns--box_image\">\n\t\t\t\t\t\t<img loading=\"lazy\" decoding=\"async\" width=\"700\" height=\"439\" src=\"https:\/\/www.patriotfcu.org\/wp-content\/uploads\/watch-1.jpg\" class=\"co-columns--box_image\" alt=\"reloj de manzana\" srcset=\"https:\/\/www.patriotfcu.org\/wp-content\/uploads\/watch-1.jpg 700w, https:\/\/www.patriotfcu.org\/wp-content\/uploads\/watch-1-540x339.jpg 540w, https:\/\/www.patriotfcu.org\/wp-content\/uploads\/watch-1-18x12.jpg 18w, https:\/\/www.patriotfcu.org\/wp-content\/uploads\/watch-1-396x248.jpg 396w, https:\/\/www.patriotfcu.org\/wp-content\/uploads\/watch-1-75x47.jpg 75w\" sizes=\"auto, (max-width: 700px) 100vw, 700px\" \/><h3 class=\"co-columns--box_headline\" >Acceso al Apple Watch<\/h3><div class=\"co-columns--box_desc\"><p style=\"text-align: center;\">Patriot Mobile ya est\u00e1 disponible para descargar en el Apple Watch. Los miembros podr\u00e1n consultar los saldos de las cuentas y revisar las transacciones.<\/p>\n<\/div>\t\t\t\t\t<\/div>\n\t\t\t\t\t\t\t\t\t<div class=\"co-columns--box co-columns--box_image\">\n\t\t\t\t\t\t<img loading=\"lazy\" decoding=\"async\" width=\"700\" height=\"439\" src=\"https:\/\/www.patriotfcu.org\/wp-content\/uploads\/check.jpg\" class=\"co-columns--box_image\" alt=\"Captura de pantalla de la aplicaci\u00f3n m\u00f3vil patriot en un tel\u00e9fono Android\" srcset=\"https:\/\/www.patriotfcu.org\/wp-content\/uploads\/check.jpg 700w, https:\/\/www.patriotfcu.org\/wp-content\/uploads\/check-540x339.jpg 540w, https:\/\/www.patriotfcu.org\/wp-content\/uploads\/check-18x12.jpg 18w, https:\/\/www.patriotfcu.org\/wp-content\/uploads\/check-396x248.jpg 396w, https:\/\/www.patriotfcu.org\/wp-content\/uploads\/check-75x47.jpg 75w\" sizes=\"auto, (max-width: 700px) 100vw, 700px\" \/><h3 class=\"co-columns--box_headline\" >Imprimir im\u00e1genes de cheques<\/h3><div class=\"co-columns--box_desc\"><div class=\"co-columns--box co-columns--box_icon\">\n<div class=\"co-columns--box_desc\">\n<p style=\"text-align: center;\">Esta funci\u00f3n brinda comodidad a los miembros al permitirles imprimir o guardar im\u00e1genes de cheques desde la pantalla principal del Historial de transacciones en Patriot Mobile.<\/p>\n<\/div>\n<\/div>\n<div class=\"co-columns--box co-columns--box_icon\"><\/div>\n<\/div>\t\t\t\t\t<\/div>\n\t\t\t\t\t\t\t\t\t<div class=\"co-columns--box co-columns--box_image\">\n\t\t\t\t\t\t<img loading=\"lazy\" decoding=\"async\" width=\"700\" height=\"439\" src=\"https:\/\/www.patriotfcu.org\/wp-content\/uploads\/watch-3.jpg\" class=\"co-columns--box_image\" alt=\"captura de pantalla de zogo\" srcset=\"https:\/\/www.patriotfcu.org\/wp-content\/uploads\/watch-3.jpg 700w, https:\/\/www.patriotfcu.org\/wp-content\/uploads\/watch-3-540x339.jpg 540w, https:\/\/www.patriotfcu.org\/wp-content\/uploads\/watch-3-18x12.jpg 18w, https:\/\/www.patriotfcu.org\/wp-content\/uploads\/watch-3-396x248.jpg 396w, https:\/\/www.patriotfcu.org\/wp-content\/uploads\/watch-3-75x47.jpg 75w\" sizes=\"auto, (max-width: 700px) 100vw, 700px\" \/><h3 class=\"co-columns--box_headline\" >zogo<\/h3><div class=\"co-columns--box_desc\"><p style=\"text-align: center;\">Los miembros ahora pueden acceder a Zogo directamente desde la aplicaci\u00f3n Patriot Mobile.\u00a0<a href=\"https:\/\/www.patriotfcu.org\/es\/alfabetizacion-financiera-zogo\/\">\u00a1Gana dinero para aprender!<\/a><\/p>\n<\/div>\t\t\t\t\t<\/div>\n\t\t\t\t\t\t\t<\/div>\n\t\t\t\t<\/div>\n\n\t<\/div>\n<\/div>\n\n\n<div class=\"co-flex_row co-flex_row__white co-flex_row__faqs\" >\n\t<div class=\"co-flex_row--row co-row\">\n\t\t\t<section class=\"co-accords_section\" aria-label=\"Preguntas Frecuentes\">\n\t\t\t<header class=\"co-intro_text\">\n\t\t<h2 class=\"co-intro_text--title\">Preguntas Frecuentes\n\t\t\t\t<svg class=\"heading_shape\" xmlns=\"http:\/\/www.w3.org\/2000\/svg\" width=\"238.55799865722656\" height=\"14.876999855041504\" viewbox=\"0 0 238.558 14.877\">\n\t\t\t\t\t<path id=\"Path_16614\" data-name=\"Path 16614\" d=\"M5118.863,2995.027c15.19-6.542,69.982-8.38,118.5-2.822s90.372,10.077,113.638,2.822\" transform=\"translate(-5115.578 -2986.393)\" fill=\"none\" stroke=\"#ce1126\" stroke-linecap=\"round\" stroke-width=\"5\" class=\"title-shape\"><\/path>\n\t\t\t\t<\/svg>\n\t\t\t<\/h2>\t<\/header>\n\t\t<div class=\"co-accordion\" data-animation=\"on\" data-multi-items=\"on\">\n\t\t\t\t\t\t\t<div class=\"co-accordion--item\">\n\t\t\t\t\t<button\n\t\t\t\t\t\t\t\t\t\t\t\t\tdata-accordid=\"4992\"\n\t\t\t\t\t\t\t\t\t\t\t\tclass=\"co-accordion--header\t\t\t\t\t\t\tjs-accord_toggle\t\t\t\t\t\t\tclosed\"\n\t\t\t\t\t>\n\t\t\t\t\t\t<span class=\"text-md\">Olvid\u00e9 mi contrase\u00f1a. \u00bfC\u00f3mo inicio sesi\u00f3n?<\/span>\n\t\t\t\t\t\t<img\n\t\t\t\t\t\t\tsrc=\"https:\/\/www.patriotfcu.org\/wp-content\/themes\/patriotfcu-theme\/images\/dropdown-arrow.svg\"\n\t\t\t\t\t\t\talt=\"Icono de flecha de acorde\u00f3n\"\n\t\t\t\t\t\t\tclass=\"co-accordion--icon no-js:is-hidden\"\n\t\t\t\t\t\t\twidth=\"36\"\n\t\t\t\t\t\t\theight=\"36\"\n\t\t\t\t\t\t>\n\t\t\t\t\t\t<\/button>\n\t\t\t\t\t<div class=\"co-accordion--panel\t\t\t\t\t\tjs-accord_content\">\n\t\t\t\t\t\t<p>Haga clic en el bot\u00f3n &quot;Olvid\u00e9 mi contrase\u00f1a&quot; en la parte inferior de la pantalla de su aplicaci\u00f3n Patriot Mobile. Le pedir\u00e1 que elija qu\u00e9 tipo de usuario es y luego responder\u00e1 cierta informaci\u00f3n personal y de cuenta. Luego, el sistema enviar\u00e1 un correo electr\u00f3nico a la direcci\u00f3n de correo electr\u00f3nico registrada con su contrase\u00f1a.<\/p>\n\t\t\t\t\t<\/div>\n\t\t\t\t<\/div>\n\t\t\t\t\t\t\t<div class=\"co-accordion--item\">\n\t\t\t\t\t<button\n\t\t\t\t\t\t\t\t\t\t\t\t\tdata-accordid=\"4993\"\n\t\t\t\t\t\t\t\t\t\t\t\tclass=\"co-accordion--header\t\t\t\t\t\t\tjs-accord_toggle\t\t\t\t\t\t\tclosed\"\n\t\t\t\t\t>\n\t\t\t\t\t\t<span class=\"text-md\">Olvid\u00e9 mi nombre de usuario. \u00bfC\u00f3mo inicio sesi\u00f3n?<\/span>\n\t\t\t\t\t\t<img\n\t\t\t\t\t\t\tsrc=\"https:\/\/www.patriotfcu.org\/wp-content\/themes\/patriotfcu-theme\/images\/dropdown-arrow.svg\"\n\t\t\t\t\t\t\talt=\"Icono de flecha de acorde\u00f3n\"\n\t\t\t\t\t\t\tclass=\"co-accordion--icon no-js:is-hidden\"\n\t\t\t\t\t\t\twidth=\"36\"\n\t\t\t\t\t\t\theight=\"36\"\n\t\t\t\t\t\t>\n\t\t\t\t\t\t<\/button>\n\t\t\t\t\t<div class=\"co-accordion--panel\t\t\t\t\t\tjs-accord_content\">\n\t\t\t\t\t\t<p>Haga clic en el bot\u00f3n &quot;Olvid\u00e9 mi nombre de usuario&quot; en la parte inferior de la pantalla de su aplicaci\u00f3n Patriot Mobile. Le pedir\u00e1 que elija qu\u00e9 tipo de usuario es y luego responder\u00e1 cierta informaci\u00f3n personal y de cuenta. Luego, el sistema enviar\u00e1 un correo electr\u00f3nico a la direcci\u00f3n de correo electr\u00f3nico registrada con su nombre de usuario.<\/p>\n\t\t\t\t\t<\/div>\n\t\t\t\t<\/div>\n\t\t\t\t\t\t\t<div class=\"co-accordion--item\">\n\t\t\t\t\t<button\n\t\t\t\t\t\t\t\t\t\t\t\t\tdata-accordid=\"4994\"\n\t\t\t\t\t\t\t\t\t\t\t\tclass=\"co-accordion--header\t\t\t\t\t\t\tjs-accord_toggle\t\t\t\t\t\t\tclosed\"\n\t\t\t\t\t>\n\t\t\t\t\t\t<span class=\"text-md\">\u00bfC\u00f3mo puedo actualizar mi correo electr\u00f3nico registrado?<\/span>\n\t\t\t\t\t\t<img\n\t\t\t\t\t\t\tsrc=\"https:\/\/www.patriotfcu.org\/wp-content\/themes\/patriotfcu-theme\/images\/dropdown-arrow.svg\"\n\t\t\t\t\t\t\talt=\"Icono de flecha de acorde\u00f3n\"\n\t\t\t\t\t\t\tclass=\"co-accordion--icon no-js:is-hidden\"\n\t\t\t\t\t\t\twidth=\"36\"\n\t\t\t\t\t\t\theight=\"36\"\n\t\t\t\t\t\t>\n\t\t\t\t\t\t<\/button>\n\t\t\t\t\t<div class=\"co-accordion--panel\t\t\t\t\t\tjs-accord_content\">\n\t\t\t\t\t\t<p>Llamenos al <a href=\"tel: 18887779982\">888-777-9982<\/a><\/p>\n\t\t\t\t\t<\/div>\n\t\t\t\t<\/div>\n\t\t\t\t\t<\/div>\n\t\t\t<\/section>\n\n\t<\/div>\n<\/div>\n\n\n<div class=\"co-flex_row co-flex_row__white co-flex_row__last co-flex_row__disclosures\" >\n\t<div class=\"co-flex_row--row co-row\">\n\t\t\t<div class=\"co-disclosures\">\n\t\t<h2 class=\"co-disclosures--title\">Divulgaciones<\/h2>\n\t\t<div class=\"co-disclosures--content\">\n\t\t\t\t\t\t\t<ul>\n\t\t\t\t\t\t\t\t\t\t\t<li>\n\t\t\t\t\t\t\t\t\t\t\t\t\t\t<p>Esta cooperativa de cr\u00e9dito est\u00e1 asegurada a nivel federal por la Administraci\u00f3n Nacional de Cooperativas de Cr\u00e9dito.<\/p>\n\t\t\t\t\t\t<\/li>\n\t\t\t\t\t\t\t\t\t\t\t<li>\n\t\t\t\t\t\t\t\t\t\t\t\t\t\t<p>Prestamista de vivienda equitativa<\/p>\n\t\t\t\t\t\t<\/li>\n\t\t\t\t\t\t\t\t\t<\/ul>\n\t\t\t\t\t<\/div>\n\t<\/div>\n\n\t<\/div>\n<\/div>","protected":false},"excerpt":{"rendered":"","protected":false},"author":11,"featured_media":0,"parent":0,"menu_order":0,"comment_status":"closed","ping_status":"closed","template":"","meta":{"_acf_changed":true,"_searchwp_excluded":"","footnotes":""},"class_list":["post-4949","page","type-page","status-publish","hentry"],"acf":[],"yoast_head":"<!-- This site is optimized with the Yoast SEO plugin v27.2 - https:\/\/yoast.com\/product\/yoast-seo-wordpress\/ -->\n<title>Patriot Mobile App Updates - Patriot Federal Credit Union<\/title>\n<meta name=\"robots\" content=\"index, follow, max-snippet:-1, max-image-preview:large, max-video-preview:-1\" \/>\n<link rel=\"canonical\" href=\"https:\/\/www.patriotfcu.org\/es\/actualizaciones-de-la-aplicacion-movil-patriota\/\" \/>\n<meta property=\"og:locale\" content=\"es_ES\" \/>\n<meta property=\"og:type\" content=\"article\" \/>\n<meta property=\"og:title\" content=\"Patriot Mobile App Updates - Patriot Federal Credit Union\" \/>\n<meta property=\"og:url\" content=\"https:\/\/www.patriotfcu.org\/es\/actualizaciones-de-la-aplicacion-movil-patriota\/\" \/>\n<meta property=\"og:site_name\" content=\"Patriot Federal Credit Union\" \/>\n<meta property=\"article:modified_time\" content=\"2024-07-10T12:45:24+00:00\" \/>\n<meta name=\"twitter:card\" content=\"summary_large_image\" \/>\n<script type=\"application\/ld+json\" class=\"yoast-schema-graph\">{\"@context\":\"https:\/\/schema.org\",\"@graph\":[{\"@type\":\"WebPage\",\"@id\":\"https:\/\/www.patriotfcu.org\/patriot-mobile-app-updates\/\",\"url\":\"https:\/\/www.patriotfcu.org\/patriot-mobile-app-updates\/\",\"name\":\"Patriot Mobile App Updates - Patriot Federal Credit Union\",\"isPartOf\":{\"@id\":\"https:\/\/www.patriotfcu.org\/#website\"},\"datePublished\":\"2024-06-21T13:47:33+00:00\",\"dateModified\":\"2024-07-10T12:45:24+00:00\",\"breadcrumb\":{\"@id\":\"https:\/\/www.patriotfcu.org\/patriot-mobile-app-updates\/#breadcrumb\"},\"inLanguage\":\"es-ES\",\"potentialAction\":[{\"@type\":\"ReadAction\",\"target\":[\"https:\/\/www.patriotfcu.org\/patriot-mobile-app-updates\/\"]}]},{\"@type\":\"BreadcrumbList\",\"@id\":\"https:\/\/www.patriotfcu.org\/patriot-mobile-app-updates\/#breadcrumb\",\"itemListElement\":[{\"@type\":\"ListItem\",\"position\":1,\"name\":\"Home\",\"item\":\"https:\/\/www.patriotfcu.org\/\"},{\"@type\":\"ListItem\",\"position\":2,\"name\":\"Patriot Mobile App Updates\"}]},{\"@type\":\"WebSite\",\"@id\":\"https:\/\/www.patriotfcu.org\/#website\",\"url\":\"https:\/\/www.patriotfcu.org\/\",\"name\":\"Patriot Federal Credit Union\",\"description\":\"Financial Services That Meet Your Need\",\"potentialAction\":[{\"@type\":\"SearchAction\",\"target\":{\"@type\":\"EntryPoint\",\"urlTemplate\":\"https:\/\/www.patriotfcu.org\/?s={search_term_string}\"},\"query-input\":{\"@type\":\"PropertyValueSpecification\",\"valueRequired\":true,\"valueName\":\"search_term_string\"}}],\"inLanguage\":\"es-ES\"}]}<\/script>\n<!-- \/ Yoast SEO plugin. -->","yoast_head_json":{"title":"Actualizaciones de la aplicaci\u00f3n m\u00f3vil Patriot - Patriot Federal Credit Union","robots":{"index":"index","follow":"follow","max-snippet":"max-snippet:-1","max-image-preview":"max-image-preview:large","max-video-preview":"max-video-preview:-1"},"canonical":"https:\/\/www.patriotfcu.org\/es\/actualizaciones-de-la-aplicacion-movil-patriota\/","og_locale":"es_ES","og_type":"article","og_title":"Patriot Mobile App Updates - Patriot Federal Credit Union","og_url":"https:\/\/www.patriotfcu.org\/es\/actualizaciones-de-la-aplicacion-movil-patriota\/","og_site_name":"Patriot Federal Credit Union","article_modified_time":"2024-07-10T12:45:24+00:00","twitter_card":"summary_large_image","schema":{"@context":"https:\/\/schema.org","@graph":[{"@type":"WebPage","@id":"https:\/\/www.patriotfcu.org\/patriot-mobile-app-updates\/","url":"https:\/\/www.patriotfcu.org\/patriot-mobile-app-updates\/","name":"Actualizaciones de la aplicaci\u00f3n m\u00f3vil Patriot - Patriot Federal Credit Union","isPartOf":{"@id":"https:\/\/www.patriotfcu.org\/#website"},"datePublished":"2024-06-21T13:47:33+00:00","dateModified":"2024-07-10T12:45:24+00:00","breadcrumb":{"@id":"https:\/\/www.patriotfcu.org\/patriot-mobile-app-updates\/#breadcrumb"},"inLanguage":"es-ES","potentialAction":[{"@type":"ReadAction","target":["https:\/\/www.patriotfcu.org\/patriot-mobile-app-updates\/"]}]},{"@type":"BreadcrumbList","@id":"https:\/\/www.patriotfcu.org\/patriot-mobile-app-updates\/#breadcrumb","itemListElement":[{"@type":"ListItem","position":1,"name":"Home","item":"https:\/\/www.patriotfcu.org\/"},{"@type":"ListItem","position":2,"name":"Patriot Mobile App Updates"}]},{"@type":"WebSite","@id":"https:\/\/www.patriotfcu.org\/#website","url":"https:\/\/www.patriotfcu.org\/","name":"Patriot Federal Credit Union","description":"Servicios financieros que satisfacen sus necesidades","potentialAction":[{"@type":"SearchAction","target":{"@type":"EntryPoint","urlTemplate":"https:\/\/www.patriotfcu.org\/?s={search_term_string}"},"query-input":{"@type":"PropertyValueSpecification","valueRequired":true,"valueName":"search_term_string"}}],"inLanguage":"es-ES"}]}},"_links":{"self":[{"href":"https:\/\/www.patriotfcu.org\/es\/wp-json\/wp\/v2\/pages\/4949","targetHints":{"allow":["GET"]}}],"collection":[{"href":"https:\/\/www.patriotfcu.org\/es\/wp-json\/wp\/v2\/pages"}],"about":[{"href":"https:\/\/www.patriotfcu.org\/es\/wp-json\/wp\/v2\/types\/page"}],"author":[{"embeddable":true,"href":"https:\/\/www.patriotfcu.org\/es\/wp-json\/wp\/v2\/users\/11"}],"replies":[{"embeddable":true,"href":"https:\/\/www.patriotfcu.org\/es\/wp-json\/wp\/v2\/comments?post=4949"}],"version-history":[{"count":0,"href":"https:\/\/www.patriotfcu.org\/es\/wp-json\/wp\/v2\/pages\/4949\/revisions"}],"wp:attachment":[{"href":"https:\/\/www.patriotfcu.org\/es\/wp-json\/wp\/v2\/media?parent=4949"}],"curies":[{"name":"Gracias","href":"https:\/\/api.w.org\/{rel}","templated":true}]}}