{"id":5000,"date":"2024-06-26T11:24:19","date_gmt":"2024-06-26T15:24:19","guid":{"rendered":"https:\/\/www.patriotfcu.org\/?page_id=5000"},"modified":"2025-09-16T13:04:11","modified_gmt":"2025-09-16T17:04:11","slug":"aviso-de-reunion-anual","status":"publish","type":"page","link":"https:\/\/www.patriotfcu.org\/es\/aviso-de-reunion-anual\/","title":{"rendered":"Aviso de reuni\u00f3n anual"},"content":{"rendered":"<div class=\"co-flex_row co-flex_row__light co-flex_row__simple-hero\" >\n\t<div class=\"co-flex_row--row co-row\">\n\t\t\t<header class=\"co-simple_hero light\" aria-label=\"Encabezado: Aviso de la reuni\u00f3n anual\">\n\t\t<div class=\"co-simple_hero--inner\">\n\t\t\t<div>\n\t\t\t\t<div class=\"co-simple_hero--text pcol-lg:7\">\n\t\t\t\t\t<h1 class=\"co-simple_hero--title\">\n\t\t\t\t\t\tAviso de reuni\u00f3n anual\t\t\t\t\t<\/h1>\n\t\t\t\t<\/div>\n\t\t\t<\/div>\n\t\t<\/div>\n\t<\/header>\n\n\t<\/div>\n<\/div>\n\n\n<div class=\"co-flex_row co-flex_row__white co-flex_row__page-intro\" >\n\t<div class=\"co-flex_row--row co-row\">\n\t\t\t<div class=\"co-page_intro\">\n\t\t<h2 class=\"co-page_intro--title\">\u00a1Est\u00e1s invitado!\n\t\t\t\t<svg class=\"heading_shape\" xmlns=\"http:\/\/www.w3.org\/2000\/svg\" width=\"238.55799865722656\" height=\"14.876999855041504\" viewbox=\"0 0 238.558 14.877\">\n\t\t\t\t\t<path id=\"Path_16614\" data-name=\"Path 16614\" d=\"M5118.863,2995.027c15.19-6.542,69.982-8.38,118.5-2.822s90.372,10.077,113.638,2.822\" transform=\"translate(-5115.578 -2986.393)\" fill=\"none\" stroke=\"#ce1126\" stroke-linecap=\"round\" stroke-width=\"5\" class=\"title-shape\"><\/path>\n\t\t\t\t<\/svg><\/h2><div class=\"co-page_intro--desc\"><p style=\"text-align: center;\">Planee estar all\u00ed para elegir a los miembros de la junta y recibir informes sobre el desempe\u00f1o financiero y las actividades de Patriot durante el a\u00f1o pasado.<\/p>\n<p style=\"text-align: left;\">\n<\/div>\t<\/div>\n\n\t<\/div>\n<\/div>\n\n\n<div class=\"co-flex_row co-flex_row__sticky-nav\" >\n\t<div class=\"co-flex_row--row co-row\">\n\t\t\t<div class=\"co-sticky_nav_wrap is-active\" id=\"js-sticky_nav_wrap\">\n\t\t<nav\n\t\t\tclass=\"co-sticky_nav\"\n\t\t\tid=\"js-sticky_nav\"\n\t\t\taria-label=\"en la navegaci\u00f3n de anclaje de p\u00e1gina\"\n\t\t>\n\t\t\t<div class=\"co-sticky_nav--mobile\">\n\t\t\t\t<button\n\t\t\t\t\tclass=\"co-sticky_nav--toggle\"\n\t\t\t\t\tid=\"js-sticky_nav_toggle\"\n\t\t\t\t\taria-label=\"Abrir y cerrar men\u00fa de p\u00e1gina\"\n\t\t\t\t>Men\u00fa de p\u00e1gina<\/button>\n\t\t\t<\/div>\n\t\t\t<div\n\t\t\t\tclass=\"co-sticky_nav--row co-row\"\n\t\t\t\tid=\"js-sticky_nav_links\"\n\t\t\t>\n\t\t\t\t\t\t\t\t\t<a\n\t\t\t\t\t\thref=\"#nominationprocess\"\n\t\t\t\t\t\tclass=\"co-sticky_nav--link\t\t\t\t\t\t\tjs-sticky_nav_item\"\n\t\t\t\t\t\taria-label=\"Proceso de nominaci\u00f3n\"\t\t\t\t\t>\n\t\t\t\t\t\tProceso de nominaci\u00f3n\t\t\t\t\t<\/a>\n\t\t\t\t\t\t\t\t\t<a\n\t\t\t\t\t\thref=\"#rsvp\"\n\t\t\t\t\t\tclass=\"co-sticky_nav--link\t\t\t\t\t\t\tjs-sticky_nav_item\"\n\t\t\t\t\t\taria-label=\"Confirmar asistencia\"\t\t\t\t\t>\n\t\t\t\t\t\tConfirmar asistencia\t\t\t\t\t<\/a>\n\t\t\t\t\t\t\t\t\t<a\n\t\t\t\t\t\thref=\"#nominations\"\n\t\t\t\t\t\tclass=\"co-sticky_nav--link\t\t\t\t\t\t\tjs-sticky_nav_item\"\n\t\t\t\t\t\taria-label=\"Nominaciones\"\t\t\t\t\t>\n\t\t\t\t\t\tNominaciones\t\t\t\t\t<\/a>\n\t\t\t\t\t\t\t<\/div>\n\t\t<\/nav>\n\t<\/div>\n\n\t<\/div>\n<\/div>\n\n\n<div class=\"co-flex_row co-flex_row__white co-flex_row__single-path-cta\" id=\"rsvp\">\n\t<div class=\"co-flex_row--row co-row\">\n\t\t\t<div class=\"co-sp_cta\">\n\t\t\t<header class=\"co-intro_text\">\n\t\t<h2 class=\"co-intro_text--title\">Asista a la reuni\u00f3n anual\n\t\t\t\t<svg class=\"heading_shape\" xmlns=\"http:\/\/www.w3.org\/2000\/svg\" width=\"238.55799865722656\" height=\"14.876999855041504\" viewbox=\"0 0 238.558 14.877\">\n\t\t\t\t\t<path id=\"Path_16614\" data-name=\"Path 16614\" d=\"M5118.863,2995.027c15.19-6.542,69.982-8.38,118.5-2.822s90.372,10.077,113.638,2.822\" transform=\"translate(-5115.578 -2986.393)\" fill=\"none\" stroke=\"#ce1126\" stroke-linecap=\"round\" stroke-width=\"5\" class=\"title-shape\"><\/path>\n\t\t\t\t<\/svg>\n\t\t\t<\/h2><div class=\"co-intro_text--intro\"><p style=\"text-align: center;\">23 de septiembre de 2025 a las 13:30 h (las puertas abren y el registro comienza a las 13:00 h)<\/p>\n<p style=\"text-align: center;\">Centro corporativo (1330 South Seventh Street, Chambersburg, PA)<\/p>\n<p style=\"text-align: center;\"><strong>Confirmar asistencia a m\u00e1s tardar el 18 de septiembre de 2025<\/strong><\/p>\n<\/div>\t<\/header>\n<a class=\"co-sp_cta--button\" href=\"tel: 17172624301\"  >Llame para confirmar su asistencia<\/a>\t<\/div>\n\n\t<\/div>\n<\/div>\n\n\n<div class=\"co-flex_row co-flex_row__white co-flex_row__last co-flex_row__long-form-text\" id=\"nominations\">\n\t<div class=\"co-flex_row--row co-row\">\n\t\t\t<div class=\"co-long_form\">\n\t\t\t<header class=\"co-intro_text\">\n\t\t<h2 class=\"co-intro_text--title\">Nominaciones\n\t\t\t\t<svg class=\"heading_shape\" xmlns=\"http:\/\/www.w3.org\/2000\/svg\" width=\"238.55799865722656\" height=\"14.876999855041504\" viewbox=\"0 0 238.558 14.877\">\n\t\t\t\t\t<path id=\"Path_16614\" data-name=\"Path 16614\" d=\"M5118.863,2995.027c15.19-6.542,69.982-8.38,118.5-2.822s90.372,10.077,113.638,2.822\" transform=\"translate(-5115.578 -2986.393)\" fill=\"none\" stroke=\"#ce1126\" stroke-linecap=\"round\" stroke-width=\"5\" class=\"title-shape\"><\/path>\n\t\t\t\t<\/svg>\n\t\t\t<\/h2><div class=\"co-intro_text--intro\"><p>Sila Alegret-Bartel, Dennis Coons y Thomas Luzzi han sido nominados para cubrir tres mandatos de 3 a\u00f1os; Matthew Zaborsky ha sido nominado para cubrir un mandato de 1 a\u00f1o; y Loren Martin y John Washabaugh han sido nominados para cubrir dos mandatos de 2 a\u00f1os en la Junta Directiva de Patriot Federal Credit Union.<\/p>\n<\/div>\t<\/header>\n\t\t\t<div class=\"co-long_form--block prow items-start justify-center\">\n\t\t\t\t<div class=\"co-long_form--text pcol-md:7\">\n\t\t\t\t\t<h3 class=\"co-long_form--headline\" >Sila Alegret-Bartel<\/h3><div class=\"co-long_form--content\"><p style=\"text-align: left;\">Sila Alegret-Bartel es originaria de Cuba y reside en Estados Unidos desde hace m\u00e1s de cincuenta a\u00f1os. Es licenciada en Estudios Generales por el Instituto Vedado de La Habana, Cuba. Sila es la fundadora y presidenta de International Corporate Training and Marketing, LLC (ICTM).<\/p>\n<p style=\"text-align: left;\">Antes de fundar ICTM en 2002, Sila trabaj\u00f3 en banca, marketing y organizaciones sin fines de lucro en el \u00e1rea metropolitana de Washington D. C. Trabaj\u00f3 para Security Bank, Kiplinger Washington Editors, Kiplinger Marketing Services y Paralyzed Veterans of America (PVA).<\/p>\n<p style=\"text-align: left;\">A lo largo de los a\u00f1os, Sila ha desempe\u00f1ado varios cargos de voluntariado. Fue miembro fundador de la C\u00e1mara de Comercio Hispana del Atl\u00e1ntico Medio y miembro de la junta directiva de la Alianza Nacional de Enfermedades Mentales (NAMI \u2013 Frederick), United Way del Condado de Frederick y la Cruz Roja Americana \u2013 Cap\u00edtulo del Condado de Frederick.<\/p>\n<p style=\"text-align: left;\">Actualmente, Sila es la directora del cap\u00edtulo de la regi\u00f3n occidental de la C\u00e1mara de Comercio Hispana de Maryland, presidenta del Comit\u00e9 de Misi\u00f3n y Extensi\u00f3n de Horizon Goodwill Industries y miembro de la junta de Keystone Health.<\/p>\n<p style=\"text-align: left;\">\u201cComo socia de Patriot Federal Credit Union\u201d, coment\u00f3, \u201cquiero compartir con la poblaci\u00f3n minoritaria de las regiones a las que prestamos servicios las oportunidades y los beneficios de hacerse socia de Patriot\u201d.<\/p>\n<\/div>\t\t\t\t<\/div>\n\t\t\t\t\t\t\t\t\t<div class=\"co-long_form--media pcol-md:5\">\n\t\t\t\t\t\t<div class=\"co-long_form--media_container\"><img loading=\"lazy\" decoding=\"async\" width=\"400\" height=\"538\" src=\"https:\/\/www.patriotfcu.org\/wp-content\/uploads\/Two-Column-Bio-Component-1-Recovered-Sila.jpg\" class=\"co-long_form--image\" alt=\"Retrato de Sila Alegret-Bartel\" srcset=\"https:\/\/www.patriotfcu.org\/wp-content\/uploads\/Two-Column-Bio-Component-1-Recovered-Sila.jpg 400w, https:\/\/www.patriotfcu.org\/wp-content\/uploads\/Two-Column-Bio-Component-1-Recovered-Sila-9x12.jpg 9w, https:\/\/www.patriotfcu.org\/wp-content\/uploads\/Two-Column-Bio-Component-1-Recovered-Sila-294x396.jpg 294w, https:\/\/www.patriotfcu.org\/wp-content\/uploads\/Two-Column-Bio-Component-1-Recovered-Sila-56x75.jpg 56w\" sizes=\"auto, (max-width: 400px) 100vw, 400px\" \/><\/div>\t\t\t\t\t<\/div>\n\t\t\t\t\t\t\t<\/div>\n\t\t\t\t\t\t<div class=\"co-long_form--block prow items-start justify-center\">\n\t\t\t\t<div class=\"co-long_form--text pcol-md:7\">\n\t\t\t\t\t<h3 class=\"co-long_form--headline\" >Dennis C. Coons<\/h3><div class=\"co-long_form--content\"><p style=\"text-align: left;\">Dennis C. Coons, de Chambersburg, es propietario de Global Data Consultants, LLC. Graduado de la Universidad de Shippensburg, el Sr. Coons obtuvo una Licenciatura en Ciencias en Matem\u00e1ticas e Inform\u00e1tica.<\/p>\n<p style=\"text-align: left;\">Es propietario de varias empresas y se especializa en planificaci\u00f3n estrat\u00e9gica, control de costos y desarrollo empresarial. Al preguntarle cu\u00e1l era su principal motivo para seguir formando parte de la Junta Directiva de Patriot, declar\u00f3: \u00abHe pasado toda mi vida en esta \u00e1rea y me gustar\u00eda contribuir a mejorar el rendimiento general de Patriot ofreciendo mi experiencia y trayectoria empresarial\u00bb.<\/p>\n<\/div>\t\t\t\t<\/div>\n\t\t\t\t\t\t\t\t\t<div class=\"co-long_form--media pcol-md:5\">\n\t\t\t\t\t\t<div class=\"co-long_form--media_container\"><img loading=\"lazy\" decoding=\"async\" width=\"400\" height=\"538\" src=\"https:\/\/www.patriotfcu.org\/wp-content\/uploads\/Two-Column-Bio-Component-1-Recovered-Dennis-Coons.jpg\" class=\"co-long_form--image\" alt=\"Retrato de Dennis Coons\" srcset=\"https:\/\/www.patriotfcu.org\/wp-content\/uploads\/Two-Column-Bio-Component-1-Recovered-Dennis-Coons.jpg 400w, https:\/\/www.patriotfcu.org\/wp-content\/uploads\/Two-Column-Bio-Component-1-Recovered-Dennis-Coons-9x12.jpg 9w, https:\/\/www.patriotfcu.org\/wp-content\/uploads\/Two-Column-Bio-Component-1-Recovered-Dennis-Coons-294x396.jpg 294w, https:\/\/www.patriotfcu.org\/wp-content\/uploads\/Two-Column-Bio-Component-1-Recovered-Dennis-Coons-56x75.jpg 56w\" sizes=\"auto, (max-width: 400px) 100vw, 400px\" \/><\/div>\t\t\t\t\t<\/div>\n\t\t\t\t\t\t\t<\/div>\n\t\t\t\t\t\t<div class=\"co-long_form--block prow items-start justify-center\">\n\t\t\t\t<div class=\"co-long_form--text pcol-md:7\">\n\t\t\t\t\t<h3 class=\"co-long_form--headline\" >Thomas Luzzi<\/h3><div class=\"co-long_form--content\"><p style=\"text-align: left;\">Thomas Luzzi reside en Chambersburg con su esposa Christine y actualmente est\u00e1 jubilado tras m\u00e1s de 45 a\u00f1os como director financiero, profesor y consultor de organizaciones sin fines de lucro. Contin\u00faa compartiendo su experiencia en gesti\u00f3n financiera y empresarial, presupuestos y previsiones, y fusiones.<\/p>\n<p style=\"text-align: left;\">El Sr. Luzzi es actualmente Tesorero de la Asociaci\u00f3n de Propietarios de Viviendas Majestic Ridge. Tiene una Licenciatura en Ciencias y una Maestr\u00eda en Administraci\u00f3n de Empresas de la Universidad Estatal de Nueva York en Albany. Es veterano del Ej\u00e9rcito, sirviendo durante la guerra de Vietnam. El Sr. Luzzi form\u00f3 parte de diversas juntas directivas de agencias de servicios humanos que brindan atenci\u00f3n a personas con problemas de abuso de sustancias, abuso y negligencia infantil, enfermedades mentales y discapacidades del desarrollo. El Sr. Luzzi declar\u00f3 que su principal raz\u00f3n para formar parte de la Junta Directiva de Patriot Federal Credit Union es retribuir a la comunidad muchas de las lecciones que ha aprendido, para que sea un mejor lugar para vivir ahora y en el futuro.<\/p>\n<\/div>\t\t\t\t<\/div>\n\t\t\t\t\t\t\t\t\t<div class=\"co-long_form--media pcol-md:5\">\n\t\t\t\t\t\t<div class=\"co-long_form--media_container\"><img loading=\"lazy\" decoding=\"async\" width=\"400\" height=\"538\" src=\"https:\/\/www.patriotfcu.org\/wp-content\/uploads\/Two-Column-Bio-Component-1-Recovered-Thomas.jpg\" class=\"co-long_form--image\" alt=\"Retrato de Thomas M. Luzzi\" srcset=\"https:\/\/www.patriotfcu.org\/wp-content\/uploads\/Two-Column-Bio-Component-1-Recovered-Thomas.jpg 400w, https:\/\/www.patriotfcu.org\/wp-content\/uploads\/Two-Column-Bio-Component-1-Recovered-Thomas-9x12.jpg 9w, https:\/\/www.patriotfcu.org\/wp-content\/uploads\/Two-Column-Bio-Component-1-Recovered-Thomas-294x396.jpg 294w, https:\/\/www.patriotfcu.org\/wp-content\/uploads\/Two-Column-Bio-Component-1-Recovered-Thomas-56x75.jpg 56w\" sizes=\"auto, (max-width: 400px) 100vw, 400px\" \/><\/div>\t\t\t\t\t<\/div>\n\t\t\t\t\t\t\t<\/div>\n\t\t\t\t\t\t<div class=\"co-long_form--block prow items-start justify-center\">\n\t\t\t\t<div class=\"co-long_form--text pcol-md:7\">\n\t\t\t\t\t<h3 class=\"co-long_form--headline\" >Matthew J. Zaborsky, Jr.<\/h3><div class=\"co-long_form--content\"><p style=\"text-align: left;\">Matthew J. Zaborsky, Jr. de Martinsburg, West Virginia, se jubil\u00f3 despu\u00e9s de muchos a\u00f1os de trabajar en la industria de servicios financieros.<\/p>\n<p style=\"text-align: left;\">Graduado de la Universidad George Mason, el Sr. Zaborsky obtuvo su Licenciatura en Ciencias en Administraci\u00f3n de Empresas. Inicialmente, el Sr. Zaborsky busc\u00f3 ser miembro de la Junta Directiva de Patriot debido a su experiencia previa en servicios financieros, donde trabaj\u00f3 como banquero, gerente de cooperativas de cr\u00e9dito y agente hipotecario independiente. Con la perspectiva de abrir una nueva sucursal en Spring Mills\/Martinsburg (Virginia Occidental), el Sr. Zaborsky desea contribuir a su comunidad y contribuir al \u00e9xito continuo de Patriot Federal Credit Union.<\/p>\n<\/div>\t\t\t\t<\/div>\n\t\t\t\t\t\t\t\t\t<div class=\"co-long_form--media pcol-md:5\">\n\t\t\t\t\t\t<div class=\"co-long_form--media_container\"><img loading=\"lazy\" decoding=\"async\" width=\"400\" height=\"538\" src=\"https:\/\/www.patriotfcu.org\/wp-content\/uploads\/Two-Column-Bio-Component-1-Recovered-Matthew.jpg\" class=\"co-long_form--image\" alt=\"Retrato de Matthew Zaborsky\" srcset=\"https:\/\/www.patriotfcu.org\/wp-content\/uploads\/Two-Column-Bio-Component-1-Recovered-Matthew.jpg 400w, https:\/\/www.patriotfcu.org\/wp-content\/uploads\/Two-Column-Bio-Component-1-Recovered-Matthew-9x12.jpg 9w, https:\/\/www.patriotfcu.org\/wp-content\/uploads\/Two-Column-Bio-Component-1-Recovered-Matthew-294x396.jpg 294w, https:\/\/www.patriotfcu.org\/wp-content\/uploads\/Two-Column-Bio-Component-1-Recovered-Matthew-56x75.jpg 56w\" sizes=\"auto, (max-width: 400px) 100vw, 400px\" \/><\/div>\t\t\t\t\t<\/div>\n\t\t\t\t\t\t\t<\/div>\n\t\t\t\t\t\t<div class=\"co-long_form--block prow items-start justify-center\">\n\t\t\t\t<div class=\"co-long_form--text pcol-md:7\">\n\t\t\t\t\t<h3 class=\"co-long_form--headline\" >Loren Mart\u00edn<\/h3><div class=\"co-long_form--content\"><p style=\"text-align: left;\">Loren Martin es el presidente y propietario de cuarta generaci\u00f3n de ELM Shoes, Inc., una empresa familiar ubicada en Greencastle, Pensilvania. Tras crecer inmersos en la industria del calzado, Loren y su esposa, Carissa, se convirtieron en propietarios de ELM Shoes en 2013. Bajo el liderazgo de Loren, la empresa ha prosperado y se ha diversificado.<\/p>\n<p style=\"text-align: left;\">Lider\u00f3 el lanzamiento de ELM Mobile, una tienda m\u00f3vil de calzado de seguridad que atiende a empleados de empresas manufactureras en Pensilvania, Maryland y Virginia Occidental. Recientemente, se expandi\u00f3 al mercado de la vida activa con la apertura de ELM Active, una tienda que ofrece calzado, ropa y accesorios dise\u00f1ados para una vida activa. Loren tambi\u00e9n es socio de ELM Shoe Fly, empresa propietaria y operadora de tres tiendas Shoe Fly en Maryland y Virginia.<\/p>\n<p style=\"text-align: left;\">Loren actualmente es vicepresidente de la Junta Directiva de la Asociaci\u00f3n Nacional de Minoristas de Calzado (NSRA), que representa a minoristas de calzado independientes de Estados Unidos y Canad\u00e1. En reconocimiento a su visi\u00f3n, liderazgo \u00edntegro y servicio al sector, Loren fue nombrado &quot;Minorista del A\u00f1o&quot; por la NSRA en 2024.<\/p>\n<p style=\"text-align: left;\">Loren y Carissa son orgullosos padres de tres hijos adultos casados y abuelos de cinco nietos. Fuera del trabajo, disfrutan pasando tiempo en familia, navegando y practicando diversos deportes acu\u00e1ticos.<\/p>\n<\/div>\t\t\t\t<\/div>\n\t\t\t\t\t\t\t\t\t<div class=\"co-long_form--media pcol-md:5\">\n\t\t\t\t\t\t<div class=\"co-long_form--media_container\"><img loading=\"lazy\" decoding=\"async\" width=\"400\" height=\"538\" src=\"https:\/\/www.patriotfcu.org\/wp-content\/uploads\/Untitled-design-18.jpg\" class=\"co-long_form--image\" alt=\"Loren Mart\u00edn\" srcset=\"https:\/\/www.patriotfcu.org\/wp-content\/uploads\/Untitled-design-18.jpg 400w, https:\/\/www.patriotfcu.org\/wp-content\/uploads\/Untitled-design-18-9x12.jpg 9w, https:\/\/www.patriotfcu.org\/wp-content\/uploads\/Untitled-design-18-294x396.jpg 294w, https:\/\/www.patriotfcu.org\/wp-content\/uploads\/Untitled-design-18-56x75.jpg 56w\" sizes=\"auto, (max-width: 400px) 100vw, 400px\" \/><\/div>\t\t\t\t\t<\/div>\n\t\t\t\t\t\t\t<\/div>\n\t\t\t\t\t\t<div class=\"co-long_form--block prow items-start justify-center\">\n\t\t\t\t<div class=\"co-long_form--text pcol-md:7\">\n\t\t\t\t\t<h3 class=\"co-long_form--headline\" >Juan Washabaugh<\/h3><div class=\"co-long_form--content\"><p style=\"text-align: left;\">John Washabaugh reside en Fayetteville, Pensilvania. Es Director de Operaciones de Johnson Controls Navy Systems, LLC. Sus responsabilidades abarcan todas las operaciones de fabricaci\u00f3n de la planta, incluyendo la supervisi\u00f3n rigurosa para garantizar la coordinaci\u00f3n e integraci\u00f3n del trabajo, el cumplimiento presupuestario, los plazos y la \u00f3ptima utilizaci\u00f3n del personal. Tiene experiencia en la elaboraci\u00f3n de presupuestos, la previsi\u00f3n y el control de gastos de acuerdo con los planes y presupuestos aprobados. Ha coordinado y dirigido proyectos importantes como la expansi\u00f3n, adquisici\u00f3n, instalaci\u00f3n de equipos y reparaciones importantes.<\/p>\n<p style=\"text-align: left;\">La formaci\u00f3n y experiencia del Sr. Washabaugh incluyen t\u00edtulos en Administraci\u00f3n de Empresas y Liderazgo Organizacional de la Universidad Estatal de Pensilvania. Anteriormente, trabaj\u00f3 durante 7 a\u00f1os en Neighbors 1.<sup>st<\/sup> Junta Directiva de la Cooperativa Federal de Cr\u00e9dito.<\/p>\n<p style=\"text-align: left;\">Como miembro de la Junta Directiva de Patriot Federal Credit Union, John promover\u00e1 el m\u00e1s alto nivel de servicio a los socios, manteniendo al mismo tiempo la responsabilidad fiscal de la cooperativa. Es socio de Patriot Federal Credit Union desde 1987.<\/p>\n<\/div>\t\t\t\t<\/div>\n\t\t\t\t\t\t\t\t\t<div class=\"co-long_form--media pcol-md:5\">\n\t\t\t\t\t\t<div class=\"co-long_form--media_container\"><img loading=\"lazy\" decoding=\"async\" width=\"400\" height=\"538\" src=\"https:\/\/www.patriotfcu.org\/wp-content\/uploads\/Two-Column-Bio-Component-1-Recovered-Dennis-Coons-Recovered.gif\" class=\"co-long_form--image\" alt=\"Juan Washabaugh\" \/><\/div>\t\t\t\t\t<\/div>\n\t\t\t\t\t\t\t<\/div>\n\t\t\t\t<\/div>\n\n\t<\/div>\n<\/div>","protected":false},"excerpt":{"rendered":"","protected":false},"author":11,"featured_media":0,"parent":0,"menu_order":0,"comment_status":"closed","ping_status":"closed","template":"","meta":{"_acf_changed":false,"_searchwp_excluded":"","footnotes":""},"class_list":["post-5000","page","type-page","status-publish","hentry"],"acf":[],"yoast_head":"<!-- This site is optimized with the Yoast SEO plugin v27.2 - https:\/\/yoast.com\/product\/yoast-seo-wordpress\/ -->\n<title>Annual Meeting Notice - Patriot Federal Credit Union<\/title>\n<meta name=\"robots\" content=\"index, follow, max-snippet:-1, max-image-preview:large, max-video-preview:-1\" \/>\n<link rel=\"canonical\" href=\"https:\/\/www.patriotfcu.org\/es\/aviso-de-reunion-anual\/\" \/>\n<meta property=\"og:locale\" content=\"es_ES\" \/>\n<meta property=\"og:type\" content=\"article\" \/>\n<meta property=\"og:title\" content=\"Annual Meeting Notice - Patriot Federal Credit Union\" \/>\n<meta property=\"og:url\" content=\"https:\/\/www.patriotfcu.org\/es\/aviso-de-reunion-anual\/\" \/>\n<meta property=\"og:site_name\" content=\"Patriot Federal Credit Union\" \/>\n<meta property=\"article:modified_time\" content=\"2025-09-16T17:04:11+00:00\" \/>\n<meta name=\"twitter:card\" content=\"summary_large_image\" \/>\n<script type=\"application\/ld+json\" class=\"yoast-schema-graph\">{\"@context\":\"https:\/\/schema.org\",\"@graph\":[{\"@type\":\"WebPage\",\"@id\":\"https:\/\/www.patriotfcu.org\/annual-meeting-notice\/\",\"url\":\"https:\/\/www.patriotfcu.org\/annual-meeting-notice\/\",\"name\":\"Annual Meeting Notice - Patriot Federal Credit Union\",\"isPartOf\":{\"@id\":\"https:\/\/www.patriotfcu.org\/#website\"},\"datePublished\":\"2024-06-26T15:24:19+00:00\",\"dateModified\":\"2025-09-16T17:04:11+00:00\",\"breadcrumb\":{\"@id\":\"https:\/\/www.patriotfcu.org\/annual-meeting-notice\/#breadcrumb\"},\"inLanguage\":\"es-ES\",\"potentialAction\":[{\"@type\":\"ReadAction\",\"target\":[\"https:\/\/www.patriotfcu.org\/annual-meeting-notice\/\"]}]},{\"@type\":\"BreadcrumbList\",\"@id\":\"https:\/\/www.patriotfcu.org\/annual-meeting-notice\/#breadcrumb\",\"itemListElement\":[{\"@type\":\"ListItem\",\"position\":1,\"name\":\"Home\",\"item\":\"https:\/\/www.patriotfcu.org\/\"},{\"@type\":\"ListItem\",\"position\":2,\"name\":\"Annual Meeting Notice\"}]},{\"@type\":\"WebSite\",\"@id\":\"https:\/\/www.patriotfcu.org\/#website\",\"url\":\"https:\/\/www.patriotfcu.org\/\",\"name\":\"Patriot Federal Credit Union\",\"description\":\"Financial Services That Meet Your Need\",\"potentialAction\":[{\"@type\":\"SearchAction\",\"target\":{\"@type\":\"EntryPoint\",\"urlTemplate\":\"https:\/\/www.patriotfcu.org\/?s={search_term_string}\"},\"query-input\":{\"@type\":\"PropertyValueSpecification\",\"valueRequired\":true,\"valueName\":\"search_term_string\"}}],\"inLanguage\":\"es-ES\"}]}<\/script>\n<!-- \/ Yoast SEO plugin. -->","yoast_head_json":{"title":"Aviso de reuni\u00f3n anual - Patriot Federal Credit Union","robots":{"index":"index","follow":"follow","max-snippet":"max-snippet:-1","max-image-preview":"max-image-preview:large","max-video-preview":"max-video-preview:-1"},"canonical":"https:\/\/www.patriotfcu.org\/es\/aviso-de-reunion-anual\/","og_locale":"es_ES","og_type":"article","og_title":"Annual Meeting Notice - Patriot Federal Credit Union","og_url":"https:\/\/www.patriotfcu.org\/es\/aviso-de-reunion-anual\/","og_site_name":"Patriot Federal Credit Union","article_modified_time":"2025-09-16T17:04:11+00:00","twitter_card":"summary_large_image","schema":{"@context":"https:\/\/schema.org","@graph":[{"@type":"WebPage","@id":"https:\/\/www.patriotfcu.org\/annual-meeting-notice\/","url":"https:\/\/www.patriotfcu.org\/annual-meeting-notice\/","name":"Aviso de reuni\u00f3n anual - Patriot Federal Credit Union","isPartOf":{"@id":"https:\/\/www.patriotfcu.org\/#website"},"datePublished":"2024-06-26T15:24:19+00:00","dateModified":"2025-09-16T17:04:11+00:00","breadcrumb":{"@id":"https:\/\/www.patriotfcu.org\/annual-meeting-notice\/#breadcrumb"},"inLanguage":"es-ES","potentialAction":[{"@type":"ReadAction","target":["https:\/\/www.patriotfcu.org\/annual-meeting-notice\/"]}]},{"@type":"BreadcrumbList","@id":"https:\/\/www.patriotfcu.org\/annual-meeting-notice\/#breadcrumb","itemListElement":[{"@type":"ListItem","position":1,"name":"Home","item":"https:\/\/www.patriotfcu.org\/"},{"@type":"ListItem","position":2,"name":"Annual Meeting Notice"}]},{"@type":"WebSite","@id":"https:\/\/www.patriotfcu.org\/#website","url":"https:\/\/www.patriotfcu.org\/","name":"Patriot Federal Credit Union","description":"Servicios financieros que satisfacen sus necesidades","potentialAction":[{"@type":"SearchAction","target":{"@type":"EntryPoint","urlTemplate":"https:\/\/www.patriotfcu.org\/?s={search_term_string}"},"query-input":{"@type":"PropertyValueSpecification","valueRequired":true,"valueName":"search_term_string"}}],"inLanguage":"es-ES"}]}},"_links":{"self":[{"href":"https:\/\/www.patriotfcu.org\/es\/wp-json\/wp\/v2\/pages\/5000","targetHints":{"allow":["GET"]}}],"collection":[{"href":"https:\/\/www.patriotfcu.org\/es\/wp-json\/wp\/v2\/pages"}],"about":[{"href":"https:\/\/www.patriotfcu.org\/es\/wp-json\/wp\/v2\/types\/page"}],"author":[{"embeddable":true,"href":"https:\/\/www.patriotfcu.org\/es\/wp-json\/wp\/v2\/users\/11"}],"replies":[{"embeddable":true,"href":"https:\/\/www.patriotfcu.org\/es\/wp-json\/wp\/v2\/comments?post=5000"}],"version-history":[{"count":5,"href":"https:\/\/www.patriotfcu.org\/es\/wp-json\/wp\/v2\/pages\/5000\/revisions"}],"predecessor-version":[{"id":6155,"href":"https:\/\/www.patriotfcu.org\/es\/wp-json\/wp\/v2\/pages\/5000\/revisions\/6155"}],"wp:attachment":[{"href":"https:\/\/www.patriotfcu.org\/es\/wp-json\/wp\/v2\/media?parent=5000"}],"curies":[{"name":"Gracias","href":"https:\/\/api.w.org\/{rel}","templated":true}]}}