{"id":5406,"date":"2024-12-19T14:12:05","date_gmt":"2024-12-19T19:12:05","guid":{"rendered":"https:\/\/www.patriotfcu.org\/?page_id=5406"},"modified":"2024-12-19T14:12:07","modified_gmt":"2024-12-19T19:12:07","slug":"mensaje-del-director-ejecutivo-de-enero-de-2025","status":"publish","type":"page","link":"https:\/\/www.patriotfcu.org\/es\/mensaje-del-director-ejecutivo-de-enero-de-2025\/","title":{"rendered":"Mensaje del director ejecutivo \u2013 enero de 2025"},"content":{"rendered":"<div class=\"co-flex_row co-flex_row__light co-flex_row__simple-hero\" >\n\t<div class=\"co-flex_row--row co-row\">\n\t\t\t<header class=\"co-simple_hero light\" aria-label=\"Encabezado: Mensaje del director ejecutivo \u2013 enero de 2025\">\n\t\t<div class=\"co-simple_hero--inner\">\n\t\t\t<div>\n\t\t\t\t<div class=\"co-simple_hero--text pcol-lg:7\">\n\t\t\t\t\t<h1 class=\"co-simple_hero--title\">\n\t\t\t\t\t\tMensaje del director ejecutivo \u2013 enero de 2025\t\t\t\t\t<\/h1>\n\t\t\t\t<\/div>\n\t\t\t<\/div>\n\t\t<\/div>\n\t<\/header>\n\n\t<\/div>\n<\/div>\n\n\n<div class=\"co-flex_row co-flex_row__white co-flex_row__last co-flex_row__long-form-text\" >\n\t<div class=\"co-flex_row--row co-row\">\n\t\t\t<div class=\"co-long_form\">\n\t\t\t\t\t<div class=\"co-long_form--block co-long_form--block__nomedia prow items-start justify-center\">\n\t\t\t\t<div class=\"co-long_form--text pcol-md:12\">\n\t\t\t\t\t<h2 class=\"co-long_form--headline\" >\u00a1Feliz A\u00f1o Nuevo y 60\u00ba Aniversario!<\/h2><div class=\"co-long_form--content\"><p style=\"text-align: left;\">Como usted ya sabe, el 4 de enero de 1965 marc\u00f3 el comienzo de nuestra cooperativa de cr\u00e9dito con la concesi\u00f3n de una carta constitutiva a Letterkenny Federal Credit Union (la predecesora de Patriot).<\/p>\n<p style=\"text-align: left;\">Si bien no planeo llevar a los miembros a una lecci\u00f3n de historia o un viaje de campo por el camino de los recuerdos durante los primeros 59 a\u00f1os, quiero aprovechar la oportunidad para recapitular algunos de los desaf\u00edos y \u00e9xitos que trajo consigo el 2024. En primer lugar, y siempre m\u00e1s importante, estamos extremadamente agradecidos por las oportunidades de servir a nuestros miembros y nuestras comunidades, y desde una perspectiva financiera, el a\u00f1o pasado fue muy s\u00f3lido. Los activos crecieron casi 7,51 TP3T superando la marca de 1 TP4T1.1 mil millones, las acciones aumentaron 1 TP4T50 millones (51 TP3T), mientras que los pr\u00e9stamos crecieron casi 3,51 TP3T a pesar de las tasas de inter\u00e9s m\u00e1s altas.<\/p>\n<p style=\"text-align: left;\">Junto con estas m\u00e9tricas financieras,<\/p>\n<p style=\"text-align: left;\">Patriot fue reconocido como la \u201cMejor Cooperativa de Cr\u00e9dito\u201d en el Tri-State por los oyentes de VerStandig Media (estaciones de radio WAYZ, WBHB y WIKG), nombrado Gran Empresa del A\u00f1o por la C\u00e1mara de Comercio del \u00c1rea de Shippensburg, seleccionado como \u201cBen&#039;s Pick of the County\u201d para bancos y cooperativas de cr\u00e9dito por Franklin County Free Press, y una vez m\u00e1s recibi\u00f3 una Calificaci\u00f3n de 5 Estrellas de Bauer Financial, la calificaci\u00f3n m\u00e1s alta de seguridad y solidez, que hemos mantenido durante 31 a\u00f1os consecutivos. M\u00e1s importante a\u00fan, seguimos recibiendo comentarios positivos en las encuestas, puntajes de promotores netos s\u00f3lidos y excelentes cr\u00edticas de nuestros miembros.<\/p>\n<p style=\"text-align: left;\">En 2024, tuvimos numerosos logros, comenzando con el lanzamiento de un sitio web redise\u00f1ado que gan\u00f3 varios premios de la industria, incluido un premio de bronce de la Asociaci\u00f3n de Marketing de Cooperativas de Cr\u00e9dito, adem\u00e1s de ser nombrado ganador de oro de un premio Davey de la Academia de Artes Visuales e Interactivas. Adem\u00e1s, el sitio web mejor\u00f3 la accesibilidad para los miembros e incluy\u00f3 una versi\u00f3n en espa\u00f1ol para atender a la creciente comunidad hispana.<\/p>\n<p style=\"text-align: left;\">Tambi\u00e9n mejoramos nuestra inclusi\u00f3n y compromiso con la comunidad a trav\u00e9s de los servicios de interpretaci\u00f3n y traducci\u00f3n de LanguageLine que admiten m\u00e1s de 290 idiomas, incluido el lenguaje de se\u00f1as estadounidense, pr\u00e9stamos con n\u00famero de identificaci\u00f3n fiscal (TIN) para atender a inmigrantes y Zogo, una aplicaci\u00f3n gratuita de educaci\u00f3n financiera gamificada disponible en ingl\u00e9s y espa\u00f1ol que ofrece lecciones breves de educaci\u00f3n financiera y recompensa a los usuarios.<\/p>\n<p style=\"text-align: left;\">\u00a0Patriot se convirti\u00f3 en la primera cooperativa de cr\u00e9dito con sede en Pensilvania en recibir la designaci\u00f3n Juntos Avanzamos, solo una de las 141 cooperativas de cr\u00e9dito en 33 estados. Juntos Avanzamos, que significa \u201cJuntos avanzamos\u201d, es una designaci\u00f3n para las cooperativas de cr\u00e9dito comprometidas con servir y empoderar a los consumidores hispanos e inmigrantes. Este hito subraya el compromiso inquebrantable de Patriot con la inclusi\u00f3n y la accesibilidad en la banca.<\/p>\n<p style=\"text-align: left;\">Tambi\u00e9n abrimos un nuevo cajero autom\u00e1tico con servicio desde el autom\u00f3vil en Coffey Avenue, cerca de la antigua sucursal de Letterkenny, que cerr\u00f3 sus puertas despu\u00e9s de 47 a\u00f1os de servicio a los miembros. Y lanzamos un programa de recompensas para tarjetas de d\u00e9bito para consumidores llamado &quot;Patriot Perks&quot; para brindarle un mayor valor.<\/p>\n<p style=\"text-align: left;\">A medida que nos preparamos para el 2025, fortalecimos nuestro equipo de liderazgo en la segunda mitad del a\u00f1o con la incorporaci\u00f3n de dos personas con experiencia: Mark McCoy, director de ingresos, y Joe Lombardi, director de informaci\u00f3n. Ambos aportan excelentes conocimientos y una amplia experiencia en el movimiento de cooperativas de cr\u00e9dito y la industria de servicios financieros.<\/p>\n<p style=\"text-align: left;\">El pr\u00f3ximo a\u00f1o estar\u00e1 lleno de mejoras planificadas para nuestra banca en l\u00ednea y m\u00f3vil, incluidas nuevas funciones de seguridad, opciones de pago mejoradas, actualizaciones a nuestro sistema telef\u00f3nico y la incorporaci\u00f3n de dos nuevas sucursales: la primera en el condado de Berkeley, Virginia Occidental, al norte de Martinsburg cerca de Spring Mills, seguida de una en Greencastle al lado de Weis Markets en Antrim Way.<\/p>\n<p style=\"text-align: left;\">Mientras nos esforzamos por ofrecer y mejorar los servicios que los miembros utilizan regularmente, en particular para autoservicio y conveniencia de los miembros, tambi\u00e9n buscaremos equilibrar el valor para nuestros miembros eliminando servicios y canales cuyo tiempo puede haber llegado y desaparecido, y que solo se utilizan escasamente.<\/p>\n<p style=\"text-align: left;\">Estamos muy entusiasmados con lo que nos depara el nuevo a\u00f1o. Nuestro objetivo sigue siendo hacer que la participaci\u00f3n de los miembros sea f\u00e1cil y c\u00f3moda, construir relaciones duraderas y mejorar la experiencia de los miembros.<i><span style=\"font-weight: normal !msorm;\">econ\u00f3mico <\/span><\/i><i><em><span style=\"font-weight: normal !msorm;\">bienestar y calidad de vida de nuestras comunidades enriqueciendo y empoderando vidas<\/span><\/em><\/i><i><em><span style=\"font-weight: normal !msorm;\"> como nosotros<\/span><\/em><\/i> Cumplir nuestra misi\u00f3n de <span style=\"font-style: normal !msorm;\"><em>Gente ayudando a gente<\/em><\/span>Quiero agradecerle por su continua membres\u00eda y apoyo a su cooperativa de cr\u00e9dito durante todo el tiempo que lo ha hecho... ya sea durante los \u00faltimos d\u00edas, 60 a\u00f1os y todos los a\u00f1os que van desde entonces. Apreciamos que nos permita ser parte de su recorrido financiero y tener un impacto positivo en su vida.<\/p>\n<p style=\"text-align: left;\">\n<p style=\"text-align: left;\">Ron Celaschi<\/p>\n<p style=\"text-align: left;\">Director ejecutivo \u2013 Cooperativa de cr\u00e9dito federal Patriot<\/p>\n<\/div>\t\t\t\t<\/div>\n\t\t\t\t\t\t\t<\/div>\n\t\t\t\t<\/div>\n\n\t<\/div>\n<\/div>","protected":false},"excerpt":{"rendered":"","protected":false},"author":11,"featured_media":0,"parent":0,"menu_order":0,"comment_status":"closed","ping_status":"closed","template":"","meta":{"_acf_changed":true,"_searchwp_excluded":"","footnotes":""},"class_list":["post-5406","page","type-page","status-publish","hentry"],"acf":[],"yoast_head":"<!-- This site is optimized with the Yoast SEO plugin v27.2 - https:\/\/yoast.com\/product\/yoast-seo-wordpress\/ -->\n<title>CEO Message - January 2025 - Patriot Federal Credit Union<\/title>\n<meta name=\"robots\" content=\"index, follow, max-snippet:-1, max-image-preview:large, max-video-preview:-1\" \/>\n<link rel=\"canonical\" href=\"https:\/\/www.patriotfcu.org\/es\/mensaje-del-director-ejecutivo-de-enero-de-2025\/\" \/>\n<meta property=\"og:locale\" content=\"es_ES\" \/>\n<meta property=\"og:type\" content=\"article\" \/>\n<meta property=\"og:title\" content=\"CEO Message - January 2025 - Patriot Federal Credit Union\" \/>\n<meta property=\"og:url\" content=\"https:\/\/www.patriotfcu.org\/es\/mensaje-del-director-ejecutivo-de-enero-de-2025\/\" \/>\n<meta property=\"og:site_name\" content=\"Patriot Federal Credit Union\" \/>\n<meta property=\"article:modified_time\" content=\"2024-12-19T19:12:07+00:00\" \/>\n<meta name=\"twitter:card\" content=\"summary_large_image\" \/>\n<script type=\"application\/ld+json\" class=\"yoast-schema-graph\">{\"@context\":\"https:\/\/schema.org\",\"@graph\":[{\"@type\":\"WebPage\",\"@id\":\"https:\/\/www.patriotfcu.org\/ceo-message-january-2025\/\",\"url\":\"https:\/\/www.patriotfcu.org\/ceo-message-january-2025\/\",\"name\":\"CEO Message - January 2025 - Patriot Federal Credit Union\",\"isPartOf\":{\"@id\":\"https:\/\/www.patriotfcu.org\/#website\"},\"datePublished\":\"2024-12-19T19:12:05+00:00\",\"dateModified\":\"2024-12-19T19:12:07+00:00\",\"breadcrumb\":{\"@id\":\"https:\/\/www.patriotfcu.org\/ceo-message-january-2025\/#breadcrumb\"},\"inLanguage\":\"es-ES\",\"potentialAction\":[{\"@type\":\"ReadAction\",\"target\":[\"https:\/\/www.patriotfcu.org\/ceo-message-january-2025\/\"]}]},{\"@type\":\"BreadcrumbList\",\"@id\":\"https:\/\/www.patriotfcu.org\/ceo-message-january-2025\/#breadcrumb\",\"itemListElement\":[{\"@type\":\"ListItem\",\"position\":1,\"name\":\"Home\",\"item\":\"https:\/\/www.patriotfcu.org\/\"},{\"@type\":\"ListItem\",\"position\":2,\"name\":\"CEO Message &#8211; January 2025\"}]},{\"@type\":\"WebSite\",\"@id\":\"https:\/\/www.patriotfcu.org\/#website\",\"url\":\"https:\/\/www.patriotfcu.org\/\",\"name\":\"Patriot Federal Credit Union\",\"description\":\"Financial Services That Meet Your Need\",\"potentialAction\":[{\"@type\":\"SearchAction\",\"target\":{\"@type\":\"EntryPoint\",\"urlTemplate\":\"https:\/\/www.patriotfcu.org\/?s={search_term_string}\"},\"query-input\":{\"@type\":\"PropertyValueSpecification\",\"valueRequired\":true,\"valueName\":\"search_term_string\"}}],\"inLanguage\":\"es-ES\"}]}<\/script>\n<!-- \/ Yoast SEO plugin. -->","yoast_head_json":{"title":"Mensaje del director ejecutivo: enero de 2025 - Patriot Federal Credit Union","robots":{"index":"index","follow":"follow","max-snippet":"max-snippet:-1","max-image-preview":"max-image-preview:large","max-video-preview":"max-video-preview:-1"},"canonical":"https:\/\/www.patriotfcu.org\/es\/mensaje-del-director-ejecutivo-de-enero-de-2025\/","og_locale":"es_ES","og_type":"article","og_title":"CEO Message - January 2025 - Patriot Federal Credit Union","og_url":"https:\/\/www.patriotfcu.org\/es\/mensaje-del-director-ejecutivo-de-enero-de-2025\/","og_site_name":"Patriot Federal Credit Union","article_modified_time":"2024-12-19T19:12:07+00:00","twitter_card":"summary_large_image","schema":{"@context":"https:\/\/schema.org","@graph":[{"@type":"WebPage","@id":"https:\/\/www.patriotfcu.org\/ceo-message-january-2025\/","url":"https:\/\/www.patriotfcu.org\/ceo-message-january-2025\/","name":"Mensaje del director ejecutivo: enero de 2025 - Patriot Federal Credit Union","isPartOf":{"@id":"https:\/\/www.patriotfcu.org\/#website"},"datePublished":"2024-12-19T19:12:05+00:00","dateModified":"2024-12-19T19:12:07+00:00","breadcrumb":{"@id":"https:\/\/www.patriotfcu.org\/ceo-message-january-2025\/#breadcrumb"},"inLanguage":"es-ES","potentialAction":[{"@type":"ReadAction","target":["https:\/\/www.patriotfcu.org\/ceo-message-january-2025\/"]}]},{"@type":"BreadcrumbList","@id":"https:\/\/www.patriotfcu.org\/ceo-message-january-2025\/#breadcrumb","itemListElement":[{"@type":"ListItem","position":1,"name":"Home","item":"https:\/\/www.patriotfcu.org\/"},{"@type":"ListItem","position":2,"name":"CEO Message &#8211; January 2025"}]},{"@type":"WebSite","@id":"https:\/\/www.patriotfcu.org\/#website","url":"https:\/\/www.patriotfcu.org\/","name":"Patriot Federal Credit Union","description":"Servicios financieros que satisfacen sus necesidades","potentialAction":[{"@type":"SearchAction","target":{"@type":"EntryPoint","urlTemplate":"https:\/\/www.patriotfcu.org\/?s={search_term_string}"},"query-input":{"@type":"PropertyValueSpecification","valueRequired":true,"valueName":"search_term_string"}}],"inLanguage":"es-ES"}]}},"_links":{"self":[{"href":"https:\/\/www.patriotfcu.org\/es\/wp-json\/wp\/v2\/pages\/5406","targetHints":{"allow":["GET"]}}],"collection":[{"href":"https:\/\/www.patriotfcu.org\/es\/wp-json\/wp\/v2\/pages"}],"about":[{"href":"https:\/\/www.patriotfcu.org\/es\/wp-json\/wp\/v2\/types\/page"}],"author":[{"embeddable":true,"href":"https:\/\/www.patriotfcu.org\/es\/wp-json\/wp\/v2\/users\/11"}],"replies":[{"embeddable":true,"href":"https:\/\/www.patriotfcu.org\/es\/wp-json\/wp\/v2\/comments?post=5406"}],"version-history":[{"count":0,"href":"https:\/\/www.patriotfcu.org\/es\/wp-json\/wp\/v2\/pages\/5406\/revisions"}],"wp:attachment":[{"href":"https:\/\/www.patriotfcu.org\/es\/wp-json\/wp\/v2\/media?parent=5406"}],"curies":[{"name":"Gracias","href":"https:\/\/api.w.org\/{rel}","templated":true}]}}