{"id":5649,"date":"2025-03-24T11:52:37","date_gmt":"2025-03-24T15:52:37","guid":{"rendered":"https:\/\/www.patriotfcu.org\/?page_id=5649"},"modified":"2025-03-24T11:52:40","modified_gmt":"2025-03-24T15:52:40","slug":"mensaje-del-ceo-de-abril-de-2025","status":"publish","type":"page","link":"https:\/\/www.patriotfcu.org\/es\/ceo-message-april-2025\/","title":{"rendered":"Mensaje del CEO \u2013 Abril de 2025"},"content":{"rendered":"<div class=\"co-flex_row co-flex_row__light co-flex_row__simple-hero\" >\n\t<div class=\"co-flex_row--row co-row\">\n\t\t\t<header class=\"co-simple_hero light\" aria-label=\"Encabezado: Mensaje del CEO - Abril de 2025\">\n\t\t<div class=\"co-simple_hero--inner\">\n\t\t\t<div>\n\t\t\t\t<div class=\"co-simple_hero--text pcol-lg:7\">\n\t\t\t\t\t<h1 class=\"co-simple_hero--title\">\n\t\t\t\t\t\tMensaje del CEO \u2013 Abril de 2025\t\t\t\t\t<\/h1>\n\t\t\t\t<\/div>\n\t\t\t<\/div>\n\t\t<\/div>\n\t<\/header>\n\n\t<\/div>\n<\/div>\n\n\n<div class=\"co-flex_row co-flex_row__white co-flex_row__last co-flex_row__long-form-text\" >\n\t<div class=\"co-flex_row--row co-row\">\n\t\t\t<div class=\"co-long_form\">\n\t\t\t\t\t<div class=\"co-long_form--block co-long_form--block__nomedia prow items-start justify-center\">\n\t\t\t\t<div class=\"co-long_form--text pcol-md:12\">\n\t\t\t\t\t<div class=\"co-long_form--content\"><p style=\"text-align: left;\">Hace apenas dos meses, el pronosticador meteorol\u00f3gico y de estaciones m\u00e1s famoso de Pensilvania emergi\u00f3 de su madriguera y vio su sombra pronosticando seis semanas m\u00e1s de invierno. Seg\u00fan los verificadores de datos, no suele ser muy preciso en esta tradici\u00f3n, pues predice correctamente el cambio de estaci\u00f3n entre el 35 y el 401% de las veces. No creo ser el \u00fanico que espera que Phil se haya equivocado una vez m\u00e1s y que la primavera est\u00e9 realmente en camino.<\/p>\n<p style=\"text-align: left;\">En el corto tiempo transcurrido desde el revuelo en Punxsutawney, nuestros equipos han estado muy ocupados con el objetivo y la visi\u00f3n de empoderar vidas y enriquecer el bienestar econ\u00f3mico de nuestras comunidades. Para mejorar la experiencia de nuestros miembros, estamos trabajando para que sea m\u00e1s conveniente y f\u00e1cil de usar. Por ejemplo, en enero iniciamos la construcci\u00f3n de dos nuevas sucursales Patriot de servicio completo: una en Williamsport Pike, cerca de la escuela secundaria Spring Mills en Martinsburg, Virginia Occidental, y otra en Antrim Way en Greencastle, Pensilvania. Esperamos que ambas sucursales abran sus puertas a finales del verano o principios del oto\u00f1o si todo marcha seg\u00fan lo previsto.<\/p>\n<p style=\"text-align: left;\">El mes pasado, nos asociamos con un nuevo socio de gesti\u00f3n patrimonial: Ameriprise Financial Services. Durante los \u00faltimos meses, los clientes de Patriot Financial Services, que ahora se llama Patriot Investment Services, han estado recibiendo comunicaciones sobre el cambio. Ameriprise nos proporciona un equipo de soporte m\u00e1s s\u00f3lido y recursos para que nuestros asesores financieros, Alex y Eric, puedan atenderle. Si lo necesita, programe una cita para presentarse y reunirse con ellos para ver qu\u00e9 pueden ofrecerle.<\/p>\n<p style=\"text-align: left;\">Eso no es todo en lo que nuestros equipos est\u00e1n trabajando para brindarle un mejor servicio. En los pr\u00f3ximos meses, implementaremos un nuevo sistema telef\u00f3nico con funciones mejoradas, renovaremos nuestro canal de Pago de Facturas en L\u00ednea, comenzaremos a reemplazar los cajeros autom\u00e1ticos por modelos m\u00e1s nuevos con acceso sin tarjeta y actualizaremos nuestra plataforma de banca en l\u00ednea y m\u00f3vil con mejoras adicionales. A medida que implementamos y ampliamos los servicios que nuestros miembros utilizan habitualmente, tambi\u00e9n consideramos prudente considerar la posibilidad de eliminar servicios y canales costosos de operar, con un uso m\u00e1s limitado y que ya no ofrecen el mismo valor que antes.<\/p>\n<p style=\"text-align: left;\">Un par de ejemplos de esto son la separaci\u00f3n de la red de cajeros autom\u00e1ticos sin recargo de Allpoint y la eliminaci\u00f3n de los cajeros autom\u00e1ticos con poco uso en el Hospital y Centro M\u00e9dico Meritus. Estos cambios se implementaron a medida que los h\u00e1bitos de consumo y la tecnolog\u00eda evolucionan. Los dos cajeros autom\u00e1ticos ubicados en el campus de Meritus ten\u00edan muy poca utilizaci\u00f3n y eran anteriores a nuestro cajero autom\u00e1tico de autoservicio de la Oficina Robinwood, que ofrece mayor accesibilidad para la mayor\u00eda de los socios y se encuentra justo enfrente.<\/p>\n<p style=\"text-align: left;\">En el caso de Allpoint, muchas tiendas de conveniencia locales ofrecen acceso a cajeros autom\u00e1ticos sin recargos, como Wawa, Royal Farms, Rutter&#039;s y Sheetz. En un mes t\u00edpico, nuestros miembros acceden a estos establecimientos m\u00e1s de 15,000 veces, en comparaci\u00f3n con un n\u00famero muy reducido a trav\u00e9s de la red Allpoint, que tiene un costo elevado. Adem\u00e1s del acceso gratuito en estas tiendas, los miembros pueden obtener reembolsos en efectivo en la mayor\u00eda de los comercios al usar su tarjeta de d\u00e9bito Patriot. Hablando de nuestra tarjeta de d\u00e9bito, los miembros han respondido positivamente al lanzamiento de Patriot Perks, donde pueden ganar puntos con sus compras diarias. Los puntos obtenidos a trav\u00e9s de Patriot Perks se pueden canjear por tarjetas de regalo: otra forma en que Patriot agrega valor y permite a los miembros ganar m\u00e1s.<\/p>\n<p style=\"text-align: left;\">Entendemos que el cambio a menudo puede ser dif\u00edcil, ya que nos desconecta de h\u00e1bitos y rutinas, algunos de los cuales hemos mantenido durante a\u00f1os. El cambio es algo que muchas personas en nuestra gran naci\u00f3n est\u00e1n enfrentando bajo la nueva administraci\u00f3n en Washington, D.C., y en nuestras vidas financieras personales, con la persistente inflaci\u00f3n y el aumento constante en los costos de los pr\u00e9stamos. A medida que cambian los h\u00e1bitos y las tendencias de consumo en nuestro sector, Patriot se enorgullece de ser lo suficientemente \u00e1gil para adaptarnos a los nuevos tiempos e invertir en nuestro futuro, un futuro enfocado en brindar mayor valor a nuestros miembros y a las comunidades a las que servimos.<\/p>\n<p style=\"text-align: left;\">El cambio en el Capitolio ha sido vertiginoso desde finales de enero. La mayor\u00eda de nosotros nos veremos afectados de alguna manera, ya que repercutir\u00e1 en toda nuestra econom\u00eda. Hay opiniones diversas sobre lo que ocurrir\u00e1 con las tasas de inter\u00e9s, pero la Reserva Federal planea mantener el rumbo para moderar la inflaci\u00f3n, evitar una recesi\u00f3n y un aterrizaje suave.<\/p>\n<p style=\"text-align: left;\">En medio de la incertidumbre y la volatilidad del panorama pol\u00edtico, nuestro objetivo se mantiene firme en estar a su disposici\u00f3n cuando necesite servicios y soluciones financieras, tanto en los buenos como en los dif\u00edciles momentos. Algunos de los cambios que implementamos pueden alterar sus h\u00e1bitos y patrones diarios, pero todas nuestras decisiones se basan en el inter\u00e9s de la administraci\u00f3n y en hacer lo correcto para los 80,000 miembros a quienes tenemos la fortuna de servir.<\/p>\n<p style=\"text-align: left;\">\u00a0Patriot no puede ser todo para todas las personas, pero nos esforzamos por brindar valor y ofrecer opciones financieras para satisfacer las necesidades de personas, familias, empresas y organizaciones en todo nuestro campo de membres\u00eda.<\/p>\n<p style=\"text-align: left;\">Para terminar, quiero agradecer al personal que conforma el Equipo Patriot, a nuestros miembros y a la comunidad. Gracias por permitirnos servirles y ganarnos su confianza. Tambi\u00e9n agradecemos su paciencia y comprensi\u00f3n mientras implementamos mejoras y cambios para satisfacer mejor sus necesidades ahora y en el futuro. Y por favor, comparta sus comentarios con nosotros. Si no cumplimos con sus expectativas de servicio, le pediremos la oportunidad de abordar el problema y corregirlo. Asimismo, si superamos sus expectativas, comparta su experiencia con Patriot.<\/p>\n<p style=\"text-align: left;\">\n<p style=\"text-align: left;\">Atentamente,<\/p>\n<p style=\"text-align: left;\">Ron Celaschi<\/p>\n<p style=\"text-align: left;\">Director ejecutivo \u2013 Cooperativa de cr\u00e9dito federal Patriot<\/p>\n<\/div>\t\t\t\t<\/div>\n\t\t\t\t\t\t\t<\/div>\n\t\t\t\t<\/div>\n\n\t<\/div>\n<\/div>","protected":false},"excerpt":{"rendered":"","protected":false},"author":11,"featured_media":0,"parent":0,"menu_order":0,"comment_status":"closed","ping_status":"closed","template":"","meta":{"_acf_changed":true,"_searchwp_excluded":"","footnotes":""},"class_list":["post-5649","page","type-page","status-publish","hentry"],"acf":[],"yoast_head":"<!-- This site is optimized with the Yoast SEO plugin v27.5 - https:\/\/yoast.com\/product\/yoast-seo-wordpress\/ -->\n<title>CEO Message - April 2025 - Patriot Federal Credit Union<\/title>\n<meta name=\"robots\" content=\"index, follow, max-snippet:-1, max-image-preview:large, max-video-preview:-1\" \/>\n<link rel=\"canonical\" href=\"https:\/\/www.patriotfcu.org\/es\/mensaje-del-ceo-de-abril-de-2025\/\" \/>\n<meta property=\"og:locale\" content=\"es_ES\" \/>\n<meta property=\"og:type\" content=\"article\" \/>\n<meta property=\"og:title\" content=\"CEO Message - April 2025 - Patriot Federal Credit Union\" \/>\n<meta property=\"og:url\" content=\"https:\/\/www.patriotfcu.org\/es\/mensaje-del-ceo-de-abril-de-2025\/\" \/>\n<meta property=\"og:site_name\" content=\"Patriot Federal Credit Union\" \/>\n<meta property=\"article:modified_time\" content=\"2025-03-24T15:52:40+00:00\" \/>\n<meta name=\"twitter:card\" content=\"summary_large_image\" \/>\n<script type=\"application\/ld+json\" class=\"yoast-schema-graph\">{\"@context\":\"https:\\\/\\\/schema.org\",\"@graph\":[{\"@type\":\"WebPage\",\"@id\":\"https:\\\/\\\/www.patriotfcu.org\\\/ceo-message-april-2025\\\/\",\"url\":\"https:\\\/\\\/www.patriotfcu.org\\\/ceo-message-april-2025\\\/\",\"name\":\"CEO Message - April 2025 - Patriot Federal Credit Union\",\"isPartOf\":{\"@id\":\"https:\\\/\\\/www.patriotfcu.org\\\/#website\"},\"datePublished\":\"2025-03-24T15:52:37+00:00\",\"dateModified\":\"2025-03-24T15:52:40+00:00\",\"breadcrumb\":{\"@id\":\"https:\\\/\\\/www.patriotfcu.org\\\/ceo-message-april-2025\\\/#breadcrumb\"},\"inLanguage\":\"es-ES\",\"potentialAction\":[{\"@type\":\"ReadAction\",\"target\":[\"https:\\\/\\\/www.patriotfcu.org\\\/ceo-message-april-2025\\\/\"]}]},{\"@type\":\"BreadcrumbList\",\"@id\":\"https:\\\/\\\/www.patriotfcu.org\\\/ceo-message-april-2025\\\/#breadcrumb\",\"itemListElement\":[{\"@type\":\"ListItem\",\"position\":1,\"name\":\"Home\",\"item\":\"https:\\\/\\\/www.patriotfcu.org\\\/\"},{\"@type\":\"ListItem\",\"position\":2,\"name\":\"CEO Message &#8211; April 2025\"}]},{\"@type\":\"WebSite\",\"@id\":\"https:\\\/\\\/www.patriotfcu.org\\\/#website\",\"url\":\"https:\\\/\\\/www.patriotfcu.org\\\/\",\"name\":\"Patriot Federal Credit Union\",\"description\":\"Financial Services That Meet Your Need\",\"potentialAction\":[{\"@type\":\"SearchAction\",\"target\":{\"@type\":\"EntryPoint\",\"urlTemplate\":\"https:\\\/\\\/www.patriotfcu.org\\\/?s={search_term_string}\"},\"query-input\":{\"@type\":\"PropertyValueSpecification\",\"valueRequired\":true,\"valueName\":\"search_term_string\"}}],\"inLanguage\":\"es-ES\"}]}<\/script>\n<!-- \/ Yoast SEO plugin. -->","yoast_head_json":{"title":"Mensaje del director ejecutivo - Abril de 2025 - Patriot Federal Credit Union","robots":{"index":"index","follow":"follow","max-snippet":"max-snippet:-1","max-image-preview":"max-image-preview:large","max-video-preview":"max-video-preview:-1"},"canonical":"https:\/\/www.patriotfcu.org\/es\/mensaje-del-ceo-de-abril-de-2025\/","og_locale":"es_ES","og_type":"article","og_title":"CEO Message - April 2025 - Patriot Federal Credit Union","og_url":"https:\/\/www.patriotfcu.org\/es\/mensaje-del-ceo-de-abril-de-2025\/","og_site_name":"Patriot Federal Credit Union","article_modified_time":"2025-03-24T15:52:40+00:00","twitter_card":"summary_large_image","schema":{"@context":"https:\/\/schema.org","@graph":[{"@type":"WebPage","@id":"https:\/\/www.patriotfcu.org\/ceo-message-april-2025\/","url":"https:\/\/www.patriotfcu.org\/ceo-message-april-2025\/","name":"Mensaje del director ejecutivo - Abril de 2025 - Patriot Federal Credit Union","isPartOf":{"@id":"https:\/\/www.patriotfcu.org\/#website"},"datePublished":"2025-03-24T15:52:37+00:00","dateModified":"2025-03-24T15:52:40+00:00","breadcrumb":{"@id":"https:\/\/www.patriotfcu.org\/ceo-message-april-2025\/#breadcrumb"},"inLanguage":"es-ES","potentialAction":[{"@type":"ReadAction","target":["https:\/\/www.patriotfcu.org\/ceo-message-april-2025\/"]}]},{"@type":"BreadcrumbList","@id":"https:\/\/www.patriotfcu.org\/ceo-message-april-2025\/#breadcrumb","itemListElement":[{"@type":"ListItem","position":1,"name":"Home","item":"https:\/\/www.patriotfcu.org\/"},{"@type":"ListItem","position":2,"name":"CEO Message &#8211; April 2025"}]},{"@type":"WebSite","@id":"https:\/\/www.patriotfcu.org\/#website","url":"https:\/\/www.patriotfcu.org\/","name":"Patriot Federal Credit Union","description":"Servicios financieros que satisfacen sus necesidades","potentialAction":[{"@type":"SearchAction","target":{"@type":"EntryPoint","urlTemplate":"https:\/\/www.patriotfcu.org\/?s={search_term_string}"},"query-input":{"@type":"PropertyValueSpecification","valueRequired":true,"valueName":"search_term_string"}}],"inLanguage":"es-ES"}]}},"_links":{"self":[{"href":"https:\/\/www.patriotfcu.org\/es\/wp-json\/wp\/v2\/pages\/5649","targetHints":{"allow":["GET"]}}],"collection":[{"href":"https:\/\/www.patriotfcu.org\/es\/wp-json\/wp\/v2\/pages"}],"about":[{"href":"https:\/\/www.patriotfcu.org\/es\/wp-json\/wp\/v2\/types\/page"}],"author":[{"embeddable":true,"href":"https:\/\/www.patriotfcu.org\/es\/wp-json\/wp\/v2\/users\/11"}],"replies":[{"embeddable":true,"href":"https:\/\/www.patriotfcu.org\/es\/wp-json\/wp\/v2\/comments?post=5649"}],"version-history":[{"count":0,"href":"https:\/\/www.patriotfcu.org\/es\/wp-json\/wp\/v2\/pages\/5649\/revisions"}],"wp:attachment":[{"href":"https:\/\/www.patriotfcu.org\/es\/wp-json\/wp\/v2\/media?parent=5649"}],"curies":[{"name":"Gracias","href":"https:\/\/api.w.org\/{rel}","templated":true}]}}