{"id":6476,"date":"2025-12-22T13:39:58","date_gmt":"2025-12-22T18:39:58","guid":{"rendered":"https:\/\/www.patriotfcu.org\/?page_id=6476"},"modified":"2025-12-22T13:51:36","modified_gmt":"2025-12-22T18:51:36","slug":"mensaje-del-ceo-de-octubre-de-2024","status":"publish","type":"page","link":"https:\/\/www.patriotfcu.org\/es\/mensaje-del-ceo-de-octubre-de-2024\/","title":{"rendered":"Mensaje del CEO \u2013 Enero de 2026"},"content":{"rendered":"<div class=\"co-flex_row co-flex_row__light co-flex_row__simple-hero\" >\n\t<div class=\"co-flex_row--row co-row\">\n\t\t\t<header class=\"co-simple_hero light\" aria-label=\"Encabezado: Mensaje del CEO - Enero de 2026\">\n\t\t<div class=\"co-simple_hero--inner\">\n\t\t\t<div>\n\t\t\t\t<div class=\"co-simple_hero--text pcol-lg:7\">\n\t\t\t\t\t<h1 class=\"co-simple_hero--title\">\n\t\t\t\t\t\tMensaje del CEO \u2013 Enero de 2026\t\t\t\t\t<\/h1>\n\t\t\t\t<\/div>\n\t\t\t<\/div>\n\t\t<\/div>\n\t<\/header>\n\n\t<\/div>\n<\/div>\n\n\n<div class=\"co-flex_row co-flex_row__white co-flex_row__last co-flex_row__long-form-text\" >\n\t<div class=\"co-flex_row--row co-row\">\n\t\t\t<div class=\"co-long_form\">\n\t\t\t\t\t<div class=\"co-long_form--block co-long_form--block__nomedia prow items-start justify-center\">\n\t\t\t\t<div class=\"co-long_form--text pcol-md:12\">\n\t\t\t\t\t<h2 class=\"co-long_form--headline\" >\u00a1Feliz a\u00f1o nuevo!<\/h2><div class=\"co-long_form--content\"><p style=\"text-align: left;\">Al entrar en nuestro 61<sup>st<\/sup> Tras un a\u00f1o de servicio, estamos sumamente agradecidos por las oportunidades de servir a nuestros miembros y comunidades mientras continuamos mejorando nuestros servicios y expandi\u00e9ndonos f\u00edsicamente a nuevas \u00e1reas de mercado. M\u00e1s importante a\u00fan, he destacado algunas pruebas tangibles del impacto que hemos tenido en nuestras comunidades y miembros mientras nos esforzamos por cumplir nuestra visi\u00f3n de &quot;Empoderar Vidas y enriquecer el bienestar financiero de nuestras comunidades&quot;.<\/p>\n<ul style=\"text-align: left;\">\n<li>$300k en donaciones y apoyo comunitario a m\u00e1s de 185 organizaciones locales<\/li>\n<li>4.875 horas de voluntariado comunitario<\/li>\n<li>M\u00e1s de $23 millones en dividendos distribuidos a los miembros<\/li>\n<\/ul>\n<p style=\"text-align: left;\">Desde la perspectiva del rendimiento financiero, 2025 fue un a\u00f1o fant\u00e1stico en todos los sentidos. Los activos crecieron en m\u00e1s de 91 TP3T, superando la marca de 1.300 millones de TP4T; los dep\u00f3sitos de los miembros aumentaron en m\u00e1s de 100 millones de TP4T (101 TP3T), mientras que los pr\u00e9stamos crecieron aproximadamente 71 TP3T, incluso ante el continuo aumento de las tasas de inter\u00e9s y la incertidumbre econ\u00f3mica general. Es importante destacar que estas tasas de crecimiento son el resultado de la confianza que ustedes, nuestros miembros, depositan en Patriot; confianza que estamos muy agradecidos de haber establecido.<\/p>\n<p style=\"text-align: left;\">Adem\u00e1s del desempe\u00f1o financiero, Patriot obtuvo muchos logros de gran impacto en 2025, entre los que destaca la apertura de dos nuevas sucursales en septiembre (Spring Mills, Virginia Occidental) y octubre (Greencastle, Pensilvania). En un momento en que otras instituciones financieras cierran sucursales y abandonan comunidades, Patriot crece, se expande y atiende las necesidades de quienes m\u00e1s lo necesitan. \u00a1Qu\u00e9 momento de orgullo para todos! Tambi\u00e9n implementamos un nuevo sistema telef\u00f3nico y un sistema de gesti\u00f3n de documentos para optimizar la eficiencia y empoderar a nuestros empleados para atender mejor las necesidades de USTEDES, nuestros valiosos miembros. Adem\u00e1s, redise\u00f1amos nuestra red de cajeros autom\u00e1ticos para garantizar que atendemos adecuadamente las necesidades de nuestros miembros y comunidades.<\/p>\n<p style=\"text-align: left;\">En cuanto al pron\u00f3stico econ\u00f3mico para 2026, seguimos de cerca las medidas pol\u00edticas del Comit\u00e9 de Mercado Abierto (FOMC) de la Reserva Federal. El comit\u00e9 se mostr\u00f3 bastante activo en 2025, y anticipamos un enfoque similar y mesurado a medida que intenta equilibrar su doble mandato de m\u00e1ximo empleo y precios estables (inflaci\u00f3n). Se han logrado algunos avances hasta la fecha, pero tanto los precios como las tasas de inter\u00e9s se mantienen altas, lo que ejerce una presi\u00f3n adicional sobre los presupuestos de los consumidores. Es probable que la era de las hipotecas inferiores a 4% haya quedado atr\u00e1s, y a\u00fan est\u00e1 por verse c\u00f3mo se convertir\u00e1 la &quot;nueva normalidad&quot;. Dado que la inflaci\u00f3n sigue siendo una preocupaci\u00f3n, el comit\u00e9 (y los consumidores) tienen mucho trabajo por delante, y ser\u00e1 interesante ver qu\u00e9 fuerzas externas impactan las pol\u00edticas en 2026. En cualquier caso, Patriot est\u00e1 aqu\u00ed para ayudar a nuestros miembros a capear cualquier tormenta y, como siempre, para servirles en el mejor inter\u00e9s.<\/p>\n<p style=\"text-align: left;\">Hablando de 2026, ser\u00e1 otro a\u00f1o emocionante para Patriot y para ustedes, nuestros valiosos miembros. A principios de a\u00f1o, esperamos iniciar la construcci\u00f3n de nuestra pr\u00f3xima sucursal en Butler&#039;s Crossing en Inwood, Virginia Occidental. Esta ser\u00e1 nuestra segunda (de varias) sucursales en la regi\u00f3n del Panhandle Oriental, donde creemos que Patriot puede atender las necesidades de estas comunidades y aportar el valor (y los valores) de Patriot. Tambi\u00e9n mejoraremos nuestra experiencia digital, actualizando nuestra oferta de pago de facturas a principios de 2026, implementando un Portal de Pagos para facilitar los pagos y optimizando las funciones de nuestra Banca en L\u00ednea\/Aplicaci\u00f3n M\u00f3vil hacia mediados de a\u00f1o. Invertir en sucursales y tecnolog\u00eda garantiza que Patriot siga siendo relevante para todas las generaciones y refuerza nuestro compromiso de brindar servicios y experiencias de la m\u00e1s alta calidad. Tambi\u00e9n nos hemos asociado con Ameriprise para ofrecer servicios de inversi\u00f3n y gesti\u00f3n patrimonial a trav\u00e9s de Patriot Investment Services y nos complace ofrecer estos servicios como parte de la experiencia Patriot. Adem\u00e1s, hemos redise\u00f1ado nuestro departamento de hipotecas para ofrecer productos y servicios de alta calidad, pero a\u00fan m\u00e1s importante, un asesoramiento s\u00f3lido para los compradores de vivienda actuales y futuros.<\/p>\n<p style=\"text-align: left;\">Finalmente, mientras la competencia va y viene, ofreciendo productos estandarizados, Patriot se mantiene fuerte y, si bien nos centramos en ofrecer productos y servicios que satisfagan sus necesidades, tambi\u00e9n mantenemos nuestro compromiso con nuestra visi\u00f3n y prop\u00f3sito de &quot;Empoderar vidas y enriquecer el bienestar econ\u00f3mico de nuestras comunidades&quot;. En pocas palabras, significa que somos m\u00e1s que una simple instituci\u00f3n financiera, un verdadero socio que se preocupa no solo por sus finanzas, sino tambi\u00e9n por su bienestar general. En nombre de nuestra Junta Directiva, nuestro personal y nuestros 230 incre\u00edbles compa\u00f1eros, me siento agradecido y honrado de servir a unos 80,000 miembros cada d\u00eda y espero un futuro brillante, \u00a1juntos!<\/p>\n<p style=\"text-align: left;\">Ron Celaschi<\/p>\n<p style=\"text-align: left;\">Director ejecutivo \u2013 Cooperativa de cr\u00e9dito federal Patriot<\/p>\n<\/div>\t\t\t\t<\/div>\n\t\t\t\t\t\t\t<\/div>\n\t\t\t\t<\/div>\n\n\t<\/div>\n<\/div>","protected":false},"excerpt":{"rendered":"","protected":false},"author":19,"featured_media":0,"parent":0,"menu_order":0,"comment_status":"closed","ping_status":"closed","template":"","meta":{"_acf_changed":false,"_searchwp_excluded":"","footnotes":""},"class_list":["post-6476","page","type-page","status-publish","hentry"],"acf":[],"yoast_head":"<!-- This site is optimized with the Yoast SEO plugin v27.2 - https:\/\/yoast.com\/product\/yoast-seo-wordpress\/ -->\n<title>CEO Message - January 2026 - Patriot Federal Credit Union<\/title>\n<meta name=\"robots\" content=\"index, follow, max-snippet:-1, max-image-preview:large, max-video-preview:-1\" \/>\n<link rel=\"canonical\" href=\"https:\/\/www.patriotfcu.org\/es\/mensaje-del-ceo-de-octubre-de-2024\/\" \/>\n<meta property=\"og:locale\" content=\"es_ES\" \/>\n<meta property=\"og:type\" content=\"article\" \/>\n<meta property=\"og:title\" content=\"CEO Message - January 2026 - Patriot Federal Credit Union\" \/>\n<meta property=\"og:url\" content=\"https:\/\/www.patriotfcu.org\/es\/mensaje-del-ceo-de-octubre-de-2024\/\" \/>\n<meta property=\"og:site_name\" content=\"Patriot Federal Credit Union\" \/>\n<meta property=\"article:modified_time\" content=\"2025-12-22T18:51:36+00:00\" \/>\n<meta name=\"twitter:card\" content=\"summary_large_image\" \/>\n<script type=\"application\/ld+json\" class=\"yoast-schema-graph\">{\"@context\":\"https:\/\/schema.org\",\"@graph\":[{\"@type\":\"WebPage\",\"@id\":\"https:\/\/www.patriotfcu.org\/ceo-message-october-2024-2\/\",\"url\":\"https:\/\/www.patriotfcu.org\/ceo-message-october-2024-2\/\",\"name\":\"CEO Message - January 2026 - Patriot Federal Credit Union\",\"isPartOf\":{\"@id\":\"https:\/\/www.patriotfcu.org\/#website\"},\"datePublished\":\"2025-12-22T18:39:58+00:00\",\"dateModified\":\"2025-12-22T18:51:36+00:00\",\"breadcrumb\":{\"@id\":\"https:\/\/www.patriotfcu.org\/ceo-message-october-2024-2\/#breadcrumb\"},\"inLanguage\":\"es-ES\",\"potentialAction\":[{\"@type\":\"ReadAction\",\"target\":[\"https:\/\/www.patriotfcu.org\/ceo-message-october-2024-2\/\"]}]},{\"@type\":\"BreadcrumbList\",\"@id\":\"https:\/\/www.patriotfcu.org\/ceo-message-october-2024-2\/#breadcrumb\",\"itemListElement\":[{\"@type\":\"ListItem\",\"position\":1,\"name\":\"Home\",\"item\":\"https:\/\/www.patriotfcu.org\/\"},{\"@type\":\"ListItem\",\"position\":2,\"name\":\"CEO Message &#8211; January 2026\"}]},{\"@type\":\"WebSite\",\"@id\":\"https:\/\/www.patriotfcu.org\/#website\",\"url\":\"https:\/\/www.patriotfcu.org\/\",\"name\":\"Patriot Federal Credit Union\",\"description\":\"Financial Services That Meet Your Need\",\"potentialAction\":[{\"@type\":\"SearchAction\",\"target\":{\"@type\":\"EntryPoint\",\"urlTemplate\":\"https:\/\/www.patriotfcu.org\/?s={search_term_string}\"},\"query-input\":{\"@type\":\"PropertyValueSpecification\",\"valueRequired\":true,\"valueName\":\"search_term_string\"}}],\"inLanguage\":\"es-ES\"}]}<\/script>\n<!-- \/ Yoast SEO plugin. -->","yoast_head_json":{"title":"Mensaje del director ejecutivo - Enero de 2026 - Patriot Federal Credit Union","robots":{"index":"index","follow":"follow","max-snippet":"max-snippet:-1","max-image-preview":"max-image-preview:large","max-video-preview":"max-video-preview:-1"},"canonical":"https:\/\/www.patriotfcu.org\/es\/mensaje-del-ceo-de-octubre-de-2024\/","og_locale":"es_ES","og_type":"article","og_title":"CEO Message - January 2026 - Patriot Federal Credit Union","og_url":"https:\/\/www.patriotfcu.org\/es\/mensaje-del-ceo-de-octubre-de-2024\/","og_site_name":"Patriot Federal Credit Union","article_modified_time":"2025-12-22T18:51:36+00:00","twitter_card":"summary_large_image","schema":{"@context":"https:\/\/schema.org","@graph":[{"@type":"WebPage","@id":"https:\/\/www.patriotfcu.org\/ceo-message-october-2024-2\/","url":"https:\/\/www.patriotfcu.org\/ceo-message-october-2024-2\/","name":"Mensaje del director ejecutivo - Enero de 2026 - Patriot Federal Credit Union","isPartOf":{"@id":"https:\/\/www.patriotfcu.org\/#website"},"datePublished":"2025-12-22T18:39:58+00:00","dateModified":"2025-12-22T18:51:36+00:00","breadcrumb":{"@id":"https:\/\/www.patriotfcu.org\/ceo-message-october-2024-2\/#breadcrumb"},"inLanguage":"es-ES","potentialAction":[{"@type":"ReadAction","target":["https:\/\/www.patriotfcu.org\/ceo-message-october-2024-2\/"]}]},{"@type":"BreadcrumbList","@id":"https:\/\/www.patriotfcu.org\/ceo-message-october-2024-2\/#breadcrumb","itemListElement":[{"@type":"ListItem","position":1,"name":"Home","item":"https:\/\/www.patriotfcu.org\/"},{"@type":"ListItem","position":2,"name":"CEO Message &#8211; January 2026"}]},{"@type":"WebSite","@id":"https:\/\/www.patriotfcu.org\/#website","url":"https:\/\/www.patriotfcu.org\/","name":"Patriot Federal Credit Union","description":"Servicios financieros que satisfacen sus necesidades","potentialAction":[{"@type":"SearchAction","target":{"@type":"EntryPoint","urlTemplate":"https:\/\/www.patriotfcu.org\/?s={search_term_string}"},"query-input":{"@type":"PropertyValueSpecification","valueRequired":true,"valueName":"search_term_string"}}],"inLanguage":"es-ES"}]}},"_links":{"self":[{"href":"https:\/\/www.patriotfcu.org\/es\/wp-json\/wp\/v2\/pages\/6476","targetHints":{"allow":["GET"]}}],"collection":[{"href":"https:\/\/www.patriotfcu.org\/es\/wp-json\/wp\/v2\/pages"}],"about":[{"href":"https:\/\/www.patriotfcu.org\/es\/wp-json\/wp\/v2\/types\/page"}],"author":[{"embeddable":true,"href":"https:\/\/www.patriotfcu.org\/es\/wp-json\/wp\/v2\/users\/19"}],"replies":[{"embeddable":true,"href":"https:\/\/www.patriotfcu.org\/es\/wp-json\/wp\/v2\/comments?post=6476"}],"version-history":[{"count":7,"href":"https:\/\/www.patriotfcu.org\/es\/wp-json\/wp\/v2\/pages\/6476\/revisions"}],"predecessor-version":[{"id":6485,"href":"https:\/\/www.patriotfcu.org\/es\/wp-json\/wp\/v2\/pages\/6476\/revisions\/6485"}],"wp:attachment":[{"href":"https:\/\/www.patriotfcu.org\/es\/wp-json\/wp\/v2\/media?parent=6476"}],"curies":[{"name":"Gracias","href":"https:\/\/api.w.org\/{rel}","templated":true}]}}